{"id":41589,"date":"2022-03-14T10:02:52","date_gmt":"2022-03-14T10:02:52","guid":{"rendered":"https:\/\/www.headshop.nl\/?post_type=product&#038;p=41589"},"modified":"2025-05-23T09:58:16","modified_gmt":"2025-05-23T09:58:16","slug":"blueberry-prerolled-juicy-jones-cone","status":"publish","type":"product","link":"https:\/\/www.headshop.nl\/pl\/blueberry-prerolled-juicy-jones-cone\/","title":{"rendered":"Blueberry Prerolled Juicy Jones Cone"},"content":{"rendered":"<h2>Juicy Jay's Joint Cones<\/h2>\n<p>Juicy Jay's lub po prostu Juicy to jedna z tych marek bibu\u0142ek, kt\u00f3re albo si\u0119 kocha, albo nienawidzi. Ich kolekcja bibu\u0142ek jest wyj\u0105tkowa ze wzgl\u0119du na fakt, \u017ce wszystkie bibu\u0142ki Juicy maj\u0105 smak i kolorowy design. Maj\u0105 ka\u017cdy smak, jaki mo\u017cna sobie wyobrazi\u0107!<\/p>\n<p>Sprawia to, \u017ce zwijanie joint\u00f3w z u\u017cyciem bibu\u0142ek smakowych jest ekscytuj\u0105cym zaj\u0119ciem, poniewa\u017c wybrana bibu\u0142ka wp\u0142ywa na smak i zapach jointa. Wybierz sw\u00f3j ulubiony smak i pal jointy w dobrym stylu!<\/p>","protected":false},"excerpt":{"rendered":"<p>Joint o smaku jagodowym? Wchodz\u0119 w to! Ten sto\u017cek u\u0142atwia zwini\u0119cie super smacznego bor\u00f3wkowego jointa. Jest wst\u0119pnie zwini\u0119ty, wi\u0119c jedyne co musisz zrobi\u0107, to doda\u0107 troch\u0119 zio\u0142a i zapali\u0107. Tw\u00f3j joint b\u0119dzie nie tylko fajnie wygl\u0105da\u0142, ale tak\u017ce smakowa\u0142 i pachnia\u0142 jak jagody. Smacznego!<\/p>","protected":false},"featured_media":45428,"template":"","meta":[],"product_brand":[],"product_cat":[483,297,809,414,421],"product_tag":[],"class_list":{"0":"post-41589","1":"product","2":"type-product","3":"status-publish","4":"has-post-thumbnail","6":"product_cat-cones","7":"product_cat-all-products","8":"product_cat-flavored-papers","9":"product_cat-headshop","10":"product_cat-rolling-papers","11":"product_shipping_class-creditcard-on","13":"first","14":"instock","15":"taxable","16":"shipping-taxable","17":"purchasable","18":"product-type-variable","19":"has-default-attributes"},"_links":{"self":[{"href":"https:\/\/www.headshop.nl\/pl\/wp-json\/wp\/v2\/product\/41589","targetHints":{"allow":["GET"]}}],"collection":[{"href":"https:\/\/www.headshop.nl\/pl\/wp-json\/wp\/v2\/product"}],"about":[{"href":"https:\/\/www.headshop.nl\/pl\/wp-json\/wp\/v2\/types\/product"}],"wp:featuredmedia":[{"embeddable":true,"href":"https:\/\/www.headshop.nl\/pl\/wp-json\/wp\/v2\/media\/45428"}],"wp:attachment":[{"href":"https:\/\/www.headshop.nl\/pl\/wp-json\/wp\/v2\/media?parent=41589"}],"wp:term":[{"taxonomy":"product_brand","embeddable":true,"href":"https:\/\/www.headshop.nl\/pl\/wp-json\/wp\/v2\/product_brand?post=41589"},{"taxonomy":"product_cat","embeddable":true,"href":"https:\/\/www.headshop.nl\/pl\/wp-json\/wp\/v2\/product_cat?post=41589"},{"taxonomy":"product_tag","embeddable":true,"href":"https:\/\/www.headshop.nl\/pl\/wp-json\/wp\/v2\/product_tag?post=41589"}],"curies":[{"name":"wp","href":"https:\/\/api.w.org\/{rel}","templated":true}]}}