{"id":41582,"date":"2022-03-14T10:02:51","date_gmt":"2022-03-14T10:02:51","guid":{"rendered":"https:\/\/www.headshop.nl\/?post_type=product&#038;p=41582"},"modified":"2025-05-23T09:59:11","modified_gmt":"2025-05-23T09:59:11","slug":"clear-cellulose-king-size-rolling-papers","status":"publish","type":"product","link":"https:\/\/www.headshop.nl\/pl\/clear-cellulose-king-size-rolling-papers\/","title":{"rendered":"Przezroczysta celuloza King Size Rolling Papers"},"content":{"rendered":"<h2>Przezroczysty Rolling Papers<\/h2>\n<p>Czy kiedykolwiek zastanawia\u0142e\u015b si\u0119, czego u\u017cywaj\u0105 do zwijania tych przezroczystych joint\u00f3w? Aby zwin\u0105\u0107 tego seksownego, przezroczystego jointa, potrzebujesz tych bibu\u0142ek! W\u0142a\u015bciwie s\u0142owo \"bibu\u0142ki\" nie jest tu odpowiednie, poniewa\u017c nie s\u0105 one tak naprawd\u0119 wykonane z materia\u0142\u00f3w papierowych. Aby uzyska\u0107 naturalny, przezroczysty materia\u0142 100%, kt\u00f3ry mo\u017cna wykorzysta\u0107 do zwijania przezroczystych joint\u00f3w, u\u017cyto azjatyckiej bawe\u0142ny malwy. Ci, kt\u00f3rzy je lubi\u0105, przysi\u0119gaj\u0105 u\u017cywa\u0107 ich przez ca\u0142e \u017cycie!<\/p>","protected":false},"excerpt":{"rendered":"<p>Przezroczysty joint typu king size? Potrzebujesz tego produktu, je\u015bli chcesz spr\u00f3bowa\u0107! Cho\u0107 w rzeczywisto\u015bci nie s\u0105 to bibu\u0142ki, te przezroczyste owijki celulozowe s\u0105 wykonane z naturalnych i organicznych materia\u0142\u00f3w 100%, dzi\u0119ki czemu nie dodaj\u0105 dodatkowego smaku do twojego jointa. Dzi\u0119ki nim wyra\u017anie zobaczysz, co znajduje si\u0119 wewn\u0105trz twojego jointa i jest to do\u015bwiadczenie, kt\u00f3rego ka\u017cdy palacz powinien spr\u00f3bowa\u0107!<\/p>","protected":false},"featured_media":44937,"template":"","meta":[],"product_brand":[],"product_cat":[421,297,414,446],"product_tag":[],"class_list":{"0":"post-41582","1":"product","2":"type-product","3":"status-publish","4":"has-post-thumbnail","6":"product_cat-rolling-papers","7":"product_cat-all-products","8":"product_cat-headshop","9":"product_cat-papers","10":"product_shipping_class-creditcard-on","12":"first","13":"instock","14":"taxable","15":"shipping-taxable","16":"purchasable","17":"product-type-variable","18":"has-default-attributes"},"_links":{"self":[{"href":"https:\/\/www.headshop.nl\/pl\/wp-json\/wp\/v2\/product\/41582","targetHints":{"allow":["GET"]}}],"collection":[{"href":"https:\/\/www.headshop.nl\/pl\/wp-json\/wp\/v2\/product"}],"about":[{"href":"https:\/\/www.headshop.nl\/pl\/wp-json\/wp\/v2\/types\/product"}],"wp:featuredmedia":[{"embeddable":true,"href":"https:\/\/www.headshop.nl\/pl\/wp-json\/wp\/v2\/media\/44937"}],"wp:attachment":[{"href":"https:\/\/www.headshop.nl\/pl\/wp-json\/wp\/v2\/media?parent=41582"}],"wp:term":[{"taxonomy":"product_brand","embeddable":true,"href":"https:\/\/www.headshop.nl\/pl\/wp-json\/wp\/v2\/product_brand?post=41582"},{"taxonomy":"product_cat","embeddable":true,"href":"https:\/\/www.headshop.nl\/pl\/wp-json\/wp\/v2\/product_cat?post=41582"},{"taxonomy":"product_tag","embeddable":true,"href":"https:\/\/www.headshop.nl\/pl\/wp-json\/wp\/v2\/product_tag?post=41582"}],"curies":[{"name":"wp","href":"https:\/\/api.w.org\/{rel}","templated":true}]}}