{"id":41576,"date":"2022-03-14T10:02:50","date_gmt":"2022-03-14T10:02:50","guid":{"rendered":"https:\/\/www.headshop.nl\/?post_type=product&#038;p=41576"},"modified":"2025-05-23T09:59:56","modified_gmt":"2025-05-23T09:59:56","slug":"actitube-activated-charcoal-slim-filter-tip","status":"publish","type":"product","link":"https:\/\/www.headshop.nl\/pl\/actitube-activated-charcoal-slim-filter-tip\/","title":{"rendered":"Ko\u0144c\u00f3wka ActiTube Activated Charcoal Slim Filter"},"content":{"rendered":"<h2>ActiTube Activated Charcoal Filters<\/h2>\n<p>Niemiecka pomys\u0142owo\u015b\u0107 spotyka si\u0119 z najwy\u017csz\u0105 jako\u015bci\u0105 palenia zio\u0142a w Twoim \u017cyciu! ActiTube u\u0142atwia \u017cycie palaczom, wykorzystuj\u0105c w\u0119giel aktywny do filtrowania ka\u017cdego zaci\u0105gni\u0119cia si\u0119 dymem. Filtry te sprawiaj\u0105, \u017ce palenie jest czystsze bez usuwania jakichkolwiek dobrych rzeczy lub obni\u017cania efekt\u00f3w. Im wi\u0119cej dowiesz si\u0119 o tym, co potrafi\u0105 te ma\u0142e, specjalne ko\u0144c\u00f3wki do joint\u00f3w, tym bardziej b\u0119dziesz chcia\u0142 u\u017cywa\u0107 tylko ich do ka\u017cdego jointa, kt\u00f3rego skr\u0119cisz!<\/p>","protected":false},"excerpt":{"rendered":"<p>Idealne do w\u0105skich joint\u00f3w, te ko\u0144c\u00f3wki maj\u0105 w sobie aktywny w\u0119giel drzewny, kt\u00f3ry filtruje ka\u017cde zaci\u0105gni\u0119cie. Oznacza to, \u017ce palenie nie tylko wyrz\u0105dzi mniej szk\u00f3d, ale tak\u017ce ka\u017cdy \u0142yk b\u0119dzie smakowa\u0142 lepiej ni\u017c kiedykolwiek. Uwaga, wi\u0119kszo\u015b\u0107 palaczy, kt\u00f3rzy je wypr\u00f3buj\u0105, nigdy nie wraca do na\u0142ogu. U\u017cywanie tych ko\u0144c\u00f3wek zamiast zwyk\u0142ych papierowych jest po prostu o wiele lepsze i bardziej racjonalne!<\/p>","protected":false},"featured_media":44945,"template":"","meta":[],"product_brand":[],"product_cat":[445,297,414,421],"product_tag":[],"class_list":{"0":"post-41576","1":"product","2":"type-product","3":"status-publish","4":"has-post-thumbnail","6":"product_cat-rolling-tips","7":"product_cat-all-products","8":"product_cat-headshop","9":"product_cat-rolling-papers","10":"product_shipping_class-creditcard-on","12":"first","13":"instock","14":"taxable","15":"shipping-taxable","16":"purchasable","17":"product-type-variable","18":"has-default-attributes"},"_links":{"self":[{"href":"https:\/\/www.headshop.nl\/pl\/wp-json\/wp\/v2\/product\/41576","targetHints":{"allow":["GET"]}}],"collection":[{"href":"https:\/\/www.headshop.nl\/pl\/wp-json\/wp\/v2\/product"}],"about":[{"href":"https:\/\/www.headshop.nl\/pl\/wp-json\/wp\/v2\/types\/product"}],"wp:featuredmedia":[{"embeddable":true,"href":"https:\/\/www.headshop.nl\/pl\/wp-json\/wp\/v2\/media\/44945"}],"wp:attachment":[{"href":"https:\/\/www.headshop.nl\/pl\/wp-json\/wp\/v2\/media?parent=41576"}],"wp:term":[{"taxonomy":"product_brand","embeddable":true,"href":"https:\/\/www.headshop.nl\/pl\/wp-json\/wp\/v2\/product_brand?post=41576"},{"taxonomy":"product_cat","embeddable":true,"href":"https:\/\/www.headshop.nl\/pl\/wp-json\/wp\/v2\/product_cat?post=41576"},{"taxonomy":"product_tag","embeddable":true,"href":"https:\/\/www.headshop.nl\/pl\/wp-json\/wp\/v2\/product_tag?post=41576"}],"curies":[{"name":"wp","href":"https:\/\/api.w.org\/{rel}","templated":true}]}}