{"id":41575,"date":"2022-03-14T10:02:49","date_gmt":"2022-03-14T10:02:49","guid":{"rendered":"https:\/\/www.headshop.nl\/?post_type=product&#038;p=41575"},"modified":"2025-05-23T10:00:36","modified_gmt":"2025-05-23T10:00:36","slug":"raw-rolls-3m","status":"publish","type":"product","link":"https:\/\/www.headshop.nl\/pl\/raw-rolls-3m\/","title":{"rendered":"Raw Rolls 3m"},"content":{"rendered":"<h2>Raw Rolls<\/h2>\n<p>Raw produkuje wysokiej jako\u015bci papier z najlepszych materia\u0142\u00f3w, jakie mo\u017cna sobie wyobrazi\u0107! To sprawia, \u017ce bletki Raw s\u0105 jednymi z najlepszych produkt\u00f3w na rynku. Nic nie przebije wysokiej jako\u015bci jointa zwini\u0119tego z rolki Raw.<\/p>\n<h2>Raw Smoking Materia\u0142y eksploatacyjne<\/h2>\n<p>Raw jest znany z wysokiej jako\u015bci autentycznych materia\u0142\u00f3w do palenia, kt\u00f3re s\u0105 uwielbiane przez miliony palaczy na ca\u0142ym \u015bwiecie. Raw to jedna z najbardziej rozpoznawalnych marek papieru do palenia, kt\u00f3rej mo\u017cna zaufa\u0107 dzi\u0119ki najbardziej organicznemu, naturalnemu i najwy\u017cszej jako\u015bci papierowi do palenia.<\/p>","protected":false},"excerpt":{"rendered":"<p>Najlepsza 3-metrowa paczka wysokiej jako\u015bci bletek? To jest to! Niebielona i nierafinowana bibu\u0142ka to wszystko, czego potrzebujesz do powolnego, r\u00f3wnomiernego palenia jointa. Najlepsza jako\u015b\u0107 jest tym, co robi Raw, a ta rolka bibu\u0142ki nie jest wyj\u0105tkiem!<\/p>","protected":false},"featured_media":43310,"template":"","meta":[],"product_brand":[],"product_cat":[421,297,414,446,771,803],"product_tag":[],"class_list":{"0":"post-41575","1":"product","2":"type-product","3":"status-publish","4":"has-post-thumbnail","6":"product_cat-rolling-papers","7":"product_cat-all-products","8":"product_cat-headshop","9":"product_cat-papers","10":"product_cat-raw","11":"product_cat-rolls","12":"product_shipping_class-creditcard-on","14":"first","15":"instock","16":"taxable","17":"shipping-taxable","18":"purchasable","19":"product-type-variable","20":"has-default-attributes"},"_links":{"self":[{"href":"https:\/\/www.headshop.nl\/pl\/wp-json\/wp\/v2\/product\/41575","targetHints":{"allow":["GET"]}}],"collection":[{"href":"https:\/\/www.headshop.nl\/pl\/wp-json\/wp\/v2\/product"}],"about":[{"href":"https:\/\/www.headshop.nl\/pl\/wp-json\/wp\/v2\/types\/product"}],"wp:featuredmedia":[{"embeddable":true,"href":"https:\/\/www.headshop.nl\/pl\/wp-json\/wp\/v2\/media\/43310"}],"wp:attachment":[{"href":"https:\/\/www.headshop.nl\/pl\/wp-json\/wp\/v2\/media?parent=41575"}],"wp:term":[{"taxonomy":"product_brand","embeddable":true,"href":"https:\/\/www.headshop.nl\/pl\/wp-json\/wp\/v2\/product_brand?post=41575"},{"taxonomy":"product_cat","embeddable":true,"href":"https:\/\/www.headshop.nl\/pl\/wp-json\/wp\/v2\/product_cat?post=41575"},{"taxonomy":"product_tag","embeddable":true,"href":"https:\/\/www.headshop.nl\/pl\/wp-json\/wp\/v2\/product_tag?post=41575"}],"curies":[{"name":"wp","href":"https:\/\/api.w.org\/{rel}","templated":true}]}}