{"id":41572,"date":"2022-03-14T10:02:42","date_gmt":"2022-03-14T10:02:42","guid":{"rendered":"https:\/\/www.headshop.nl\/?post_type=product&#038;p=41572"},"modified":"2025-05-23T10:20:00","modified_gmt":"2025-05-23T10:20:00","slug":"raw-wide-tips-booklet","status":"publish","type":"product","link":"https:\/\/www.headshop.nl\/pl\/raw-wide-tips-booklet\/","title":{"rendered":"Raw Wide Tips Broszura"},"content":{"rendered":"<h2>Raw Tips dla Smoking<\/h2>\n<p>Raw produkuje najwy\u017cszej jako\u015bci bibu\u0142ki do palenia, dlatego te\u017c \u015bwietnym pomys\u0142em jest po\u0142\u0105czenie ich bibu\u0142ek z wysokiej jako\u015bci ko\u0144c\u00f3wkami do zwijania. Wszystkie bletki Raw s\u0105 nierafinowane, a do wyboru s\u0105 r\u00f3\u017cne fantastyczne opakowania. Od perforowanych po wst\u0119pnie zwini\u0119te, od 100 tip\u00f3w po 480 tip\u00f3w. Ka\u017cdy palacz znajdzie to, czego potrzebuje!<\/p>\n<h2>Raw Smoking Materia\u0142y eksploatacyjne<\/h2>\n<p>Raw jest znany z wysokiej jako\u015bci autentycznych materia\u0142\u00f3w do palenia, kt\u00f3re s\u0105 uwielbiane przez miliony palaczy na ca\u0142ym \u015bwiecie. Raw to jedna z najbardziej rozpoznawalnych marek papieru do palenia, kt\u00f3rej mo\u017cna zaufa\u0107 dzi\u0119ki najbardziej organicznemu, naturalnemu i najwy\u017cszej jako\u015bci papierowi do palenia.<\/p>","protected":false},"excerpt":{"rendered":"<p>Ko\u0144c\u00f3wki Classic od najlepszego producenta tytoniu na \u015bwiecie! Przywitaj si\u0119 z ko\u0144c\u00f3wkami do skr\u0119cania tytoniu od Raw, ulubionej marki na \u015bwiecie. Ko\u0144c\u00f3wki te u\u0142atwiaj\u0105 zwijanie idealnych joint\u00f3w i pasuj\u0105 do wszystkich najpopularniejszych rozmiar\u00f3w bibu\u0142ek Raw!<\/p>","protected":false},"featured_media":43480,"template":"","meta":[],"product_brand":[],"product_cat":[445,297,414,771,421],"product_tag":[],"class_list":{"0":"post-41572","1":"product","2":"type-product","3":"status-publish","4":"has-post-thumbnail","6":"product_cat-rolling-tips","7":"product_cat-all-products","8":"product_cat-headshop","9":"product_cat-raw","10":"product_cat-rolling-papers","11":"product_shipping_class-creditcard-on","13":"first","14":"onbackorder","15":"taxable","16":"shipping-taxable","17":"purchasable","18":"product-type-variable","19":"has-default-attributes"},"_links":{"self":[{"href":"https:\/\/www.headshop.nl\/pl\/wp-json\/wp\/v2\/product\/41572","targetHints":{"allow":["GET"]}}],"collection":[{"href":"https:\/\/www.headshop.nl\/pl\/wp-json\/wp\/v2\/product"}],"about":[{"href":"https:\/\/www.headshop.nl\/pl\/wp-json\/wp\/v2\/types\/product"}],"wp:featuredmedia":[{"embeddable":true,"href":"https:\/\/www.headshop.nl\/pl\/wp-json\/wp\/v2\/media\/43480"}],"wp:attachment":[{"href":"https:\/\/www.headshop.nl\/pl\/wp-json\/wp\/v2\/media?parent=41572"}],"wp:term":[{"taxonomy":"product_brand","embeddable":true,"href":"https:\/\/www.headshop.nl\/pl\/wp-json\/wp\/v2\/product_brand?post=41572"},{"taxonomy":"product_cat","embeddable":true,"href":"https:\/\/www.headshop.nl\/pl\/wp-json\/wp\/v2\/product_cat?post=41572"},{"taxonomy":"product_tag","embeddable":true,"href":"https:\/\/www.headshop.nl\/pl\/wp-json\/wp\/v2\/product_tag?post=41572"}],"curies":[{"name":"wp","href":"https:\/\/api.w.org\/{rel}","templated":true}]}}