{"id":41567,"date":"2022-03-14T10:02:41","date_gmt":"2022-03-14T10:02:41","guid":{"rendered":"https:\/\/www.headshop.nl\/?post_type=product&#038;p=41567"},"modified":"2024-09-17T11:01:17","modified_gmt":"2024-09-17T11:01:17","slug":"bubblegum-flavored-rolls","status":"publish","type":"product","link":"https:\/\/www.headshop.nl\/pl\/bubblegum-flavored-rolls\/","title":{"rendered":"O smaku gumy balonowej Rolls"},"content":{"rendered":"<h2>Juicy Jay's Rolls<\/h2>\n<p>Juicy Jay's lub po prostu Juicy to jedna z tych marek bibu\u0142ek, kt\u00f3re albo si\u0119 kocha, albo nienawidzi. Ich kolekcja bibu\u0142ek jest wyj\u0105tkowa ze wzgl\u0119du na fakt, \u017ce wszystkie bibu\u0142ki Juicy maj\u0105 smak i kolorowy design. Maj\u0105 ka\u017cdy smak, jaki mo\u017cna sobie wyobrazi\u0107!<\/p>\n<p>Sprawia to, \u017ce zwijanie joint\u00f3w z u\u017cyciem bibu\u0142ek smakowych jest ekscytuj\u0105cym zaj\u0119ciem, poniewa\u017c wybrana bibu\u0142ka wp\u0142ywa na smak i zapach jointa. Wybierz sw\u00f3j ulubiony smak i pal jointy w dobrym stylu!<\/p>","protected":false},"excerpt":{"rendered":"<p>Zaskocz swoich znajomych, przynosz\u0105c na imprez\u0119 jointa o smaku gumy balonowej! Te bletki sprawiaj\u0105, \u017ce ka\u017cdy joint smakuje jak guma balonowa i maj\u0105 bezczelny r\u00f3\u017cowy wz\u00f3r. Nie ma tu \u017cadnej magii, wystarczy wzi\u0105\u0107 papier, zwin\u0105\u0107 jointa, a nast\u0119pnie cieszy\u0107 si\u0119 zapachem i smakiem gumy balonowej.<\/p>","protected":false},"featured_media":45455,"template":"","meta":[],"product_brand":[],"product_cat":[297,793,809,414,421,803],"product_tag":[],"class_list":{"0":"post-41567","1":"product","2":"type-product","3":"status-publish","4":"has-post-thumbnail","6":"product_cat-all-products","7":"product_cat-color-papers","8":"product_cat-flavored-papers","9":"product_cat-headshop","10":"product_cat-rolling-papers","11":"product_cat-rolls","12":"product_shipping_class-creditcard-on","14":"first","15":"instock","16":"taxable","17":"shipping-taxable","18":"purchasable","19":"product-type-variable","20":"has-default-attributes"},"_links":{"self":[{"href":"https:\/\/www.headshop.nl\/pl\/wp-json\/wp\/v2\/product\/41567","targetHints":{"allow":["GET"]}}],"collection":[{"href":"https:\/\/www.headshop.nl\/pl\/wp-json\/wp\/v2\/product"}],"about":[{"href":"https:\/\/www.headshop.nl\/pl\/wp-json\/wp\/v2\/types\/product"}],"wp:featuredmedia":[{"embeddable":true,"href":"https:\/\/www.headshop.nl\/pl\/wp-json\/wp\/v2\/media\/45455"}],"wp:attachment":[{"href":"https:\/\/www.headshop.nl\/pl\/wp-json\/wp\/v2\/media?parent=41567"}],"wp:term":[{"taxonomy":"product_brand","embeddable":true,"href":"https:\/\/www.headshop.nl\/pl\/wp-json\/wp\/v2\/product_brand?post=41567"},{"taxonomy":"product_cat","embeddable":true,"href":"https:\/\/www.headshop.nl\/pl\/wp-json\/wp\/v2\/product_cat?post=41567"},{"taxonomy":"product_tag","embeddable":true,"href":"https:\/\/www.headshop.nl\/pl\/wp-json\/wp\/v2\/product_tag?post=41567"}],"curies":[{"name":"wp","href":"https:\/\/api.w.org\/{rel}","templated":true}]}}