{"id":41561,"date":"2022-03-14T10:02:39","date_gmt":"2022-03-14T10:02:39","guid":{"rendered":"https:\/\/www.headshop.nl\/?post_type=product&#038;p=41561"},"modified":"2024-09-17T11:01:28","modified_gmt":"2024-09-17T11:01:28","slug":"blackberry-flavored-papers","status":"publish","type":"product","link":"https:\/\/www.headshop.nl\/pl\/blackberry-flavored-papers\/","title":{"rendered":"Blackberry Flavored Papers"},"content":{"rendered":"<h2>Juicy Jay's Rolling Papers<\/h2>\n<p>Juicy Jay's lub po prostu Juicy to jedna z tych marek bibu\u0142ek, kt\u00f3re albo si\u0119 kocha, albo nienawidzi. Ich kolekcja bibu\u0142ek jest wyj\u0105tkowa ze wzgl\u0119du na fakt, \u017ce wszystkie bibu\u0142ki Juicy maj\u0105 smak i kolorowy design. Maj\u0105 ka\u017cdy smak, jaki mo\u017cna sobie wyobrazi\u0107!<\/p>\n<p>Sprawia to, \u017ce zwijanie joint\u00f3w z u\u017cyciem bibu\u0142ek smakowych jest ekscytuj\u0105cym zaj\u0119ciem, poniewa\u017c wybrana bibu\u0142ka wp\u0142ywa na smak i zapach jointa. Wybierz sw\u00f3j ulubiony smak i pal jointy w dobrym stylu!<\/p>","protected":false},"excerpt":{"rendered":"<p>Kto nie kocha je\u017cyn? Mi\u0142o\u015bnicy je\u017cyn b\u0119d\u0105 zdumieni aromatami i smakami, jakie te bibu\u0142ki dodaj\u0105 do ka\u017cdego skr\u0119canego jointa. Skr\u0119\u0107 swojego jointa i ciesz si\u0119 bogatym smakiem je\u017cyn w ka\u017cdym zaci\u0105gni\u0119ciu. S\u0105 one r\u00f3wnie\u017c wyposa\u017cone w bezczelny je\u017cynowy wz\u00f3r, kt\u00f3ry sprawia, \u017ce ca\u0142e do\u015bwiadczenie jest jeszcze przyjemniejsze!<\/p>","protected":false},"featured_media":45536,"template":"","meta":[],"product_brand":[],"product_cat":[297,793,809,414,446,421,802],"product_tag":[],"class_list":{"0":"post-41561","1":"product","2":"type-product","3":"status-publish","4":"has-post-thumbnail","6":"product_cat-all-products","7":"product_cat-color-papers","8":"product_cat-flavored-papers","9":"product_cat-headshop","10":"product_cat-papers","11":"product_cat-rolling-papers","12":"product_cat-slim-size","13":"product_shipping_class-creditcard-on","15":"first","16":"instock","17":"taxable","18":"shipping-taxable","19":"purchasable","20":"product-type-variable","21":"has-default-attributes"},"_links":{"self":[{"href":"https:\/\/www.headshop.nl\/pl\/wp-json\/wp\/v2\/product\/41561","targetHints":{"allow":["GET"]}}],"collection":[{"href":"https:\/\/www.headshop.nl\/pl\/wp-json\/wp\/v2\/product"}],"about":[{"href":"https:\/\/www.headshop.nl\/pl\/wp-json\/wp\/v2\/types\/product"}],"wp:featuredmedia":[{"embeddable":true,"href":"https:\/\/www.headshop.nl\/pl\/wp-json\/wp\/v2\/media\/45536"}],"wp:attachment":[{"href":"https:\/\/www.headshop.nl\/pl\/wp-json\/wp\/v2\/media?parent=41561"}],"wp:term":[{"taxonomy":"product_brand","embeddable":true,"href":"https:\/\/www.headshop.nl\/pl\/wp-json\/wp\/v2\/product_brand?post=41561"},{"taxonomy":"product_cat","embeddable":true,"href":"https:\/\/www.headshop.nl\/pl\/wp-json\/wp\/v2\/product_cat?post=41561"},{"taxonomy":"product_tag","embeddable":true,"href":"https:\/\/www.headshop.nl\/pl\/wp-json\/wp\/v2\/product_tag?post=41561"}],"curies":[{"name":"wp","href":"https:\/\/api.w.org\/{rel}","templated":true}]}}