{"id":41546,"date":"2022-03-14T10:02:37","date_gmt":"2022-03-14T10:02:37","guid":{"rendered":"https:\/\/www.headshop.nl\/?post_type=product&#038;p=41546"},"modified":"2024-09-17T11:01:34","modified_gmt":"2024-09-17T11:01:34","slug":"natural-flavored-hemp-wraps","status":"publish","type":"product","link":"https:\/\/www.headshop.nl\/pl\/natural-flavored-hemp-wraps\/","title":{"rendered":"Naturalny smak Hemp Wraps"},"content":{"rendered":"<h2>Juicy Jay's Hemp Wraps<\/h2>\n<p>Juicy Jay's lub po prostu Juicy to jedna z tych marek bibu\u0142ek, kt\u00f3re albo si\u0119 kocha, albo nienawidzi. Ich kolekcja bibu\u0142ek jest wyj\u0105tkowa ze wzgl\u0119du na fakt, \u017ce wszystkie bibu\u0142ki Juicy maj\u0105 smak i kolorowy design. Maj\u0105 ka\u017cdy smak, jaki mo\u017cna sobie wyobrazi\u0107!<\/p>\n<p>Sprawia to, \u017ce zwijanie joint\u00f3w z u\u017cyciem bibu\u0142ek smakowych jest ekscytuj\u0105cym zaj\u0119ciem, poniewa\u017c wybrana bibu\u0142ka wp\u0142ywa na smak i zapach jointa. Wybierz sw\u00f3j ulubiony smak i pal jointy w dobrym stylu!<\/p>","protected":false},"excerpt":{"rendered":"<p>Wszyscy uwielbiaj\u0105 to powolne palenie, kt\u00f3re mog\u0105 zapewni\u0107 tylko blunty. A mo\u017ce zamiast blunt\u00f3w u\u017cyliby\u015bmy samych konopi? Dok\u0142adnie o to chodzi w tym produkcie. Wysokiej jako\u015bci konopny blunt wykonany wy\u0142\u0105cznie z ro\u015blin konopi. Owijki te nie maj\u0105 dodatkowego smaku, wi\u0119c przygotuj si\u0119 na to, \u017ce tw\u00f3j blunt b\u0119dzie smakowa\u0142 jak czyste zio\u0142o!<\/p>","protected":false},"featured_media":45592,"template":"","meta":[],"product_brand":[],"product_cat":[297,443,414,444,421],"product_tag":[],"class_list":{"0":"post-41546","1":"product","2":"type-product","3":"status-publish","4":"has-post-thumbnail","6":"product_cat-all-products","7":"product_cat-blunts","8":"product_cat-headshop","9":"product_cat-hemp-wraps","10":"product_cat-rolling-papers","11":"product_shipping_class-creditcard-on","13":"first","14":"instock","15":"taxable","16":"shipping-taxable","17":"purchasable","18":"product-type-variable","19":"has-default-attributes"},"_links":{"self":[{"href":"https:\/\/www.headshop.nl\/pl\/wp-json\/wp\/v2\/product\/41546","targetHints":{"allow":["GET"]}}],"collection":[{"href":"https:\/\/www.headshop.nl\/pl\/wp-json\/wp\/v2\/product"}],"about":[{"href":"https:\/\/www.headshop.nl\/pl\/wp-json\/wp\/v2\/types\/product"}],"wp:featuredmedia":[{"embeddable":true,"href":"https:\/\/www.headshop.nl\/pl\/wp-json\/wp\/v2\/media\/45592"}],"wp:attachment":[{"href":"https:\/\/www.headshop.nl\/pl\/wp-json\/wp\/v2\/media?parent=41546"}],"wp:term":[{"taxonomy":"product_brand","embeddable":true,"href":"https:\/\/www.headshop.nl\/pl\/wp-json\/wp\/v2\/product_brand?post=41546"},{"taxonomy":"product_cat","embeddable":true,"href":"https:\/\/www.headshop.nl\/pl\/wp-json\/wp\/v2\/product_cat?post=41546"},{"taxonomy":"product_tag","embeddable":true,"href":"https:\/\/www.headshop.nl\/pl\/wp-json\/wp\/v2\/product_tag?post=41546"}],"curies":[{"name":"wp","href":"https:\/\/api.w.org\/{rel}","templated":true}]}}