{"id":40198,"date":"2022-01-04T08:33:34","date_gmt":"2022-01-04T08:33:34","guid":{"rendered":"https:\/\/www.headshop.nl\/?post_type=product&#038;p=40198"},"modified":"2024-09-17T11:01:40","modified_gmt":"2024-09-17T11:01:40","slug":"420-cannabis-small-rolling-tray","status":"publish","type":"product","link":"https:\/\/www.headshop.nl\/pl\/420-cannabis-small-rolling-tray\/","title":{"rendered":"420 Cannabis Small Rolling Tray"},"content":{"rendered":"<h2>Co to jest taca na k\u00f3\u0142kach?<\/h2>\n<p>Rolling tray to idealne narz\u0119dzie dla codziennych palaczy i og\u00f3lnie palaczy, kt\u00f3rzy maj\u0105 ba\u0142agan w ca\u0142ym domu. Wiesz, o czym m\u00f3wimy - kawa\u0142ki bibu\u0142ek, male\u0144kie drobinki zio\u0142a lub tytoniu, ko\u0144c\u00f3wki i wszystkie inne \"resztki po zwijaniu\".<\/p>\n<p>Zafunduj sobie tac\u0119 do zwijania tytoniu, a rozwi\u0105\u017cesz dwa problemy jednocze\u015bnie - b\u0119dziesz m\u00f3g\u0142 zwija\u0107 tyto\u0144 bezpo\u015brednio wewn\u0105trz lub na tacy do zwijania tytoniu. B\u0119dziesz tak\u017ce m\u00f3g\u0142 umie\u015bci\u0107 swoje bletki, tipy, m\u0142ynek, stash boxy i wszystkie inne akcesoria do palenia wewn\u0105trz tacki. Nast\u0119pnie po prostu przechowuj je tam, dop\u00f3ki nie b\u0119d\u0105 ponownie potrzebne.<\/p>\n<p>Ta taca do palenia jest niezb\u0119dna, poniewa\u017c zwijanie joint\u00f3w wymaga wielu r\u00f3\u017cnych materia\u0142\u00f3w do palenia. Dzi\u0119ki tacce do zwijania tytoniu b\u0119dziesz trzyma\u0107 je w jednym miejscu, a ponadto b\u0119dziesz mie\u0107 mniej ba\u0142aganu w domu podczas zwijania tytoniu na tacy do zwijania tytoniu.<\/p>\n<h2>R\u00f3\u017cne rozmiary tacek na k\u00f3\u0142kach<\/h2>\n<p>Dost\u0119pne s\u0105 dwa g\u0142\u00f3wne rozmiary tacek - ma\u0142a i du\u017ca. Wybierz ma\u0142y, je\u015bli sam skr\u0119casz ma\u0142e spliffy i uwa\u017casz si\u0119 za osob\u0119 dbaj\u0105c\u0105 o porz\u0105dek. Wybierz du\u017c\u0105, je\u015bli zwijasz r\u00f3wnie\u017c jointy dla znajomych lub po prostu uwa\u017casz, \u017ce og\u00f3lnie jeste\u015b niechlujnym rolkarzem. Teoretycznie zawsze zalecamy du\u017c\u0105 tack\u0119 do skr\u0119cania dla ka\u017cdego, ale mo\u017cesz wybra\u0107 ma\u0142\u0105 tack\u0119 do skr\u0119cania, je\u015bli uwa\u017casz, \u017ce ma\u0142a tacka jest wystarczaj\u0105ca.<\/p>","protected":false},"excerpt":{"rendered":"<p>Tacka do rolowania z pi\u0119knym wzorem 420 zielonych li\u015bci konopi? Koniec z ba\u0142aganem i kurzem po marihuanie w ca\u0142ym domu! Zadbaj o mniejszy ba\u0142agan podczas zwijania dzi\u0119ki specjalnej tacce do zwijania joint\u00f3w. Ta tacka do zwijania wykonana jest z lekkiego metalu i pokryta pow\u0142ok\u0105 non-stick. Oczekuj lepszych i mniej niechlujnych wra\u017ce\u0144 podczas zwijania. Jest to r\u00f3wnie\u017c idealne miejsce do przechowywania wszystkich materia\u0142\u00f3w do skr\u0119cania w jednym miejscu!<\/p>","protected":false},"featured_media":40336,"template":"","meta":[],"product_brand":[],"product_cat":[297,414,416],"product_tag":[],"class_list":{"0":"post-40198","1":"product","2":"type-product","3":"status-publish","4":"has-post-thumbnail","6":"product_cat-all-products","7":"product_cat-headshop","8":"product_cat-rolling-trays","9":"product_shipping_class-creditcard-on","11":"first","12":"instock","13":"taxable","14":"shipping-taxable","15":"purchasable","16":"product-type-variable","17":"has-default-attributes"},"_links":{"self":[{"href":"https:\/\/www.headshop.nl\/pl\/wp-json\/wp\/v2\/product\/40198","targetHints":{"allow":["GET"]}}],"collection":[{"href":"https:\/\/www.headshop.nl\/pl\/wp-json\/wp\/v2\/product"}],"about":[{"href":"https:\/\/www.headshop.nl\/pl\/wp-json\/wp\/v2\/types\/product"}],"wp:featuredmedia":[{"embeddable":true,"href":"https:\/\/www.headshop.nl\/pl\/wp-json\/wp\/v2\/media\/40336"}],"wp:attachment":[{"href":"https:\/\/www.headshop.nl\/pl\/wp-json\/wp\/v2\/media?parent=40198"}],"wp:term":[{"taxonomy":"product_brand","embeddable":true,"href":"https:\/\/www.headshop.nl\/pl\/wp-json\/wp\/v2\/product_brand?post=40198"},{"taxonomy":"product_cat","embeddable":true,"href":"https:\/\/www.headshop.nl\/pl\/wp-json\/wp\/v2\/product_cat?post=40198"},{"taxonomy":"product_tag","embeddable":true,"href":"https:\/\/www.headshop.nl\/pl\/wp-json\/wp\/v2\/product_tag?post=40198"}],"curies":[{"name":"wp","href":"https:\/\/api.w.org\/{rel}","templated":true}]}}