{"id":39497,"date":"2021-12-06T11:28:47","date_gmt":"2021-12-06T11:28:47","guid":{"rendered":"https:\/\/www.headshop.nl\/?post_type=product&#038;p=39497"},"modified":"2025-02-03T12:19:36","modified_gmt":"2025-02-03T12:19:36","slug":"joint-roller-futurola-grey","status":"publish","type":"product","link":"https:\/\/www.headshop.nl\/pl\/joint-roller-futurola-grey\/","title":{"rendered":"Joint Roller Futurola Szary"},"content":{"rendered":"<h2>Maszyna do walcowania spoin od Futurola<\/h2>\n<p><span style=\"color: #000000; font-size: 14.4px;\">\u0141atwy spos\u00f3b na zwijanie joint\u00f3w? Dzi\u0119ki maszynie do zwijania joint\u00f3w Futurola zapomnisz o niechlujnych lub \u017ale pal\u0105cych si\u0119 jointach. Ka\u017cda spoina zostanie zwini\u0119ta szybko, a wszystkie spoiny b\u0119d\u0105 wygl\u0105da\u0107 tak samo.\u00a0<\/span><\/p>\n<p>Jest to urz\u0105dzenie do wsp\u00f3lnego zwijania konopi indyjskich, kt\u00f3re jest uwielbiane przez wielu palaczy na ca\u0142ym \u015bwiecie.<\/p>","protected":false},"excerpt":{"rendered":"<p><span style=\"font-size: 100%; color: #000000;\">Wystarczy doda\u0107 bibu\u0142k\u0119 do zwijania marihuany w rozmiarze king size, ko\u0144c\u00f3wk\u0119 filtruj\u0105c\u0105, wsypa\u0107 mieszank\u0119, przekr\u0119ci\u0107, poliza\u0107 i oto idealnie zwini\u0119ty joint! Rolka do joint\u00f3w z konopi indyjskich to idealne urz\u0105dzenie, je\u015bli chcesz szybko zwija\u0107 jointy lub nie masz do\u015bwiadczenia w zwijaniu. Spraw, by zwijanie joint\u00f3w by\u0142o \u0142atwiejsze i szybsze!<\/span><\/p>","protected":false},"featured_media":39519,"template":"","meta":[],"product_brand":[],"product_cat":[414,297,704,448],"product_tag":[],"class_list":{"0":"post-39497","1":"product","2":"type-product","3":"status-publish","4":"has-post-thumbnail","6":"product_cat-headshop","7":"product_cat-all-products","8":"product_cat-joint-roller","9":"product_cat-rolling-machines","10":"product_shipping_class-creditcard-on","12":"first","13":"instock","14":"taxable","15":"shipping-taxable","16":"purchasable","17":"product-type-variable","18":"has-default-attributes"},"_links":{"self":[{"href":"https:\/\/www.headshop.nl\/pl\/wp-json\/wp\/v2\/product\/39497","targetHints":{"allow":["GET"]}}],"collection":[{"href":"https:\/\/www.headshop.nl\/pl\/wp-json\/wp\/v2\/product"}],"about":[{"href":"https:\/\/www.headshop.nl\/pl\/wp-json\/wp\/v2\/types\/product"}],"wp:featuredmedia":[{"embeddable":true,"href":"https:\/\/www.headshop.nl\/pl\/wp-json\/wp\/v2\/media\/39519"}],"wp:attachment":[{"href":"https:\/\/www.headshop.nl\/pl\/wp-json\/wp\/v2\/media?parent=39497"}],"wp:term":[{"taxonomy":"product_brand","embeddable":true,"href":"https:\/\/www.headshop.nl\/pl\/wp-json\/wp\/v2\/product_brand?post=39497"},{"taxonomy":"product_cat","embeddable":true,"href":"https:\/\/www.headshop.nl\/pl\/wp-json\/wp\/v2\/product_cat?post=39497"},{"taxonomy":"product_tag","embeddable":true,"href":"https:\/\/www.headshop.nl\/pl\/wp-json\/wp\/v2\/product_tag?post=39497"}],"curies":[{"name":"wp","href":"https:\/\/api.w.org\/{rel}","templated":true}]}}