{"id":38232,"date":"2021-10-26T07:46:39","date_gmt":"2021-10-26T07:46:39","guid":{"rendered":"https:\/\/www.headshop.nl\/?post_type=product&#038;p=38232"},"modified":"2025-02-14T08:02:53","modified_gmt":"2025-02-14T08:02:53","slug":"passion-flower-5x-extract","status":"publish","type":"product","link":"https:\/\/www.headshop.nl\/pl\/passion-flower-5x-extract\/","title":{"rendered":"Passion Flower 5X Extract"},"content":{"rendered":"<h2 data-start=\"464\" data-end=\"512\">Co to jest McMystic Passion Flower - 5x Extract?<\/h2>\n<p data-start=\"514\" data-end=\"974\">McMystic Passion Flower - 5x Extract to wysoce skoncentrowany suplement pochodz\u0105cy z Passiflora Incarnata, ro\u015bliny znanej ze swoich relaksuj\u0105cych i uspokajaj\u0105cych w\u0142a\u015bciwo\u015bci. Ekstrakt 5x jest znacznie silniejszy ni\u017c zwyk\u0142y Passion Flower, oferuj\u0105c bardziej intensywne korzy\u015bci przy jednoczesnym zachowaniu naturalnych w\u0142a\u015bciwo\u015bci ro\u015bliny. Tradycyjnie stosowany jako lek na niepok\u00f3j, bezsenno\u015b\u0107 i stres, Passion Flower jest znany ze swojej zdolno\u015bci do uspokajania zar\u00f3wno umys\u0142u, jak i cia\u0142a.<\/p>\n<p data-start=\"976\" data-end=\"1535\">Ekstrakt ten jest szczeg\u00f3lnie preferowany ze wzgl\u0119du na jego potencja\u0142 do wzmacniania dzia\u0142ania innych substancji psychoaktywnych. Dzia\u0142a jako naturalny inhibitor MAO, co oznacza, \u017ce mo\u017ce zwi\u0119ksza\u0107 si\u0142\u0119 dzia\u0142ania innych zwi\u0105zk\u00f3w, gdy s\u0105 stosowane razem. Niezale\u017cnie od tego, czy jest stosowany samodzielnie ze wzgl\u0119du na swoje w\u0142a\u015bciwo\u015bci uspokajaj\u0105ce, czy jako dodatek do innych produkt\u00f3w, McMystic Passion Flower 5x Extract jest znany z zapewniania relaksuj\u0105cego, spokojnego do\u015bwiadczenia bez u\u017cycia ostrych chemikali\u00f3w. Skoncentrowana forma zapewnia wygod\u0119 i wydajno\u015b\u0107, poniewa\u017c u\u017cytkownicy mog\u0105 cieszy\u0107 si\u0119 korzy\u015bciami z niewielkiej ilo\u015bci ekstraktu.<\/p>\n<h2 data-start=\"1542\" data-end=\"1592\">Historia McMystic Passion Flower - 5x Extract<\/h2>\n<p data-start=\"1594\" data-end=\"2161\">Historia Passion Flower si\u0119ga wiek\u00f3w wstecz, a jej pocz\u0105tki si\u0119gaj\u0105 Ameryki \u015arodkowej i Po\u0142udniowej. Rdzenne kultury od dawna wykorzystywa\u0142y t\u0119 ro\u015blin\u0119 ze wzgl\u0119du na jej w\u0142a\u015bciwo\u015bci lecznicze, zw\u0142aszcza w leczeniu l\u0119ku, bezsenno\u015bci i innych dolegliwo\u015bci zwi\u0105zanych ze stresem. Jej koj\u0105ce dzia\u0142anie zosta\u0142o dobrze udokumentowane i szybko rozprzestrzeni\u0142o si\u0119 w Europie i innych cz\u0119\u015bciach \u015bwiata, gdzie nadal by\u0142o stosowane jako naturalne lekarstwo na r\u00f3\u017cne dolegliwo\u015bci. Unikalne w\u0142a\u015bciwo\u015bci ro\u015bliny wynikaj\u0105 z jej alkaloid\u00f3w, flawonoid\u00f3w i innych zwi\u0105zk\u00f3w, kt\u00f3re wsp\u00f3\u0142pracuj\u0105 ze sob\u0105, aby promowa\u0107 relaks i spok\u00f3j.<\/p>\n<p data-start=\"2163\" data-end=\"2628\">Passiflora Incarnata, odmiana stosowana w McMystic Passion Flower - 5x Extract, sta\u0142a si\u0119 jednym z najpopularniejszych gatunk\u00f3w ze wzgl\u0119du na swoje korzy\u015bci terapeutyczne. Z biegiem czasu post\u0119p w medycynie zio\u0142owej pozwoli\u0142 na uzyskanie bardziej skoncentrowanych form ro\u015bliny, co doprowadzi\u0142o do powstania tego ekstraktu 5x. Ta silniejsza forma sprawi\u0142a, \u017ce u\u017cytkownicy mog\u0105 jeszcze \u0142atwiej do\u015bwiadczy\u0107 pe\u0142nych korzy\u015bci p\u0142yn\u0105cych z Passion Flower, oferuj\u0105c szybsz\u0105 i skuteczniejsz\u0105 ulg\u0119 od stresu i niepokoju.<\/p>\n<p data-start=\"2630\" data-end=\"2958\">Rosn\u0105ce zainteresowanie naturalnymi suplementami i holistycznymi \u015brodkami leczniczymi doprowadzi\u0142o do odrodzenia si\u0119 stosowania Passion Flower, a wiele os\u00f3b poszukuje go jako naturalnej alternatywy dla leczenia farmaceutycznego. Obecnie McMystic Passion Flower - 5x Extract kontynuuje tradycj\u0119 stosowania tego staro\u017cytnego zio\u0142a w celu wspierania dobrego samopoczucia i relaksu.<\/p>\n<h2 data-start=\"2965\" data-end=\"3015\">Jak u\u017cywa\u0107 McMystic Passion Flower - 5x Extract<\/h2>\n<p data-start=\"3017\" data-end=\"3472\">Aby u\u017cy\u0107 McMystic Passion Flower - 5x Extract, wystarczy odmierzy\u0107 niewielk\u0105 ilo\u015b\u0107, zwykle oko\u0142o 1 grama, i rozpu\u015bci\u0107 j\u0105 w wodzie, herbacie lub soku w celu \u0142atwego spo\u017cycia. Poniewa\u017c jest to skoncentrowany ekstrakt, wa\u017cne jest, aby zacz\u0105\u0107 od ni\u017cszej dawki, szczeg\u00f3lnie dla pocz\u0105tkuj\u0105cych u\u017cytkownik\u00f3w, i stopniowo dostosowywa\u0107, aby znale\u017a\u0107 idealn\u0105 ilo\u015b\u0107 dla potrzeb organizmu. Ze wzgl\u0119du na si\u0142\u0119 dzia\u0142ania, niewielka ilo\u015b\u0107 wystarcza na d\u0142ugo, a 5 gram\u00f3w ekstraktu mo\u017ce zapewni\u0107 pot\u0119\u017cne efekty.<\/p>\n<p data-start=\"3474\" data-end=\"3917\">Aby uzyska\u0107 najlepsze rezultaty, zaleca si\u0119 przyjmowanie ekstraktu w spokojnym otoczeniu, aby w pe\u0142ni skorzysta\u0107 z jego relaksuj\u0105cych i koj\u0105cych w\u0142a\u015bciwo\u015bci. McMystic Passion Flower - 5x Extract mo\u017ce by\u0107 r\u00f3wnie\u017c przyjmowany w po\u0142\u0105czeniu z innymi suplementami, szczeg\u00f3lnie tymi o dzia\u0142aniu uspokajaj\u0105cym, poniewa\u017c zwi\u0119ksza ich si\u0142\u0119 dzia\u0142ania. U\u017cytkownicy powinni jednak zawsze zachowa\u0107 ostro\u017cno\u015b\u0107 podczas \u0142\u0105czenia ekstrakt\u00f3w lub innych substancji, poniewa\u017c efekty mog\u0105 by\u0107 bardziej intensywne ni\u017c oczekiwano.<\/p>\n<p data-start=\"3919\" data-end=\"4247\">Je\u015bli stosujesz ekstrakt w celu poprawy snu lub zmniejszenia niepokoju, idealnym rozwi\u0105zaniem jest przyjmowanie go wieczorem, poniewa\u017c pomaga uspokoi\u0107 umys\u0142 przed snem. Zawsze post\u0119puj zgodnie z zalecanymi instrukcjami dotycz\u0105cymi dawkowania i skonsultuj si\u0119 z lekarzem, je\u015bli masz jakiekolwiek obawy dotycz\u0105ce \u0142\u0105czenia ekstraktu z innymi lekami lub suplementami.<\/p>\n<h2 data-start=\"4254\" data-end=\"4308\">Sk\u0142adniki McMystic Passion Flower - 5x Extract<\/h2>\n<p data-start=\"4310\" data-end=\"4737\">McMystic Passion Flower - 5x Extract jest wytwarzany z li\u015bci, \u0142odyg i kwiat\u00f3w Passiflora Incarnata. Ro\u015blina ta znana jest z szeregu naturalnie wyst\u0119puj\u0105cych zwi\u0105zk\u00f3w, kt\u00f3re wsp\u00f3lnie dzia\u0142aj\u0105 relaksuj\u0105co i uspokajaj\u0105co na cia\u0142o i umys\u0142. G\u0142\u00f3wnymi sk\u0142adnikami aktywnymi w Passion Flower s\u0105 alkaloidy, flawonoidy i glikozydy, z kt\u00f3rych wszystkie odgrywaj\u0105 rol\u0119 w zmniejszaniu niepokoju i promowaniu dobrego samopoczucia.<\/p>\n<p data-start=\"4739\" data-end=\"5189\">Ekstrakt 5x jest tworzony poprzez staranne przetwarzanie ro\u015bliny w celu skoncentrowania tych aktywnych zwi\u0105zk\u00f3w, dzi\u0119ki czemu ekstrakt jest pi\u0119ciokrotnie silniejszy ni\u017c zwyk\u0142y Passion Flower. Proces ten obejmuje suszenie i ekstrakcj\u0119 korzystnych zwi\u0105zk\u00f3w z ro\u015bliny, kt\u00f3re s\u0105 nast\u0119pnie zag\u0119szczane w celu uzyskania silnego ekstraktu 5x. Pozwala to na wy\u017csze st\u0119\u017cenie sk\u0142adnik\u00f3w aktywnych ro\u015bliny, zapewniaj\u0105c u\u017cytkownikom silniejszy efekt i szybsz\u0105 ulg\u0119.<\/p>\n<p data-start=\"5191\" data-end=\"5603\">Kluczowy sk\u0142adnik Passion Flower, harman, jest naturalnym inhibitorem MAO, kt\u00f3ry mo\u017ce zwi\u0119ksza\u0107 skuteczno\u015b\u0107 innych substancji. W zwi\u0105zku z tym McMystic Passion Flower - 5x Extract jest cz\u0119sto stosowany w celu wzmocnienia dzia\u0142ania innych produkt\u00f3w psychoaktywnych, ale nale\u017cy go stosowa\u0107 ostro\u017cnie i z umiarem. Ekstrakt zawiera r\u00f3wnie\u017c inne zwi\u0105zki, takie jak witeksyna, kt\u00f3re pomagaj\u0105 uspokoi\u0107 uk\u0142ad nerwowy i wspomagaj\u0105 relaksacj\u0119.<\/p>\n<p><span style=\"color: #000000;\"><strong>Medicinal Zastosowania:<\/strong> Uzale\u017cnienie, Alkoholizm, L\u0119k, Candida\/dro\u017cd\u017ce, Herbaty zio\u0142owe, Nadci\u015bnienie, B\u00f3l nerw\u00f3w\/ plec\u00f3w, Sen\/bezsenno\u015b\u0107, Stop Smoking.<\/span><\/p>\n<p><span style=\"color: #000000;\"><strong>W\u0142a\u015bciwo\u015bci:<\/strong> Dzia\u0142anie przeciwb\u00f3lowe, przeciwdepresyjne, oczyszczaj\u0105ce, uspokajaj\u0105ce.<\/span><\/p>\n<p data-start=\"5610\" data-end=\"6114\" data-is-last-node=\"\"><strong data-start=\"5610\" data-end=\"5621\">Ostrze\u017cenie<\/strong><br data-start=\"5621\" data-end=\"5624\" \/>McMystic Passion Flower - 5x Extract nale\u017cy u\u017cywa\u0107 z zachowaniem ostro\u017cno\u015bci. Ten produkt nie jest zalecany dla os\u00f3b poni\u017cej 18 roku \u017cycia. Zawsze zaczynaj od niskiej dawki i zwi\u0119kszaj j\u0105 stopniowo, aby unikn\u0105\u0107 nieoczekiwanych efekt\u00f3w. Ostro\u017cnie stosowa\u0107 w po\u0142\u0105czeniu z innymi substancjami psychoaktywnymi, poniewa\u017c mo\u017ce nasila\u0107 ich dzia\u0142anie. Kobiety w ci\u0105\u017cy lub karmi\u0105ce piersi\u0105, osoby z chorobami serca lub osoby przyjmuj\u0105ce leki powinny skonsultowa\u0107 si\u0119 z lekarzem przed u\u017cyciem. Przechowywa\u0107 w miejscu niedost\u0119pnym dla dzieci.<\/p>\n<p>&nbsp;<\/p>","protected":false},"excerpt":{"rendered":"<p>Dodaj szczypt\u0119 pasji do swojego dnia. Passion Flower to doskona\u0142a, mocna ekstrakcja, kt\u00f3ra zapewnia jako\u015b\u0107 i pewno\u015b\u0107 w ka\u017cdym \u0142yku. Wykazano, \u017ce Passionflower poprawia sen, pomaga przy wysokim ci\u015bnieniu krwi i t\u0142umi niepok\u00f3j. Dla tych, kt\u00f3rzy szukaj\u0105 czego\u015b wi\u0119cej ni\u017c tylko przeci\u0119tnej herbaty - zosta\u0142a zaprojektowana z dodatkow\u0105 dawk\u0105 mocy!<\/p>","protected":false},"featured_media":81910,"template":"","meta":[],"product_brand":[],"product_cat":[384,297,391,457,389,818,406],"product_tag":[],"class_list":{"0":"post-38232","1":"product","2":"type-product","3":"status-publish","4":"has-post-thumbnail","6":"product_cat-smartshop","7":"product_cat-all-products","8":"product_cat-extracts","9":"product_cat-herbs-healthshop","10":"product_cat-herbs","11":"product_cat-mcmystic","12":"product_cat-psychedelic-herbs","14":"first","15":"instock","16":"taxable","17":"shipping-taxable","18":"purchasable","19":"product-type-variable","20":"has-default-attributes"},"_links":{"self":[{"href":"https:\/\/www.headshop.nl\/pl\/wp-json\/wp\/v2\/product\/38232","targetHints":{"allow":["GET"]}}],"collection":[{"href":"https:\/\/www.headshop.nl\/pl\/wp-json\/wp\/v2\/product"}],"about":[{"href":"https:\/\/www.headshop.nl\/pl\/wp-json\/wp\/v2\/types\/product"}],"wp:featuredmedia":[{"embeddable":true,"href":"https:\/\/www.headshop.nl\/pl\/wp-json\/wp\/v2\/media\/81910"}],"wp:attachment":[{"href":"https:\/\/www.headshop.nl\/pl\/wp-json\/wp\/v2\/media?parent=38232"}],"wp:term":[{"taxonomy":"product_brand","embeddable":true,"href":"https:\/\/www.headshop.nl\/pl\/wp-json\/wp\/v2\/product_brand?post=38232"},{"taxonomy":"product_cat","embeddable":true,"href":"https:\/\/www.headshop.nl\/pl\/wp-json\/wp\/v2\/product_cat?post=38232"},{"taxonomy":"product_tag","embeddable":true,"href":"https:\/\/www.headshop.nl\/pl\/wp-json\/wp\/v2\/product_tag?post=38232"}],"curies":[{"name":"wp","href":"https:\/\/api.w.org\/{rel}","templated":true}]}}