{"id":37911,"date":"2021-10-16T10:42:41","date_gmt":"2021-10-16T10:42:41","guid":{"rendered":"https:\/\/www.headshop.nl\/?post_type=product&#038;p=37911"},"modified":"2025-11-18T14:37:58","modified_gmt":"2025-11-18T14:37:58","slug":"maeng-da-kratom-capsules-copy","status":"publish","type":"product","link":"https:\/\/www.headshop.nl\/pl\/maeng-da-kratom-capsules-copy\/","title":{"rendered":"Thai Kratom Czerwony Capsules"},"content":{"rendered":"<h2 data-start=\"0\" data-end=\"31\">Czym s\u0105 Kratom Capsules?<\/h2>\n<p data-start=\"32\" data-end=\"517\">Kratom Capsules to prosty i wygodny spos\u00f3b, aby do\u015bwiadczy\u0107 zalet <em data-start=\"114\" data-end=\"134\">Mitragyna speciosa<\/em>Jest to ro\u015blina pochodz\u0105ca z Azji Po\u0142udniowo-Wschodniej. Ka\u017cda kapsu\u0142ka zawiera silny 15-krotny ekstrakt Kratom, oferuj\u0105cy bardziej skoncentrowany i skuteczny efekt w por\u00f3wnaniu do tradycyjnych proszk\u00f3w lub li\u015bci Kratom. Dodatkowo, kapsu\u0142ki te zawieraj\u0105 Red Thai Kratom, znany ze swoich w\u0142a\u015bciwo\u015bci uspokajaj\u0105cych, wraz z niewielk\u0105 dawk\u0105 kofeiny, aby zapewni\u0107 subtelny zastrzyk energii, tworz\u0105c dobrze zbalansowane do\u015bwiadczenie.<\/p>\n<p data-start=\"519\" data-end=\"873\">Zaprojektowane z my\u015bl\u0105 o \u0142atwo\u015bci u\u017cycia, Kratom Capsules oferuj\u0105 wst\u0119pnie odmierzon\u0105 dawk\u0119, eliminuj\u0105c potrzeb\u0119 przygotowania lub odmierzania. S\u0105 idealne dla os\u00f3b poszukuj\u0105cych przeno\u015bnej, wolnej od ba\u0142aganu alternatywy dla tradycyjnej konsumpcji Kratom. Niezale\u017cnie od tego, czy jeste\u015b nowym, czy do\u015bwiadczonym u\u017cytkownikiem, kapsu\u0142ki te zapewniaj\u0105 kontrolowany i dost\u0119pny spos\u00f3b cieszenia si\u0119 wyj\u0105tkowymi efektami Kratom.<\/p>\n<h2 data-start=\"875\" data-end=\"907\">Historia Kratom Capsules<\/h2>\n<p data-start=\"908\" data-end=\"1341\">Kratom by\u0142 u\u017cywany od wiek\u00f3w w Azji Po\u0142udniowo-Wschodniej, gdzie lokalne spo\u0142eczno\u015bci tradycyjnie \u017cu\u0142y jego li\u015bcie lub parzy\u0142y je w herbacie ze wzgl\u0119du na ich w\u0142a\u015bciwo\u015bci stymuluj\u0105ce i \u0142agodz\u0105ce b\u00f3l. Pracownicy cz\u0119sto polegali na Kratom, aby zwi\u0119kszy\u0107 energi\u0119, zmniejszy\u0107 zm\u0119czenie i poprawi\u0107 koncentracj\u0119 podczas d\u0142ugich godzin pracy. Z czasem doceniono r\u00f3wnie\u017c relaksuj\u0105ce dzia\u0142anie Kratom, dzi\u0119ki czemu sta\u0142 si\u0119 on popularny w promowaniu jasno\u015bci umys\u0142u i \u0142agodzeniu stresu.<\/p>\n<p data-start=\"1343\" data-end=\"1809\">Wprowadzenie Kratom Capsules to nowoczesna innowacja maj\u0105ca na celu popraw\u0119 wygody i dost\u0119pno\u015bci konsumpcji Kratom. Dzi\u0119ki post\u0119powi w technikach ekstrakcji, skoncentrowane ekstrakty Kratom, takie jak wersja 15x stosowana w tych kapsu\u0142kach, maj\u0105 zwi\u0119kszon\u0105 moc przy zachowaniu kontrolowanej dawki. Poniewa\u017c Kratom zyska\u0142 globaln\u0105 popularno\u015b\u0107, kapsu\u0142ki sta\u0142y si\u0119 preferowan\u0105 opcj\u0105 dla u\u017cytkownik\u00f3w poszukuj\u0105cych sp\u00f3jnego i wolnego od ba\u0142aganu sposobu do\u015bwiadczania jego korzy\u015bci.<\/p>\n<h2 data-start=\"1811\" data-end=\"1843\">Jak u\u017cywa\u0107 Kratom Capsules<\/h2>\n<p data-start=\"1844\" data-end=\"1960\">Stosowanie Kratom Capsules jest proste. Zalecana dawka zale\u017cy od indywidualnej wra\u017cliwo\u015bci i po\u017c\u0105danych efekt\u00f3w:<\/p>\n<ul data-start=\"1961\" data-end=\"2192\">\n<li data-start=\"1961\" data-end=\"2025\"><strong data-start=\"1963\" data-end=\"1977\">Pocz\u0105tkuj\u0105cy:<\/strong> Zacznij od <strong data-start=\"1989\" data-end=\"2004\">jedna kapsu\u0142ka<\/strong> dla \u0142agodnego efektu.<\/li>\n<li data-start=\"2026\" data-end=\"2112\"><strong data-start=\"2028\" data-end=\"2047\">Umiarkowani u\u017cytkownicy:<\/strong> Take <strong data-start=\"2053\" data-end=\"2069\">2-3 kapsu\u0142ki<\/strong> dla zr\u00f3wnowa\u017conej stymulacji i relaksu.<\/li>\n<li data-start=\"2113\" data-end=\"2192\"><strong data-start=\"2115\" data-end=\"2137\">Do\u015bwiadczeni u\u017cytkownicy:<\/strong> Do <strong data-start=\"2144\" data-end=\"2160\">4-5 kapsu\u0142ek<\/strong> mo\u017ce zapewni\u0107 silniejsze efekty.<\/li>\n<\/ul>\n<p data-start=\"2194\" data-end=\"2552\">Kapsu\u0142ki nale\u017cy po\u0142yka\u0107, popijaj\u0105c wod\u0105. Przyjmowanie ich na pusty \u017co\u0142\u0105dek mo\u017ce prowadzi\u0107 do szybszego wch\u0142aniania, podczas gdy spo\u017cywanie ich z jedzeniem mo\u017ce spowolni\u0107 pocz\u0105tek efekt\u00f3w, ale mo\u017ce zapewni\u0107 stabilniejsze wra\u017cenia. Poniewa\u017c ka\u017cda kapsu\u0142ka zawiera wst\u0119pnie odmierzon\u0105 dawk\u0119, nie ma potrzeby wa\u017cenia ani mieszania, co czyni je \u0142atw\u0105 i sp\u00f3jn\u0105 opcj\u0105 spo\u017cycia Kratom.<\/p>\n<p data-start=\"2554\" data-end=\"2722\">Wa\u017cne jest, aby unika\u0107 przekraczania zalecanej dawki, aby zapobiec niepo\u017c\u0105danym skutkom ubocznym. Zacznij od ni\u017cszej dawki i dostosuj j\u0105 w razie potrzeby w oparciu o reakcj\u0119 organizmu.<\/p>\n<h2 data-start=\"2724\" data-end=\"2760\">Sk\u0142adniki w Thai Kratom Red Capsules<\/h2>\n<p data-start=\"2761\" data-end=\"2817\">Ka\u017cda kapsu\u0142ka zawiera starannie opracowan\u0105 mieszank\u0119:<\/p>\n<ul data-start=\"2818\" data-end=\"3217\">\n<li data-start=\"2818\" data-end=\"2957\"><strong data-start=\"2820\" data-end=\"2854\">Mitragyna speciosa 15x Extract<\/strong> - Skoncentrowany ekstrakt Kratom, oferuj\u0105cy silniejsze i skuteczniejsze dzia\u0142anie ni\u017c surowy proszek Kratom.<\/li>\n<li data-start=\"2958\" data-end=\"3098\"><strong data-start=\"2960\" data-end=\"2986\">Czerwony proszek Thai Kratom<\/strong> - Znany ze swoich w\u0142a\u015bciwo\u015bci uspokajaj\u0105cych i przeciwb\u00f3lowych, uzupe\u0142nia stymuluj\u0105ce dzia\u0142anie ekstraktu.<\/li>\n<li data-start=\"3099\" data-end=\"3217\"><strong data-start=\"3101\" data-end=\"3131\">Kofeina (5 mg na kapsu\u0142k\u0119)<\/strong> - Zapewnia delikatny zastrzyk energii, pomagaj\u0105c zr\u00f3wnowa\u017cy\u0107 og\u00f3lne dzia\u0142anie Kratom.<\/li>\n<\/ul>\n<p data-start=\"3219\" data-end=\"3346\">Z <strong data-start=\"3224\" data-end=\"3245\">505 mg na kapsu\u0142k\u0119<\/strong>Ta mieszanka oferuje unikalne po\u0142\u0105czenie relaksu i energii w precyzyjnym, \u0142atwym w u\u017cyciu formacie.<\/p>\n<h3 data-start=\"3348\" data-end=\"3361\">Ostrze\u017cenie<\/h3>\n<p data-start=\"3362\" data-end=\"3731\" data-is-last-node=\"\">U\u017cywaj odpowiedzialnie. Ten produkt jest <strong data-start=\"3395\" data-end=\"3442\">nie s\u0105 przeznaczone do sprzeda\u017cy lub u\u017cytku przez osoby poni\u017cej 18 roku \u017cycia<\/strong>. Nie spo\u017cywa\u0107 podczas prowadzenia pojazdu, obs\u0142ugi maszyn, w ci\u0105\u017cy, w okresie karmienia piersi\u0105 lub przyjmowania lek\u00f3w na recept\u0119 lub bez recepty. Przechowywa\u0107 w miejscu niedost\u0119pnym dla dzieci. Ten produkt nie zosta\u0142 oceniony przez FDA i nie jest przeznaczony do diagnozowania, leczenia ani zapobiegania jakimkolwiek chorobom.<\/p>","protected":false},"excerpt":{"rendered":"<p>Wyluzuj. Zwolnij z t\u0105 kaw\u0105 i zamiast tego we\u017a troch\u0119 Kratom Thai Red Capsule. Dobra, zachowaj spok\u00f3j, gdy opowiemy ci o tych czerwonych kapsu\u0142kach: ta silna odmiana pochodzi z las\u00f3w deszczowych Thailandii; oferuje wszystko, co najlepsze w kratomie Thai; a po u\u017cyciu daje euforyczny i poprawiaj\u0105cy koncentracj\u0119 efekt, kt\u00f3ry poprawia nastr\u00f3j i daje \u015bwietne pomys\u0142y. Idealny na rozruszanie zm\u0119czonego ty\u0142ka!<\/p>","protected":false},"featured_media":82192,"template":"","meta":[],"product_brand":[],"product_cat":[390,297,389,817,396,405,384],"product_tag":[],"class_list":{"0":"post-37911","1":"product","2":"type-product","3":"status-publish","4":"has-post-thumbnail","6":"product_cat-kratom","7":"product_cat-all-products","8":"product_cat-herbs","9":"product_cat-kratopia","10":"product_cat-relax","11":"product_cat-relax-herbs","12":"product_cat-smartshop","13":"product_shipping_class-group-7","15":"first","16":"instock","17":"taxable","18":"shipping-taxable","19":"purchasable","20":"product-type-variable","21":"has-default-attributes"},"_links":{"self":[{"href":"https:\/\/www.headshop.nl\/pl\/wp-json\/wp\/v2\/product\/37911","targetHints":{"allow":["GET"]}}],"collection":[{"href":"https:\/\/www.headshop.nl\/pl\/wp-json\/wp\/v2\/product"}],"about":[{"href":"https:\/\/www.headshop.nl\/pl\/wp-json\/wp\/v2\/types\/product"}],"wp:featuredmedia":[{"embeddable":true,"href":"https:\/\/www.headshop.nl\/pl\/wp-json\/wp\/v2\/media\/82192"}],"wp:attachment":[{"href":"https:\/\/www.headshop.nl\/pl\/wp-json\/wp\/v2\/media?parent=37911"}],"wp:term":[{"taxonomy":"product_brand","embeddable":true,"href":"https:\/\/www.headshop.nl\/pl\/wp-json\/wp\/v2\/product_brand?post=37911"},{"taxonomy":"product_cat","embeddable":true,"href":"https:\/\/www.headshop.nl\/pl\/wp-json\/wp\/v2\/product_cat?post=37911"},{"taxonomy":"product_tag","embeddable":true,"href":"https:\/\/www.headshop.nl\/pl\/wp-json\/wp\/v2\/product_tag?post=37911"}],"curies":[{"name":"wp","href":"https:\/\/api.w.org\/{rel}","templated":true}]}}