{"id":37835,"date":"2021-10-15T08:19:20","date_gmt":"2021-10-15T08:19:20","guid":{"rendered":"https:\/\/www.headshop.nl\/?post_type=product&#038;p=37835"},"modified":"2025-11-18T14:37:59","modified_gmt":"2025-11-18T14:37:59","slug":"yellow-borneo-kratom","status":"publish","type":"product","link":"https:\/\/www.headshop.nl\/pl\/yellow-borneo-kratom\/","title":{"rendered":"Yellow Borneo Kratom"},"content":{"rendered":"<h2 data-start=\"396\" data-end=\"430\">Co to jest Yellow Borneo Kratom?<\/h2>\n<p data-start=\"431\" data-end=\"1166\">Yellow Borneo Kratom to specyficzna odmiana drzewa Mitragyna speciosa, powszechnie znana ze swoich stymuluj\u0105cych efekt\u00f3w. Swoj\u0105 nazw\u0119 zawdzi\u0119cza regionowi Borneo, w kt\u00f3rym ro\u015blina ta jest g\u0142\u00f3wnie uprawiana, oraz charakterystycznemu \u017c\u00f3\u0142temu odcieniowi. Unikalny proces suszenia, kt\u00f3ry obejmuje szybkie suszenie na s\u0142o\u0144cu, nadaje tej odmianie wyra\u017any profil smakowy i silne dzia\u0142anie. Li\u015bcie Yellow Borneo Kratom s\u0105 starannie przetwarzane, aby zachowa\u0107 ich skuteczno\u015b\u0107 przy jednoczesnym zminimalizowaniu goryczy, cho\u0107 nadal maj\u0105 lekko gorzki smak w por\u00f3wnaniu do innych odmian. Wielu u\u017cytkownik\u00f3w wybiera t\u0119 odmian\u0119 Kratom do napoj\u00f3w, takich jak koktajle, soki owocowe lub domowe czekoladki, i jest ona szeroko stosowana przez sportowc\u00f3w i osoby poszukuj\u0105ce dodatkowego zastrzyku energii.<\/p>\n<p data-start=\"1168\" data-end=\"1607\">Yellow Borneo Kratom jest r\u00f3wnie\u017c znany z nieco bardziej stymuluj\u0105cego dzia\u0142ania ni\u017c inne odmiany Kratom. Sprawia to, \u017ce jest popularna zar\u00f3wno w celu zwi\u0119kszenia energii fizycznej, jak i psychicznej. Cho\u0107 niekt\u00f3rzy mog\u0105 uwa\u017ca\u0107 j\u0105 za bardziej gorzk\u0105, pozostaje ona wysoko ceniona ze wzgl\u0119du na swoje naturalne w\u0142a\u015bciwo\u015bci zwi\u0119kszaj\u0105ce energi\u0119. Dla tych, kt\u00f3rzy chc\u0105 zwi\u0119kszy\u0107 koncentracj\u0119, czujno\u015b\u0107 i og\u00f3lne samopoczucie, Yellow Borneo Kratom oferuje naturaln\u0105 alternatyw\u0119 dla bardziej tradycyjnych stymulant\u00f3w.<\/p>\n<h2 data-start=\"1614\" data-end=\"1650\">Historia Yellow Borneo Kratom<\/h2>\n<p data-start=\"1651\" data-end=\"2275\">Historia Yellow Borneo Kratom si\u0119ga rdzennych kultur Azji Po\u0142udniowo-Wschodniej, gdzie Kratom by\u0142 u\u017cywany od wiek\u00f3w ze wzgl\u0119du na swoje w\u0142a\u015bciwo\u015bci lecznicze i terapeutyczne. Drzewo Mitragyna speciosa, z kt\u00f3rego pochodzi Kratom, pochodzi z tropikalnych region\u00f3w Azji Po\u0142udniowo-Wschodniej, w szczeg\u00f3lno\u015bci z Thailandii, Malezji i Indonezji. Z biegiem czasu opracowano i udoskonalono r\u00f3\u017cne szczepy Kratom, a ka\u017cdy z nich zosta\u0142 nazwany na cze\u015b\u0107 regionu, w kt\u00f3rym by\u0142 uprawiany. Yellow Borneo Kratom pochodzi w szczeg\u00f3lno\u015bci z wyspy Borneo, kt\u00f3ra znana jest z idealnego klimatu i warunk\u00f3w glebowych do uprawy Kratom.<\/p>\n<p data-start=\"2277\" data-end=\"2907\">Podczas gdy Kratom by\u0142 tradycyjnie stosowany do leczenia b\u00f3lu i jako wzmacniacz energii w Azji Po\u0142udniowo-Wschodniej, popularno\u015b\u0107 Yellow Borneo Kratom gwa\u0142townie wzros\u0142a na Zachodzie, zw\u0142aszcza w Kalifornii. Jej \u0142agodna goryczka, unikalny proces suszenia i zdolno\u015b\u0107 do dostarczania zar\u00f3wno stymuluj\u0105cych, jak i uspokajaj\u0105cych efekt\u00f3w sprawi\u0142y, \u017ce sta\u0142a si\u0119 ulubion\u0105 w\u015br\u00f3d entuzjast\u00f3w Kratom. W Kalifornii zyska\u0142a uznanie jako wszechstronny sk\u0142adnik koktajli, napoj\u00f3w energetycznych, a nawet zdrowych przepis\u00f3w \u015bniadaniowych. To po\u0142\u0105czenie historii i innowacji ugruntowa\u0142o miejsce Yellow Borneo Kratom jako podstawy w \u015bwiecie naturalnych suplement\u00f3w.<\/p>\n<h2 data-start=\"2914\" data-end=\"2950\">Jak u\u017cywa\u0107 Yellow Borneo Kratom<\/h2>\n<p data-start=\"2951\" data-end=\"3350\">Aby skutecznie stosowa\u0107 Yellow Borneo Kratom, najcz\u0119\u015bciej zaparza si\u0119 go w herbacie. Zalecan\u0105 metod\u0105 jest rozpuszczenie od 4 do 5 gram\u00f3w sproszkowanego Kratom w gor\u0105cej wodzie o temperaturze od 70 do 95 stopni Celsjusza. Herbat\u0119 nale\u017cy parzy\u0107 przez oko\u0142o 3 do 5 minut, aby zapewni\u0107 prawid\u0142ow\u0105 ekstrakcj\u0119 zwi\u0105zk\u00f3w aktywnych Kratom. Nie ma potrzeby odcedzania herbaty, poniewa\u017c mo\u017cna spo\u017cywa\u0107 wszystkie cz\u0119\u015bci li\u015bci.<\/p>\n<p data-start=\"3352\" data-end=\"3876\">Niekt\u00f3rzy u\u017cytkownicy wol\u0105 dodawa\u0107 do herbaty owoce lub mi\u00f3d, aby zmniejszy\u0107 gorycz, czyni\u0105c j\u0105 przyjemniejszym napojem. Dodatkowo, Yellow Borneo Kratom mo\u017cna dodawa\u0107 do koktajli lub smoothie, gdzie dobrze \u0142\u0105czy si\u0119 z innymi sk\u0142adnikami i zapewnia zastrzyk energii, kt\u00f3ry utrzymuje si\u0119 przez ca\u0142y dzie\u0144. Dla tych, kt\u00f3rzy szukaj\u0105 \u0142agodnego efektu, zaleca si\u0119 spo\u017cywanie od 3 do 5 gram\u00f3w. Nale\u017cy pami\u0119ta\u0107, \u017ce efekty dzia\u0142ania Kratom mog\u0105 si\u0119 r\u00f3\u017cni\u0107 w zale\u017cno\u015bci od masy cia\u0142a, wra\u017cliwo\u015bci i mocy stosowanego Kratom.<\/p>\n<p data-start=\"3878\" data-end=\"4083\">Podobnie jak w przypadku ka\u017cdego suplementu zio\u0142owego, konieczne jest rozpocz\u0119cie od ma\u0142ej dawki, aby oceni\u0107 reakcj\u0119 organizmu. Z czasem niekt\u00f3rzy u\u017cytkownicy mog\u0105 stwierdzi\u0107, \u017ce musz\u0105 dostosowa\u0107 dawk\u0119, aby osi\u0105gn\u0105\u0107 po\u017c\u0105dane efekty.<\/p>\n<h2 data-start=\"4090\" data-end=\"4130\">Sk\u0142adniki Yellow Borneo Kratom<\/h2>\n<p data-start=\"4131\" data-end=\"4659\">Podstawowym sk\u0142adnikiem Yellow Borneo Kratom jest proszek z suszonych li\u015bci drzewa Mitragyna speciosa. Li\u015bcie drzewa s\u0105 starannie zbierane, przetwarzane i suszone przy u\u017cyciu unikalnej metody, kt\u00f3ra nadaje Yellow Borneo jego odr\u0119bne w\u0142a\u015bciwo\u015bci. Proces suszenia, kt\u00f3ry obejmuje kr\u00f3tki czas na s\u0142o\u0144cu, poprawia profil alkaloid\u00f3w Kratom, w szczeg\u00f3lno\u015bci jego aktywnych zwi\u0105zk\u00f3w, mitragyniny i 7-hydroksymitragyniny. Zwi\u0105zki te s\u0105 odpowiedzialne za dzia\u0142anie pobudzaj\u0105ce i uspokajaj\u0105ce powszechnie kojarzone z Kratom.<\/p>\n<p data-start=\"4661\" data-end=\"5050\">Drzewo Mitragyna speciosa ro\u015bnie w wilgotnym, tropikalnym klimacie Azji Po\u0142udniowo-Wschodniej, szczeg\u00f3lnie w regionach Borneo i Sumatry. Wysokiej jako\u015bci li\u015bcie zbierane z tych obszar\u00f3w s\u0105 mielone na drobny proszek i pakowane do spo\u017cycia. Jako produkt naturalny, Yellow Borneo Kratom nie zawiera \u017cadnych dodatk\u00f3w chemicznych ani sztucznych substancji, dzi\u0119ki czemu jest czystym suplementem ro\u015blinnym.<\/p>\n<p data-start=\"5052\" data-end=\"5361\">Zawarto\u015b\u0107 alkaloid\u00f3w w Kratom mo\u017ce si\u0119 r\u00f3\u017cni\u0107 w zale\u017cno\u015bci od odmiany i procesu suszenia, a Yellow Borneo jest znana ze zr\u00f3wnowa\u017conego dzia\u0142ania - zapewniaj\u0105c u\u017cytkownikom zar\u00f3wno energi\u0119, jak i \u0142agodny relaks. Sproszkowana forma li\u015bci zapewnia \u0142atw\u0105 konsumpcj\u0119 i wszechstronno\u015b\u0107, niezale\u017cnie od tego, czy zmieszana z herbat\u0105, koktajlem czy innym napojem.<\/p>\n<p data-start=\"5368\" data-end=\"5700\" data-is-last-node=\"\"><strong data-start=\"5368\" data-end=\"5380\">Ostrze\u017cenie:<\/strong><br data-start=\"5380\" data-end=\"5383\" \/>Ten produkt nie jest przeznaczony do sprzeda\u017cy ani u\u017cytku przez osoby poni\u017cej 18 roku \u017cycia. Przechowywa\u0107 w miejscu niedost\u0119pnym dla dzieci. Nie stosowa\u0107 w przypadku wysokiego lub niskiego ci\u015bnienia krwi, chor\u00f3b serca lub p\u0142uc, cukrzycy, ci\u0105\u017cy, stosowania lek\u00f3w, narkotyk\u00f3w lub alkoholu. Przed zastosowaniem jakiegokolwiek suplementu nale\u017cy zawsze skonsultowa\u0107 si\u0119 z lekarzem.<\/p>","protected":false},"excerpt":{"rendered":"<p>Yellow Borneo Kratom to wyj\u0105tkowa odmiana znana z silnego dzia\u0142ania, pozyskiwana z drzewa Mitragyna speciosa. Przetwarzana metod\u0105 kr\u00f3tkiego suszenia na s\u0142o\u0144cu, jest szczeg\u00f3lnie popularna w Kalifornii, gdzie dodaje si\u0119 j\u0105 do koktajli, napoj\u00f3w owocowych, a nawet posi\u0142k\u00f3w \u015bniadaniowych w celu zwi\u0119kszenia energii. Lekko gorzki smak mo\u017cna z\u0142agodzi\u0107 owocami lub miodem.<\/p>","protected":false},"featured_media":82195,"template":"","meta":[],"product_brand":[],"product_cat":[390,297,389,817,396,405,384],"product_tag":[],"class_list":{"0":"post-37835","1":"product","2":"type-product","3":"status-publish","4":"has-post-thumbnail","6":"product_cat-kratom","7":"product_cat-all-products","8":"product_cat-herbs","9":"product_cat-kratopia","10":"product_cat-relax","11":"product_cat-relax-herbs","12":"product_cat-smartshop","13":"product_shipping_class-group-7","15":"first","16":"instock","17":"taxable","18":"shipping-taxable","19":"purchasable","20":"product-type-variable","21":"has-default-attributes"},"_links":{"self":[{"href":"https:\/\/www.headshop.nl\/pl\/wp-json\/wp\/v2\/product\/37835","targetHints":{"allow":["GET"]}}],"collection":[{"href":"https:\/\/www.headshop.nl\/pl\/wp-json\/wp\/v2\/product"}],"about":[{"href":"https:\/\/www.headshop.nl\/pl\/wp-json\/wp\/v2\/types\/product"}],"wp:featuredmedia":[{"embeddable":true,"href":"https:\/\/www.headshop.nl\/pl\/wp-json\/wp\/v2\/media\/82195"}],"wp:attachment":[{"href":"https:\/\/www.headshop.nl\/pl\/wp-json\/wp\/v2\/media?parent=37835"}],"wp:term":[{"taxonomy":"product_brand","embeddable":true,"href":"https:\/\/www.headshop.nl\/pl\/wp-json\/wp\/v2\/product_brand?post=37835"},{"taxonomy":"product_cat","embeddable":true,"href":"https:\/\/www.headshop.nl\/pl\/wp-json\/wp\/v2\/product_cat?post=37835"},{"taxonomy":"product_tag","embeddable":true,"href":"https:\/\/www.headshop.nl\/pl\/wp-json\/wp\/v2\/product_tag?post=37835"}],"curies":[{"name":"wp","href":"https:\/\/api.w.org\/{rel}","templated":true}]}}