{"id":37834,"date":"2021-10-15T08:19:19","date_gmt":"2021-10-15T08:19:19","guid":{"rendered":"https:\/\/www.headshop.nl\/?post_type=product&#038;p=37834"},"modified":"2026-02-11T13:26:17","modified_gmt":"2026-02-11T13:26:17","slug":"white-maeng-da-kratom","status":"publish","type":"product","link":"https:\/\/www.headshop.nl\/pl\/white-maeng-da-kratom\/","title":{"rendered":"White Maeng Da Kratom"},"content":{"rendered":"<h2 data-start=\"385\" data-end=\"420\">Co to jest White Maeng Da Kratom?<\/h2>\n<p data-start=\"421\" data-end=\"957\">White Maeng Da Kratom to popularna odmiana Kratom znana ze swoich energetyzuj\u0105cych w\u0142a\u015bciwo\u015bci. Pochodz\u0105ca z drzewa Mitragyna speciosa odmiana wyr\u00f3\u017cnia si\u0119 wysok\u0105 zawarto\u015bci\u0105 alkaloid\u00f3w, w szczeg\u00f3lno\u015bci mitragyniny, kt\u00f3ra odpowiada za dzia\u0142anie pobudzaj\u0105ce i poprawiaj\u0105ce nastr\u00f3j. Li\u015bcie s\u0105 starannie zbierane, gdy s\u0105 cz\u0119\u015bciowo dojrza\u0142e, dzi\u0119ki czemu zachowuj\u0105 maksymaln\u0105 ilo\u015b\u0107 psychoaktywnych alkaloid\u00f3w. Ta specjalna metoda zbioru, w po\u0142\u0105czeniu z procesem suszenia w ciemno\u015bci, nadaje White Maeng Da wyj\u0105tkowy bia\u0142y kolor.<\/p>\n<p data-start=\"959\" data-end=\"1466\">Powszechnie stosowany jako naturalny wzmacniacz energii, White Maeng Da jest idealny dla os\u00f3b poszukuj\u0105cych alternatywy dla kofeiny lub innych stymulant\u00f3w. Mo\u017ce pom\u00f3c poprawi\u0107 skupienie, koncentracj\u0119 i jasno\u015b\u0107 umys\u0142u, dzi\u0119ki czemu jest preferowanym wyborem dla os\u00f3b potrzebuj\u0105cych mentalnego pobudzenia lub dodatkowego zastrzyku energii w ci\u0105gu dnia. Aby uzyska\u0107 optymalne rezultaty, u\u017cytkownicy cz\u0119sto parz\u0105 herbat\u0119, w kt\u00f3rej alkaloidy s\u0105 szybko wch\u0142aniane przez organizm. Jej dzia\u0142anie rozpoczyna si\u0119 zwykle w ci\u0105gu 15 minut od spo\u017cycia i mo\u017ce utrzymywa\u0107 si\u0119 przez kilka godzin.<\/p>\n<h2 data-start=\"1473\" data-end=\"1510\">Historia White Maeng Da Kratom<\/h2>\n<p data-start=\"1511\" data-end=\"1955\">White Maeng Da Kratom pochodzi z Azji Po\u0142udniowo-Wschodniej, gdzie Kratom jest od wiek\u00f3w wykorzystywana przez lokalne spo\u0142eczno\u015bci ze wzgl\u0119du na swoje w\u0142a\u015bciwo\u015bci lecznicze. Termin \"Maeng Da\" odnosi si\u0119 do najwy\u017cszej jako\u015bci, specjalnie uprawianej odmiany Kratom i jest uwa\u017cany za jeden z najsilniejszych dost\u0119pnych szczep\u00f3w. W przeciwie\u0144stwie do innych odmian Kratom, Maeng Da Kratom jest zbierana w spos\u00f3b maksymalizuj\u0105cy zawarto\u015b\u0107 alkaloid\u00f3w w li\u015bciach, co przek\u0142ada si\u0119 na jej wyj\u0105tkow\u0105 moc.<\/p>\n<p data-start=\"1957\" data-end=\"2593\">Odmiana Maeng Da by\u0142a pierwotnie uprawiana w Thailandii i od tego czasu rozprzestrzeni\u0142a si\u0119 w innych cz\u0119\u015bciach Azji Po\u0142udniowo-Wschodniej, gdzie sta\u0142a si\u0119 wysoko ceniona za swoje pobudzaj\u0105ce i poprawiaj\u0105ce nastr\u00f3j dzia\u0142anie. Z czasem White Maeng Da Kratom zyska\u0142a popularno\u015b\u0107 na rynkach zachodnich, zw\u0142aszcza w Stanach Zjednoczonych, gdzie jest uznawana za swoje w\u0142a\u015bciwo\u015bci energetyzuj\u0105ce i poprawiaj\u0105ce koncentracj\u0119. W Kalifornii jest ona cz\u0119sto dodawana do koktajli lub herbat w celu uzyskania naturalnego i zr\u00f3wnowa\u017conego zastrzyku energii. Jej unikalne w\u0142a\u015bciwo\u015bci, takie jak specjalny proces suszenia, odr\u00f3\u017cniaj\u0105 j\u0105 od innych odmian Kratom, a ci\u0105g\u0142y popyt przyczyni\u0142 si\u0119 do jej globalnego rozpowszechnienia.<\/p>\n<h2 data-start=\"2600\" data-end=\"2637\">Jak u\u017cywa\u0107 White Maeng Da Kratom<\/h2>\n<p data-start=\"2638\" data-end=\"3093\">Najpopularniejszym i najskuteczniejszym sposobem wykorzystania White Maeng Da Kratom jest zaparzenie go w herbacie. W tym celu nale\u017cy rozpu\u015bci\u0107 od 4 do 5 gram\u00f3w sproszkowanego Kratom w gor\u0105cej wodzie (o temperaturze 70-95 stopni Celsjusza) i parzy\u0107 przez oko\u0142o 3 do 5 minut. Nie ma potrzeby odcedzania herbaty, poniewa\u017c mo\u017cna spo\u017cywa\u0107 ca\u0142\u0105 mieszank\u0119. Zalecana dawka wynosi od 3 do 5 gram\u00f3w dla \u0142agodnego do umiarkowanego efektu, ale u\u017cytkownicy powinni dostosowa\u0107 j\u0105 do swojej wra\u017cliwo\u015bci i masy cia\u0142a.<\/p>\n<p data-start=\"3095\" data-end=\"3672\">Wa\u017cne jest, aby pami\u0119ta\u0107, \u017ce efekty energetyzuj\u0105ce White Maeng Da mog\u0105 sta\u0107 si\u0119 zauwa\u017calne po oko\u0142o 15 minutach, w zale\u017cno\u015bci od indywidualnych czynnik\u00f3w, takich jak wiek, stan zdrowia i p\u0142e\u0107. U\u017cytkownicy powinni zawsze zaczyna\u0107 od niskiej dawki, zw\u0142aszcza je\u015bli s\u0105 nowicjuszami w stosowaniu Kratom, i stopniowo j\u0105 zwi\u0119ksza\u0107 w oparciu o osobiste do\u015bwiadczenia. Niekt\u00f3rzy u\u017cytkownicy mieszaj\u0105 proszek Kratom w koktajlach lub koktajlach, aby u\u0142atwi\u0107 jego spo\u017cycie. Nale\u017cy jednak zachowa\u0107 ostro\u017cno\u015b\u0107, aby unikn\u0105\u0107 nadmiernego spo\u017cycia, poniewa\u017c wy\u017csze dawki White Maeng Da mog\u0105 prowadzi\u0107 do dzia\u0142ania uspokajaj\u0105cego, a nie energetyzuj\u0105cego, z kt\u00f3rego jest znany.<\/p>\n<h2 data-start=\"3679\" data-end=\"3720\">Sk\u0142adniki White Maeng Da Kratom<\/h2>\n<p data-start=\"3721\" data-end=\"4101\">Podstawowym sk\u0142adnikiem White Maeng Da Kratom s\u0105 sproszkowane li\u015bcie drzewa Mitragyna speciosa. Li\u015bcie s\u0105 starannie zbierane we w\u0142a\u015bciwym czasie, gdy s\u0105 cz\u0119\u015bciowo dojrza\u0142e, co zapewnia zachowanie maksymalnej liczby alkaloid\u00f3w. Alkaloidy te, w tym mitragynina i 7-hydroksymitragynina, odpowiadaj\u0105 za pobudzaj\u0105ce i poprawiaj\u0105ce nastr\u00f3j dzia\u0142anie tej odmiany.<\/p>\n<p data-start=\"4103\" data-end=\"4522\">Po zebraniu li\u015bcie poddawane s\u0105 unikalnemu procesowi suszenia, w kt\u00f3rym s\u0105 przechowywane w ciemnych warunkach, aby zachowa\u0107 alkaloidy. Proces suszenia przyczynia si\u0119 r\u00f3wnie\u017c do charakterystycznego bia\u0142ego koloru tej odmiany. White Maeng Da Kratom nie zawiera \u017cadnych sztucznych dodatk\u00f3w ani substancji chemicznych, dzi\u0119ki czemu jest naturalnym suplementem ro\u015blinnym. Ta czysto\u015b\u0107 zapewnia u\u017cytkownikom pe\u0142ne korzy\u015bci p\u0142yn\u0105ce z aktywnych zwi\u0105zk\u00f3w Kratom.<\/p>\n<p data-start=\"4524\" data-end=\"4879\">Zawarto\u015b\u0107 alkaloid\u00f3w w White Maeng Da Kratom jest jedn\u0105 z najwy\u017cszych w\u015br\u00f3d szczep\u00f3w Kratom, co czyni j\u0105 szczeg\u00f3lnie skuteczn\u0105 w podnoszeniu poziomu energii i zwi\u0119kszaniu jasno\u015bci umys\u0142u. Przy odpowiedzialnym stosowaniu, odmiana ta oferuje naturaln\u0105 alternatyw\u0119 dla kofeiny i innych stymulant\u00f3w, bez skutk\u00f3w ubocznych cz\u0119sto zwi\u0105zanych z syntetycznymi wzmacniaczami energii.<\/p>\n<p data-start=\"4886\" data-end=\"5215\" data-is-last-node=\"\"><strong data-start=\"4886\" data-end=\"4898\">Ostrze\u017cenie:<\/strong><br data-start=\"4898\" data-end=\"4901\" \/>Sprzeda\u017c i u\u017cywanie tego produktu przez osoby poni\u017cej 18 roku \u017cycia s\u0105 zabronione. Przechowywa\u0107 w miejscu niedost\u0119pnym dla dzieci. Nie stosowa\u0107 w przypadku wysokiego lub niskiego ci\u015bnienia krwi, chor\u00f3b serca lub p\u0142uc, cukrzycy, ci\u0105\u017cy, przyjmowania lek\u00f3w, narkotyk\u00f3w lub alkoholu. Przed u\u017cyciem nale\u017cy zawsze skonsultowa\u0107 si\u0119 z lekarzem.<\/p>","protected":false},"excerpt":{"rendered":"<p>White Maeng Da Kratom to pot\u0119\u017cna i energetyzuj\u0105ca odmiana Kratom znana z wysokiego st\u0119\u017cenia psychoaktywnych alkaloid\u00f3w. Odmiana ta jest idealna dla os\u00f3b poszukuj\u0105cych naturalnego zastrzyku energii, jasno\u015bci umys\u0142u i skupienia. Dzi\u0119ki starannie kontrolowanemu procesowi suszenia, White Maeng Da oferuje silne efekty i jest powszechnie spo\u017cywany jako herbata dla uzyskania optymalnych rezultat\u00f3w.<\/p>","protected":false},"featured_media":82197,"template":"","meta":[],"product_brand":[],"product_cat":[390,297,389,817,396,405,384],"product_tag":[],"class_list":{"0":"post-37834","1":"product","2":"type-product","3":"status-publish","4":"has-post-thumbnail","6":"product_cat-kratom","7":"product_cat-all-products","8":"product_cat-herbs","9":"product_cat-kratopia","10":"product_cat-relax","11":"product_cat-relax-herbs","12":"product_cat-smartshop","13":"product_shipping_class-group-7","15":"first","16":"instock","17":"taxable","18":"shipping-taxable","19":"purchasable","20":"product-type-variable","21":"has-default-attributes"},"_links":{"self":[{"href":"https:\/\/www.headshop.nl\/pl\/wp-json\/wp\/v2\/product\/37834","targetHints":{"allow":["GET"]}}],"collection":[{"href":"https:\/\/www.headshop.nl\/pl\/wp-json\/wp\/v2\/product"}],"about":[{"href":"https:\/\/www.headshop.nl\/pl\/wp-json\/wp\/v2\/types\/product"}],"wp:featuredmedia":[{"embeddable":true,"href":"https:\/\/www.headshop.nl\/pl\/wp-json\/wp\/v2\/media\/82197"}],"wp:attachment":[{"href":"https:\/\/www.headshop.nl\/pl\/wp-json\/wp\/v2\/media?parent=37834"}],"wp:term":[{"taxonomy":"product_brand","embeddable":true,"href":"https:\/\/www.headshop.nl\/pl\/wp-json\/wp\/v2\/product_brand?post=37834"},{"taxonomy":"product_cat","embeddable":true,"href":"https:\/\/www.headshop.nl\/pl\/wp-json\/wp\/v2\/product_cat?post=37834"},{"taxonomy":"product_tag","embeddable":true,"href":"https:\/\/www.headshop.nl\/pl\/wp-json\/wp\/v2\/product_tag?post=37834"}],"curies":[{"name":"wp","href":"https:\/\/api.w.org\/{rel}","templated":true}]}}