{"id":37832,"date":"2021-10-15T08:19:16","date_gmt":"2021-10-15T08:19:16","guid":{"rendered":"https:\/\/www.headshop.nl\/?post_type=product&#038;p=37832"},"modified":"2025-11-18T14:38:00","modified_gmt":"2025-11-18T14:38:00","slug":"white-borneo-kratom","status":"publish","type":"product","link":"https:\/\/www.headshop.nl\/pl\/white-borneo-kratom\/","title":{"rendered":"White Borneo Kratom"},"content":{"rendered":"<h2 data-start=\"426\" data-end=\"459\">Co to jest White Borneo Kratom?<\/h2>\n<p data-start=\"460\" data-end=\"870\">White Borneo Kratom to charakterystyczna odmiana Kratom, naturalnego zio\u0142a z drzewa Mitragyna speciosa. Znana z silnego dzia\u0142ania pobudzaj\u0105cego zmys\u0142y, jest szczeg\u00f3lnie skuteczna w zwi\u0119kszaniu koncentracji i jasno\u015bci umys\u0142u. Odmiana ta wywodzi swoj\u0105 nazw\u0119 od regionu, w kt\u00f3rym jest uprawiana - wyspy Borneo - i jest znana z wysokiej zawarto\u015bci alkaloid\u00f3w, co wp\u0142ywa na jej w\u0142a\u015bciwo\u015bci psychoaktywne.<\/p>\n<p data-start=\"872\" data-end=\"1417\">White Borneo Kratom wyr\u00f3\u017cnia si\u0119 na tle innych odmian ze wzgl\u0119du na zdolno\u015b\u0107 do poprawy percepcji sensorycznej, w szczeg\u00f3lno\u015bci wzroku i koncentracji. U\u017cytkownicy zg\u0142aszaj\u0105, \u017ce wyostrza ona ich jasno\u015b\u0107 umys\u0142u i zwi\u0119ksza zdolno\u015b\u0107 koncentracji, co czyni j\u0105 popularnym wyborem dla os\u00f3b poszukuj\u0105cych zastrzyku energii i skupienia. Spo\u017cywany w niskich dawkach, White Borneo Kratom mo\u017ce zapewni\u0107 popraw\u0119 funkcji poznawczych, nie staj\u0105c si\u0119 przyt\u0142aczaj\u0105cym. W rzeczywisto\u015bci wielu u\u017cytkownik\u00f3w uwa\u017ca, \u017ce niewielka ilo\u015b\u0107 mo\u017ce znacznie poprawi\u0107 ich wydajno\u015b\u0107 w zadaniach wymagaj\u0105cych d\u0142ugotrwa\u0142ej uwagi.<\/p>\n<h2 data-start=\"1424\" data-end=\"1459\">Historia White Borneo Kratom<\/h2>\n<p data-start=\"1460\" data-end=\"1968\">Historia White Borneo Kratom jest zakorzeniona w tradycyjnym stosowaniu Kratom w Azji Po\u0142udniowo-Wschodniej, gdzie drzewo Mitragyna speciosa jest wykorzystywane od wiek\u00f3w. Mieszka\u0144cy tego regionu od dawna stosuj\u0105 Kratom ze wzgl\u0119du na r\u00f3\u017cne korzy\u015bci lecznicze, w tym \u0142agodzenie b\u00f3lu, zwi\u0119kszanie energii i regulacj\u0119 nastroju. Jednak odmiana White Borneo, z charakterystycznym profilem alkaloid\u00f3w, jest stosunkowo nowa na rynku globalnym, zyskuj\u0105c popularno\u015b\u0107 przede wszystkim ze wzgl\u0119du na jasno\u015b\u0107 umys\u0142u i dzia\u0142anie poprawiaj\u0105ce koncentracj\u0119.<\/p>\n<p data-start=\"1970\" data-end=\"2567\">White Borneo Kratom jest uprawiana na wyspie Borneo, gdzie gleba i klimat zapewniaj\u0105 idealne warunki do wzrostu drzew Kratom. Unikalne w\u0142a\u015bciwo\u015bci tej odmiany wynikaj\u0105 w du\u017cej mierze ze specyficznych metod suszenia i przetwarzania stosowanych po zebraniu li\u015bci. Li\u015bcie s\u0105 suszone w szczeg\u00f3lny spos\u00f3b, kt\u00f3ry pomaga zachowa\u0107 wysokie st\u0119\u017cenie alkaloid\u00f3w, nadaj\u0105c White Borneo Kratom charakterystyczne efekty. Z czasem odmiana ta trafi\u0142a na rynki zachodnie, gdzie szybko sta\u0142a si\u0119 ulubion\u0105 w\u015br\u00f3d os\u00f3b poszukuj\u0105cych naturalnej alternatywy dla syntetycznych stymulant\u00f3w.<\/p>\n<h2 data-start=\"2574\" data-end=\"2609\">Jak u\u017cywa\u0107 White Borneo Kratom<\/h2>\n<p data-start=\"2610\" data-end=\"3008\">Aby u\u017cy\u0107 White Borneo Kratom, najcz\u0119stsz\u0105 i zalecan\u0105 metod\u0105 jest zaparzenie go w herbacie. Proces jest prosty: rozpu\u015b\u0107 4 do 5 gram\u00f3w sproszkowanego Kratom w gor\u0105cej wodzie (o temperaturze 70-95 stopni Celsjusza) i pozostaw do zaparzenia na 3 do 5 minut. Rezultatem jest \u0142agodna, przyjemna herbata, kt\u00f3ra zapewnia organizmowi po\u017c\u0105dane efekty White Borneo Kratom bez potrzeby dodatkowego przygotowania.<\/p>\n<p data-start=\"3010\" data-end=\"3684\">Aby uzyska\u0107 najlepsze wyniki, zacznij od niskiej dawki, aby oceni\u0107 reakcj\u0119 organizmu, zw\u0142aszcza je\u015bli dopiero zaczynasz stosowa\u0107 Kratom. White Borneo Kratom jest cz\u0119sto opisywany jako zapewniaj\u0105cy stopniowy wzrost koncentracji, z zauwa\u017calnymi efektami zaczynaj\u0105cymi si\u0119 oko\u0142o 15 minut po spo\u017cyciu. Niekt\u00f3rzy u\u017cytkownicy mog\u0105 preferowa\u0107 mieszanie go z sokami owocowymi, takimi jak sok pomara\u0144czowy, aby wzmocni\u0107 jego efekty sensoryczne i smak. Nale\u017cy zauwa\u017cy\u0107, \u017ce dzia\u0142anie White Borneo Kratom mo\u017ce r\u00f3\u017cni\u0107 si\u0119 w zale\u017cno\u015bci od osoby, a czynniki takie jak waga, wiek i og\u00f3lny stan zdrowia wp\u0142ywaj\u0105 na jego skuteczno\u015b\u0107. Zawsze zaleca si\u0119 odpowiedzialne stosowanie Kratom, zaczynaj\u0105c od ma\u0142ych dawek, aby zapewni\u0107 po\u017c\u0105dany efekt.<\/p>\n<h2 data-start=\"3691\" data-end=\"3730\">Sk\u0142adniki White Borneo Kratom<\/h2>\n<p data-start=\"3731\" data-end=\"4200\">Podstawowym sk\u0142adnikiem White Borneo Kratom jest sproszkowany li\u015b\u0107 drzewa Mitragyna speciosa, uprawianego na wyspie Borneo. Li\u015bcie tego drzewa s\u0105 starannie zbierane we w\u0142a\u015bciwym czasie, gdy dopiero zaczynaj\u0105 dojrzewa\u0107, co zapewnia zachowanie maksymalnej ilo\u015bci alkaloid\u00f3w. Alkaloidy te, g\u0142\u00f3wnie mitragynina i 7-hydroksymitragynina, s\u0105 aktywnymi zwi\u0105zkami odpowiedzialnymi za stymuluj\u0105ce i zwi\u0119kszaj\u0105ce koncentracj\u0119 dzia\u0142anie White Borneo Kratom.<\/p>\n<p data-start=\"4202\" data-end=\"4810\">Po zebraniu li\u015bcie poddawane s\u0105 specjalnemu procesowi suszenia, w kt\u00f3rym s\u0105 przechowywane w kontrolowanych warunkach, aby zachowa\u0107 najwy\u017cszy mo\u017cliwy poziom alkaloid\u00f3w. Proces ten jest kluczem do nadania White Borneo Kratom unikalnych w\u0142a\u015bciwo\u015bci, kt\u00f3re obejmuj\u0105 zwi\u0119kszon\u0105 jasno\u015b\u0107 umys\u0142u, zwi\u0119kszon\u0105 koncentracj\u0119 i lepsz\u0105 percepcj\u0119 sensoryczn\u0105. W przeciwie\u0144stwie do innych odmian Kratom, proces suszenia White Borneo pomaga zachowa\u0107 jej bia\u0142y kolor i silne dzia\u0142anie. Jako produkt naturalny, White Borneo Kratom nie zawiera \u017cadnych dodatk\u00f3w chemicznych ani konserwant\u00f3w, dzi\u0119ki czemu jest czystym, ro\u015blinnym suplementem dla os\u00f3b poszukuj\u0105cych wzmocnienia funkcji poznawczych.<\/p>\n<p data-start=\"4817\" data-end=\"5151\" data-is-last-node=\"\"><strong data-start=\"4817\" data-end=\"4829\">Ostrze\u017cenie:<\/strong><br data-start=\"4829\" data-end=\"4832\" \/>Ten produkt nie jest przeznaczony do sprzeda\u017cy ani u\u017cytku przez osoby poni\u017cej 18 roku \u017cycia. Przechowywa\u0107 w miejscu niedost\u0119pnym dla dzieci. Nie stosowa\u0107 w przypadku wysokiego lub niskiego ci\u015bnienia krwi, chor\u00f3b serca lub p\u0142uc, cukrzycy, ci\u0105\u017cy, przyjmowania lek\u00f3w, narkotyk\u00f3w lub alkoholu. Przed zastosowaniem jakiegokolwiek suplementu nale\u017cy zawsze skonsultowa\u0107 si\u0119 z lekarzem.<\/p>","protected":false},"excerpt":{"rendered":"<p data-start=\"0\" data-end=\"419\">White Borneo Kratom to odmiana znana z poprawy koncentracji, jasno\u015bci umys\u0142u i percepcji sensorycznej. Dzi\u0119ki wyj\u0105tkowej zdolno\u015bci do wyostrzania koncentracji, jest cz\u0119sto preferowana przez osoby potrzebuj\u0105ce wzmocnienia funkcji poznawczych. Przy ni\u017cszych dawkach u\u017cytkownicy zg\u0142aszaj\u0105 popraw\u0119 koncentracji, podczas gdy wy\u017csze dawki maj\u0105 tendencj\u0119 do oferowania bardziej uspokajaj\u0105cych efekt\u00f3w. Odmiana ta jest powszechnie spo\u017cywana w postaci herbaty, co u\u0142atwia w\u0142\u0105czenie jej do codziennej rutyny.<\/p>","protected":false},"featured_media":82201,"template":"","meta":[],"product_brand":[],"product_cat":[390,297,389,817,396,405,384],"product_tag":[],"class_list":{"0":"post-37832","1":"product","2":"type-product","3":"status-publish","4":"has-post-thumbnail","6":"product_cat-kratom","7":"product_cat-all-products","8":"product_cat-herbs","9":"product_cat-kratopia","10":"product_cat-relax","11":"product_cat-relax-herbs","12":"product_cat-smartshop","13":"product_shipping_class-group-7","15":"first","16":"instock","17":"taxable","18":"shipping-taxable","19":"purchasable","20":"product-type-variable","21":"has-default-attributes"},"_links":{"self":[{"href":"https:\/\/www.headshop.nl\/pl\/wp-json\/wp\/v2\/product\/37832","targetHints":{"allow":["GET"]}}],"collection":[{"href":"https:\/\/www.headshop.nl\/pl\/wp-json\/wp\/v2\/product"}],"about":[{"href":"https:\/\/www.headshop.nl\/pl\/wp-json\/wp\/v2\/types\/product"}],"wp:featuredmedia":[{"embeddable":true,"href":"https:\/\/www.headshop.nl\/pl\/wp-json\/wp\/v2\/media\/82201"}],"wp:attachment":[{"href":"https:\/\/www.headshop.nl\/pl\/wp-json\/wp\/v2\/media?parent=37832"}],"wp:term":[{"taxonomy":"product_brand","embeddable":true,"href":"https:\/\/www.headshop.nl\/pl\/wp-json\/wp\/v2\/product_brand?post=37832"},{"taxonomy":"product_cat","embeddable":true,"href":"https:\/\/www.headshop.nl\/pl\/wp-json\/wp\/v2\/product_cat?post=37832"},{"taxonomy":"product_tag","embeddable":true,"href":"https:\/\/www.headshop.nl\/pl\/wp-json\/wp\/v2\/product_tag?post=37832"}],"curies":[{"name":"wp","href":"https:\/\/api.w.org\/{rel}","templated":true}]}}