{"id":37830,"date":"2021-10-15T08:19:10","date_gmt":"2021-10-15T08:19:10","guid":{"rendered":"https:\/\/www.headshop.nl\/?post_type=product&#038;p=37830"},"modified":"2025-11-18T14:38:00","modified_gmt":"2025-11-18T14:38:00","slug":"white-bali-kratom","status":"publish","type":"product","link":"https:\/\/www.headshop.nl\/pl\/white-bali-kratom\/","title":{"rendered":"White Bali Kratom"},"content":{"rendered":"<h2 data-start=\"367\" data-end=\"398\">Co to jest White Bali Kratom?<\/h2>\n<p data-start=\"399\" data-end=\"787\">White Bali Kratom to odmiana Mitragyna speciosa, drzewa pochodz\u0105cego z Azji Po\u0142udniowo-Wschodniej. Podobnie jak inne odmiany Kratom, White Bali pochodzi z li\u015bci drzewa Kratom, ale jej wyj\u0105tkowe efekty wynikaj\u0105 ze specyficznych metod przetwarzania i zbioru. Odmiana White Bali znana jest z zapewniania energetyzuj\u0105cego i euforycznego uczucia, co czyni j\u0105 jedn\u0105 z najpopularniejszych odmian Kratom na ca\u0142ym \u015bwiecie.<\/p>\n<p data-start=\"789\" data-end=\"1260\">G\u0142\u00f3wn\u0105 zalet\u0105 White Bali Kratom jest jego zdolno\u015b\u0107 do zwi\u0119kszania energii i poprawy nastroju. Jest cz\u0119sto stosowany w celu zwalczania zm\u0119czenia, poprawy koncentracji i promowania dobrego samopoczucia. U\u017cytkownicy zg\u0142aszaj\u0105, \u017ce po spo\u017cyciu White Bali Kratom do\u015bwiadczaj\u0105 zwi\u0119kszonej koncentracji, jasno\u015bci umys\u0142u i zwi\u0119kszonej motywacji. Odmiana ta jest szczeg\u00f3lnie preferowana przez osoby, kt\u00f3re potrzebuj\u0105 mentalnego i fizycznego zastrzyku energii, czy to w celu zwi\u0119kszenia produktywno\u015bci, czy po prostu rozpocz\u0119cia dnia z uczuciem o\u017cywienia.<\/p>\n<p data-start=\"1262\" data-end=\"1544\">Unikalny sk\u0142ad chemiczny White Bali Kratom, wynikaj\u0105cy z po\u0142\u0105czenia li\u015bci z r\u00f3\u017cnych drzew Kratom, przyczynia si\u0119 do jego charakterystycznego dzia\u0142ania. Zwykle suszona jest w miejscu wyst\u0119powania drzewa, czy to na Borneo, Sumatrze czy Bali, aby zachowa\u0107 jej silne alkaloidy.<\/p>\n<h2 data-start=\"1551\" data-end=\"1584\">Historia White Bali Kratom<\/h2>\n<p data-start=\"1585\" data-end=\"2006\">Historia White Bali Kratom jest zwi\u0105zana z tradycyjnym stosowaniem Kratom w Azji Po\u0142udniowo-Wschodniej. Przez wieki rdzenni mieszka\u0144cy tego regionu polegali na Kratom ze wzgl\u0119du na jego w\u0142a\u015bciwo\u015bci lecznicze, w tym \u0142agodzenie b\u00f3lu, popraw\u0119 nastroju i zwi\u0119kszenie energii. White Bali Kratom zyska\u0142a jednak szczeg\u00f3ln\u0105 popularno\u015b\u0107 ze wzgl\u0119du na swoje unikalne w\u0142a\u015bciwo\u015bci, w szczeg\u00f3lno\u015bci zdolno\u015b\u0107 do zapewniania energetyzuj\u0105cych i euforycznych dozna\u0144.<\/p>\n<p data-start=\"2008\" data-end=\"2427\">White Bali Kratom to mieszanka li\u015bci z r\u00f3\u017cnych drzew Kratom wyst\u0119puj\u0105cych na Borneo, Sumatrze i Bali. Drzewa te s\u0105 starannie selekcjonowane pod k\u0105tem zawarto\u015bci alkaloid\u00f3w, kt\u00f3ra r\u00f3\u017cni si\u0119 w zale\u017cno\u015bci od regionu i warunk\u00f3w uprawy. Proces suszenia odgrywa kluczow\u0105 rol\u0119 w utrzymaniu mocy alkaloid\u00f3w, a li\u015bcie s\u0105 suszone na miejscu w miejscu uprawy drzewa, co pomaga zachowa\u0107 ich naturalne dzia\u0142anie.<\/p>\n<p data-start=\"2429\" data-end=\"2725\">Z biegiem lat, White Bali Kratom zyska\u0142 na popularno\u015bci, zw\u0142aszcza w krajach zachodnich, ze wzgl\u0119du na swoj\u0105 niezwyk\u0142\u0105 zdolno\u015b\u0107 do podnoszenia na duchu i dodawania energii u\u017cytkownikom. Sta\u0142 si\u0119 ulubionym wyborem w\u015br\u00f3d os\u00f3b poszukuj\u0105cych naturalnego stymulanta, kt\u00f3ry nie wi\u0105\u017ce si\u0119 z ryzykiem zwi\u0105zanym z syntetycznymi alternatywami.<\/p>\n<h2 data-start=\"2732\" data-end=\"2765\">Jak u\u017cywa\u0107 White Bali Kratom<\/h2>\n<p data-start=\"2766\" data-end=\"3098\">Najcz\u0119stszym sposobem spo\u017cywania White Bali Kratom jest zaparzanie go w herbacie. Aby przygotowa\u0107 herbat\u0119, wystarczy rozpu\u015bci\u0107 od 4 do 5 gram\u00f3w proszku White Bali Kratom w gor\u0105cej wodzie (o temperaturze 70-95\u00b0C) i parzy\u0107 przez 3 do 5 minut. Ta metoda pozwala cieszy\u0107 si\u0119 pe\u0142nymi efektami dzia\u0142ania Kratom, zapewniaj\u0105c jednocze\u015bnie koj\u0105ce i przyjemne doznania.<\/p>\n<p data-start=\"3100\" data-end=\"3441\">Aby uzyska\u0107 optymalne wyniki, zaleca si\u0119 rozpocz\u0119cie od niskiej dawki i stopniowe zwi\u0119kszanie jej w razie potrzeby, w oparciu o reakcj\u0119 organizmu. Energetyzuj\u0105ce dzia\u0142anie White Bali Kratom zwykle zaczyna by\u0107 zauwa\u017calne w ci\u0105gu 15 minut i mo\u017ce utrzymywa\u0107 si\u0119 przez kilka godzin, w zale\u017cno\u015bci od dawki i indywidualnych czynnik\u00f3w, takich jak waga i metabolizm.<\/p>\n<p data-start=\"3443\" data-end=\"3774\">Cz\u0119sto zdarza si\u0119 r\u00f3wnie\u017c, \u017ce u\u017cytkownicy mieszaj\u0105 White Bali Kratom z sokami owocowymi lub innymi napojami w celu wzmocnienia smaku i efekt\u00f3w. Chocia\u017c preferowan\u0105 metod\u0105 jest picie herbaty, White Bali Kratom mo\u017cna r\u00f3wnie\u017c spo\u017cywa\u0107 w postaci kapsu\u0142ek lub dodawa\u0107 do koktajli. Podobnie jak w przypadku wszystkich odmian Kratom, wa\u017cne jest, aby spo\u017cywa\u0107 j\u0105 odpowiedzialnie i unika\u0107 nadmiernego stosowania.<\/p>\n<h2 data-start=\"3781\" data-end=\"3818\">Sk\u0142adniki White Bali Kratom<\/h2>\n<p data-start=\"3819\" data-end=\"4292\">Podstawowym sk\u0142adnikiem White Bali Kratom s\u0105 sproszkowane li\u015bcie drzewa Mitragyna speciosa, a konkretnie li\u015bcie zebrane z drzew Kratom w regionach takich jak Borneo, Sumatra i Bali. Drzewa te s\u0105 wybierane ze wzgl\u0119du na zawarto\u015b\u0107 alkaloid\u00f3w, kt\u00f3re nadaj\u0105 White Bali Kratom energetyzuj\u0105ce i euforyczne dzia\u0142anie. G\u0142\u00f3wnymi zwi\u0105zkami aktywnymi w White Bali Kratom s\u0105 mitragynina i 7-hydroksymitragynina, kt\u00f3re odpowiadaj\u0105 za jej w\u0142a\u015bciwo\u015bci stymuluj\u0105ce i poprawiaj\u0105ce nastr\u00f3j.<\/p>\n<p data-start=\"4294\" data-end=\"4726\">Po zebraniu li\u015bcie poddawane s\u0105 procesowi suszenia, aby zachowa\u0107 moc tych alkaloid\u00f3w. Proces suszenia r\u00f3\u017cni si\u0119 w zale\u017cno\u015bci od lokalizacji, ale zazwyczaj odbywa si\u0119 w naturalnym \u015brodowisku, w kt\u00f3rym rosn\u0105 drzewa, co pomaga zachowa\u0107 czysto\u015b\u0107 ro\u015bliny. Dzi\u0119ki starannemu doborowi i przetwarzaniu li\u015bci, White Bali Kratom zachowuje swoje charakterystyczne dzia\u0142anie, zapewniaj\u0105c u\u017cytkownikom naturalny zastrzyk energii i lepsz\u0105 koncentracj\u0119.<\/p>\n<p data-start=\"4728\" data-end=\"4992\">Jako czysty, naturalny produkt, White Bali Kratom nie zawiera sztucznych substancji chemicznych ani dodatk\u00f3w, dzi\u0119ki czemu jest czystym i skutecznym sposobem na do\u015bwiadczenie korzy\u015bci p\u0142yn\u0105cych z Kratom. Jest wolny od jakichkolwiek substancji syntetycznych, oferuj\u0105c ro\u015blinn\u0105 alternatyw\u0119 dla innych stymulant\u00f3w.<\/p>\n<p data-start=\"4999\" data-end=\"5340\" data-is-last-node=\"\"><strong data-start=\"4999\" data-end=\"5011\">Ostrze\u017cenie:<\/strong><br data-start=\"5011\" data-end=\"5014\" \/>Ten produkt nie jest przeznaczony do u\u017cytku przez osoby poni\u017cej 18 roku \u017cycia. Przechowywa\u0107 w miejscu niedost\u0119pnym dla dzieci. Nie stosowa\u0107 w przypadku wysokiego lub niskiego ci\u015bnienia krwi, chor\u00f3b serca lub p\u0142uc, cukrzycy, ci\u0105\u017cy, stosowania lek\u00f3w, narkotyk\u00f3w lub alkoholu. Przed zastosowaniem jakiegokolwiek suplementu nale\u017cy zawsze skonsultowa\u0107 si\u0119 z lekarzem.<\/p>","protected":false},"excerpt":{"rendered":"<p>White Bali Kratom to popularna odmiana znana ze swoich podnoszacych na duchu i energetyzujacych efekt\u00f3w. Znana ze swoich w\u0142a\u015bciwo\u015bci wywo\u0142uj\u0105cych eufori\u0119, odmiana ta jest poszukiwana przez tych, kt\u00f3rzy chc\u0105 poprawi\u0107 sw\u00f3j nastr\u00f3j, energi\u0119 i skupienie. Odmiana White Bali Kratom mo\u017ce by\u0107 spo\u017cywana w postaci herbaty, zapewniaj\u0105c naturalny, orze\u017awiaj\u0105cy spos\u00f3b do\u015bwiadczania jej stymuluj\u0105cych efekt\u00f3w.<\/p>","protected":false},"featured_media":82204,"template":"","meta":[],"product_brand":[],"product_cat":[390,297,389,817,396,405,384],"product_tag":[],"class_list":{"0":"post-37830","1":"product","2":"type-product","3":"status-publish","4":"has-post-thumbnail","6":"product_cat-kratom","7":"product_cat-all-products","8":"product_cat-herbs","9":"product_cat-kratopia","10":"product_cat-relax","11":"product_cat-relax-herbs","12":"product_cat-smartshop","13":"product_shipping_class-group-7","15":"first","16":"instock","17":"taxable","18":"shipping-taxable","19":"purchasable","20":"product-type-variable","21":"has-default-attributes"},"_links":{"self":[{"href":"https:\/\/www.headshop.nl\/pl\/wp-json\/wp\/v2\/product\/37830","targetHints":{"allow":["GET"]}}],"collection":[{"href":"https:\/\/www.headshop.nl\/pl\/wp-json\/wp\/v2\/product"}],"about":[{"href":"https:\/\/www.headshop.nl\/pl\/wp-json\/wp\/v2\/types\/product"}],"wp:featuredmedia":[{"embeddable":true,"href":"https:\/\/www.headshop.nl\/pl\/wp-json\/wp\/v2\/media\/82204"}],"wp:attachment":[{"href":"https:\/\/www.headshop.nl\/pl\/wp-json\/wp\/v2\/media?parent=37830"}],"wp:term":[{"taxonomy":"product_brand","embeddable":true,"href":"https:\/\/www.headshop.nl\/pl\/wp-json\/wp\/v2\/product_brand?post=37830"},{"taxonomy":"product_cat","embeddable":true,"href":"https:\/\/www.headshop.nl\/pl\/wp-json\/wp\/v2\/product_cat?post=37830"},{"taxonomy":"product_tag","embeddable":true,"href":"https:\/\/www.headshop.nl\/pl\/wp-json\/wp\/v2\/product_tag?post=37830"}],"curies":[{"name":"wp","href":"https:\/\/api.w.org\/{rel}","templated":true}]}}