{"id":37826,"date":"2021-10-15T08:19:03","date_gmt":"2021-10-15T08:19:03","guid":{"rendered":"https:\/\/www.headshop.nl\/?post_type=product&#038;p=37826"},"modified":"2026-02-11T13:26:17","modified_gmt":"2026-02-11T13:26:17","slug":"red-maeng-da-kratom","status":"publish","type":"product","link":"https:\/\/www.headshop.nl\/pl\/red-maeng-da-kratom\/","title":{"rendered":"Red Maeng Da Kratom"},"content":{"rendered":"<h2 data-start=\"469\" data-end=\"500\">Co to jest Red Maeng Da Kratom?<\/h2>\n<p data-start=\"502\" data-end=\"1441\">Red Maeng Da Kratom to charakterystyczna odmiana kratomu, kt\u00f3ra wyr\u00f3\u017cnia si\u0119 silnym dzia\u0142aniem, zar\u00f3wno stymuluj\u0105cym, jak i uspokajaj\u0105cym. Znany ze swoich w\u0142a\u015bciwo\u015bci energetyzuj\u0105cych, Red Maeng Da jest cz\u0119sto stosowany w celu poprawy nastroju, zwi\u0119kszenia koncentracji i z\u0142agodzenia b\u00f3lu. Li\u015bcie s\u0105 zazwyczaj zbierane, a nast\u0119pnie fermentowane w celu uzyskania charakterystycznego czerwonego koloru, kt\u00f3ry wzmacnia zawarte w nich alkaloidy. Proces ten sprawia, \u017ce Red Maeng Da jest jedn\u0105 z najsilniejszych dost\u0119pnych odmian kratomu. Original, opracowany w Thailandii poprzez szczepienie r\u00f3\u017cnych drzew kratomu, Red Maeng Da zosta\u0142 specjalnie wyhodowany, aby dobrze si\u0119 rozwija\u0107 w ciep\u0142ym, wilgotnym \u015brodowisku Azji Po\u0142udniowo-Wschodniej. Od tego czasu sta\u0142 si\u0119 popularnym wyborem w\u015br\u00f3d u\u017cytkownik\u00f3w kratomu na ca\u0142ym \u015bwiecie, kt\u00f3rzy szukaj\u0105 naturalnego sposobu na popraw\u0119 swojej energii i samopoczucia. Chocia\u017c w Azji Po\u0142udniowo-Wschodniej kratom wyst\u0119puje od wiek\u00f3w, Red Maeng Da Kratom zyska\u0142 szersz\u0105 popularno\u015b\u0107 na Zachodzie w ostatnich dziesi\u0119cioleciach ze wzgl\u0119du na swoje silne dzia\u0142anie.<\/p>\n<h2 data-start=\"1443\" data-end=\"1476\">Historia Red Maeng Da Kratom<\/h2>\n<p data-start=\"1478\" data-end=\"2508\">Historia Red Maeng Da Kratom si\u0119ga ko\u0144ca XIX wieku w Thailandii. Rolnicy Thai, w poszukiwaniu bardziej odpornego drzewa kratomowego, kt\u00f3re mog\u0142oby wytrzyma\u0107 gor\u0105cy i wilgotny klimat kraju, zacz\u0119li eksperymentowa\u0107 ze szczepieniem r\u00f3\u017cnych odmian kratomu. Dzi\u0119ki tej innowacyjnej metodzie stworzyli szczep Maeng Da, kt\u00f3ry zosta\u0142 specjalnie zaprojektowany, aby sprosta\u0107 wyzwaniom \u015brodowiskowym Azji Po\u0142udniowo-Wschodniej. W przeciwie\u0144stwie do tradycyjnych drzew kratomu, kt\u00f3re s\u0105 podatne na trudne warunki panuj\u0105ce w regionie, drzewa Maeng Da s\u0105 hodowane tak, aby by\u0142y bardziej wytrzyma\u0142e i odporne. Nazwa \"Maeng Da\", kt\u00f3ra t\u0142umaczy si\u0119 jako \"pimp-grade\" w j\u0119zyku Thai, odzwierciedla wysok\u0105 moc i jako\u015b\u0107 premium tej odmiany. Czerwony wariant Maeng Da, znany jako Red Maeng Da, uzyskiwany jest w procesie fermentacji, kt\u00f3ry zwi\u0119ksza zawarto\u015b\u0107 alkaloid\u00f3w w li\u015bciach, jeszcze bardziej zwi\u0119kszaj\u0105c jego moc i skuteczno\u015b\u0107. Z czasem czerwona odmiana Maeng Da Kratom zyska\u0142a uznanie poza granicami Thailand, staj\u0105c si\u0119 bardzo poszukiwanym produktem na ca\u0142ym \u015bwiecie ze wzgl\u0119du na zr\u00f3wnowa\u017cone, energetyzuj\u0105ce dzia\u0142anie.<\/p>\n<h2 data-start=\"2510\" data-end=\"2543\">Jak korzysta\u0107 z Red Maeng Da Kratom<\/h2>\n<p data-start=\"2545\" data-end=\"3547\">Red Maeng Da Kratom jest zwykle spo\u017cywany w formie herbaty, dzi\u0119ki czemu jest \u0142atwy w przygotowaniu i spo\u017cywaniu. Aby zaparzy\u0107 fili\u017cank\u0119 herbaty kratom, nale\u017cy rozpu\u015bci\u0107 od 4 do 5 gram\u00f3w proszku Red Maeng Da w gor\u0105cej wodzie o temperaturze od 70 do 95 stopni Celsjusza. Pozw\u00f3l herbacie parzy\u0107 si\u0119 przez 3 do 5 minut, aby skutecznie wyekstrahowa\u0107 alkaloidy. Nie ma potrzeby odcedzania herbaty, poniewa\u017c wszystkie sk\u0142adniki s\u0105 bezpieczne do spo\u017cycia. Podczas stosowania Red Maeng Da po raz pierwszy zaleca si\u0119 rozpocz\u0119cie od ni\u017cszej dawki i stopniowe dostosowywanie ilo\u015bci w zale\u017cno\u015bci od reakcji organizmu. Podczas gdy wielu u\u017cytkownik\u00f3w uwa\u017ca, \u017ce 3 do 5 gram\u00f3w proszku kratomu wystarcza do uzyskania \u0142agodnego efektu, bardziej do\u015bwiadczeni u\u017cytkownicy mog\u0105 potrzebowa\u0107 wy\u017cszej dawki, aby osi\u0105gn\u0105\u0107 po\u017c\u0105dany poziom ulgi. Wa\u017cne jest, aby pami\u0119ta\u0107, \u017ce efekty kratomu mog\u0105 si\u0119 r\u00f3\u017cni\u0107 w zale\u017cno\u015bci od indywidualnej tolerancji, dlatego wa\u017cne jest, aby u\u017cywa\u0107 go odpowiedzialnie i z umiarem. Podobnie jak w przypadku ka\u017cdego suplementu, nale\u017cy unika\u0107 nadmiernego stosowania, aby zapobiec budowaniu tolerancji lub do\u015bwiadczaniu niepo\u017c\u0105danych skutk\u00f3w ubocznych.<\/p>\n<h2 data-start=\"3549\" data-end=\"3586\">Sk\u0142adniki Red Maeng Da Kratom<\/h2>\n<p data-start=\"3588\" data-end=\"4651\">G\u0142\u00f3wnym sk\u0142adnikiem Red Maeng Da Kratom jest <strong data-start=\"3637\" data-end=\"3659\">Mitragyna speciosa<\/strong>to tropikalne drzewo pochodz\u0105ce z Azji Po\u0142udniowo-Wschodniej. Li\u015bcie tego drzewa s\u0105 starannie zbierane i przetwarzane na proszek, kt\u00f3ry jest nast\u0119pnie wykorzystywany do tworzenia suplementu kratom. Red Maeng Da r\u00f3\u017cni si\u0119 od innych odmian kratomu ze wzgl\u0119du na proces fermentacji, kt\u00f3ry nie tylko nadaje li\u015bciom charakterystyczny czerwony kolor, ale tak\u017ce wzmacnia alkaloidy odpowiedzialne za jego silne dzia\u0142anie. Proces fermentacji wzmacnia w\u0142a\u015bciwo\u015bci poprawiaj\u0105ce nastr\u00f3j, energetyzuj\u0105ce i \u0142agodz\u0105ce b\u00f3l, dzi\u0119ki czemu jest to bardzo poszukiwany produkt w\u015br\u00f3d u\u017cytkownik\u00f3w kratomu. Podobnie jak inne odmiany kratomu, Red Maeng Da zawiera alkaloidy, takie jak mitragynina i 7-hydroksymitragynina, kt\u00f3re oddzia\u0142uj\u0105 z receptorami organizmu, wywo\u0142uj\u0105c jego efekty. Chocia\u017c dok\u0142adna mieszanka li\u015bci u\u017cytych w Red Maeng Da jest zastrze\u017cona, zawsze pochodzi z Mitragyna speciosa, kt\u00f3ra ma d\u0142ug\u0105 histori\u0119 stosowania w tradycyjnej medycynie w Azji Po\u0142udniowo-Wschodniej. Red Maeng Da Kratom najlepiej stosowa\u0107 odpowiedzialnie, aby zapewni\u0107 bezpieczne i skuteczne stosowanie.<\/p>\n<p data-start=\"4653\" data-end=\"4665\"><strong data-start=\"4653\" data-end=\"4665\">Ostrze\u017cenie:<\/strong><\/p>\n<p data-start=\"4667\" data-end=\"4982\">Sprzeda\u017c i u\u017cytkowanie Red Maeng Da Kratom jest zabronione dla os\u00f3b poni\u017cej 18 roku \u017cycia. Przechowywa\u0107 w miejscu niedost\u0119pnym dla dzieci. Nie stosowa\u0107 w przypadku wysokiego lub niskiego ci\u015bnienia krwi, chor\u00f3b serca lub p\u0142uc, cukrzycy, ci\u0105\u017cy, przyjmowania lek\u00f3w, narkotyk\u00f3w lub alkoholu. Przed u\u017cyciem nale\u017cy zawsze skonsultowa\u0107 si\u0119 z lekarzem.<\/p>","protected":false},"excerpt":{"rendered":"<p>Naprawd\u0119 nie mo\u017cna si\u0119 pomyli\u0107 z \u017cadn\u0105 odmian\u0105 Maeng Da, a Red nie jest wyj\u0105tkiem. Znana jako jedna z najsilniejszych odmian, zawiera wiele psychoaktywnych alkaloid\u00f3w, kt\u00f3re powoduj\u0105 zar\u00f3wno fizyczne, jak i psychiczne efekty, kt\u00f3re przy ostro\u017cnym stosowaniu zapewniaj\u0105 interesuj\u0105ce korzy\u015bci dla dobrego samopoczucia.<\/p>","protected":false},"featured_media":82210,"template":"","meta":[],"product_brand":[],"product_cat":[390,297,389,817,396,405,384,625],"product_tag":[],"class_list":{"0":"post-37826","1":"product","2":"type-product","3":"status-publish","4":"has-post-thumbnail","6":"product_cat-kratom","7":"product_cat-all-products","8":"product_cat-herbs","9":"product_cat-kratopia","10":"product_cat-relax","11":"product_cat-relax-herbs","12":"product_cat-smartshop","13":"product_cat-smartshop-top-10","14":"product_shipping_class-group-7","16":"first","17":"instock","18":"taxable","19":"shipping-taxable","20":"purchasable","21":"product-type-variable","22":"has-default-attributes"},"_links":{"self":[{"href":"https:\/\/www.headshop.nl\/pl\/wp-json\/wp\/v2\/product\/37826","targetHints":{"allow":["GET"]}}],"collection":[{"href":"https:\/\/www.headshop.nl\/pl\/wp-json\/wp\/v2\/product"}],"about":[{"href":"https:\/\/www.headshop.nl\/pl\/wp-json\/wp\/v2\/types\/product"}],"wp:featuredmedia":[{"embeddable":true,"href":"https:\/\/www.headshop.nl\/pl\/wp-json\/wp\/v2\/media\/82210"}],"wp:attachment":[{"href":"https:\/\/www.headshop.nl\/pl\/wp-json\/wp\/v2\/media?parent=37826"}],"wp:term":[{"taxonomy":"product_brand","embeddable":true,"href":"https:\/\/www.headshop.nl\/pl\/wp-json\/wp\/v2\/product_brand?post=37826"},{"taxonomy":"product_cat","embeddable":true,"href":"https:\/\/www.headshop.nl\/pl\/wp-json\/wp\/v2\/product_cat?post=37826"},{"taxonomy":"product_tag","embeddable":true,"href":"https:\/\/www.headshop.nl\/pl\/wp-json\/wp\/v2\/product_tag?post=37826"}],"curies":[{"name":"wp","href":"https:\/\/api.w.org\/{rel}","templated":true}]}}