{"id":37824,"date":"2021-10-15T08:18:58","date_gmt":"2021-10-15T08:18:58","guid":{"rendered":"https:\/\/www.headshop.nl\/?post_type=product&#038;p=37824"},"modified":"2025-12-24T01:26:28","modified_gmt":"2025-12-24T01:26:28","slug":"red-borneo-kratom","status":"publish","type":"product","link":"https:\/\/www.headshop.nl\/pl\/red-borneo-kratom\/","title":{"rendered":"Red Borneo Kratom"},"content":{"rendered":"<h2 data-start=\"379\" data-end=\"408\">Co to jest Red Borneo Kratom?<\/h2>\n<p data-start=\"410\" data-end=\"1455\">Red Borneo Kratom to wyj\u0105tkowy szczep pochodz\u0105cy z wyspy Borneo, a konkretnie z indonezyjskiej cz\u0119\u015bci znanej jako Kalimantan. Odmiana ta jest g\u0142\u0119boko zakorzeniona w lokalnej kulturze, gdzie jest czczona jako naturalne lekarstwo na wiele powszechnych problem\u00f3w zdrowotnych. Mieszka\u0144cy Kalimantanu historycznie u\u017cywali kratomu w r\u00f3\u017cnych formach, w tym do palenia suszonych li\u015bci. Najpopularniejszym wsp\u00f3\u0142czesnym zastosowaniem kratomu jest jednak parzenie z niego relaksuj\u0105cej, a zarazem energetyzuj\u0105cej herbaty. Li\u015bcie kratomu s\u0105 suszone przez d\u0142u\u017cszy czas, a nast\u0119pnie poddawane lekkiemu procesowi fermentacji, kt\u00f3ry wzmacnia naturalne alkaloidy obecne w ro\u015blinie. Red Borneo Kratom jest szczeg\u00f3lnie znany ze swojej r\u00f3wnowagi mi\u0119dzy efektami energetyzuj\u0105cymi i podnosz\u0105cymi nastr\u00f3j. Oferuje \u0142agodniejszy, bardziej zrelaksowany zastrzyk energii w por\u00f3wnaniu do innych odmian, co czyni j\u0105 ulubion\u0105 dla tych, kt\u00f3rzy szukaj\u0105 naturalnego pobudzenia bez intensywno\u015bci silniejszych odmian. Niezale\u017cnie od tego, czy chcesz z\u0142agodzi\u0107 stres, poprawi\u0107 koncentracj\u0119, czy po prostu uzyska\u0107 delikatny zastrzyk energii, Red Borneo Kratom to doskona\u0142y wyb\u00f3r na naturalne, zio\u0142owe rozwi\u0105zanie.<\/p>\n<h2 data-start=\"1457\" data-end=\"1488\">Historia Red Borneo Kratom<\/h2>\n<p data-start=\"1490\" data-end=\"2583\">Historia Red Borneo Kratom si\u0119ga rdzennych mieszka\u0144c\u00f3w Kalimantanu, indonezyjskiej cz\u0119\u015bci wyspy Borneo. Przez wieki miejscowi u\u017cywali kratomu jako tradycyjnego leku, uwa\u017caj\u0105c go za naturalne lekarstwo na r\u00f3\u017cne dolegliwo\u015bci. Cz\u0119sto nazywali oni li\u015bcie kratomu \"niebia\u0144skimi li\u015b\u0107mi\", podkre\u015blaj\u0105c swoj\u0105 wiar\u0119 w pot\u0119\u017cne w\u0142a\u015bciwo\u015bci lecznicze tej ro\u015bliny. Tradycyjnie li\u015bcie by\u0142y spo\u017cywane na wiele sposob\u00f3w, w tym palone w domowych papierosach. Jednak z biegiem czasu wsp\u00f3\u0142cze\u015bni u\u017cytkownicy w Kalimantanie w du\u017cej mierze zwr\u00f3cili si\u0119 ku parzeniu li\u015bci w herbat\u0119, aby uzyska\u0107 bardziej kontrolowane i koj\u0105ce doznania. Li\u015bcie u\u017cywane do produkcji Red Borneo Kratom s\u0105 specjalnie wyselekcjonowane ze wzgl\u0119du na d\u0142u\u017cszy proces suszenia i przechodz\u0105 \u0142agodny etap fermentacji. To unikalne przygotowanie pomaga zwi\u0119kszy\u0107 zawarto\u015b\u0107 alkaloid\u00f3w, nadaj\u0105c szczepowi wyra\u017ane dzia\u0142anie. Z biegiem lat odmiana Red Borneo Kratom zyska\u0142a mi\u0119dzynarodowe uznanie ze wzgl\u0119du na swoje zr\u00f3wnowa\u017cone i skuteczne w\u0142a\u015bciwo\u015bci, a wiele os\u00f3b na ca\u0142ym \u015bwiecie stosuje j\u0105 jako cz\u0119\u015b\u0107 swojej codziennej rutyny.<\/p>\n<h2 data-start=\"2585\" data-end=\"2616\">Jak korzysta\u0107 z Red Borneo Kratom<\/h2>\n<p data-start=\"2618\" data-end=\"3675\">Red Borneo Kratom najlepiej spo\u017cywa\u0107 w formie koj\u0105cej herbaty, kt\u00f3ra jest \u0142atwa w przygotowaniu i pozwala do\u015bwiadczy\u0107 pe\u0142nego zakresu korzy\u015bci. Aby przygotowa\u0107 fili\u017cank\u0119 herbaty Red Borneo Kratom, nale\u017cy rozpu\u015bci\u0107 od 4 do 5 gram\u00f3w sproszkowanego kratomu w gor\u0105cej wodzie o temperaturze od 70 do 95 stopni Celsjusza. Zaleca si\u0119 parzenie herbaty przez 3 do 5 minut, aby w pe\u0142ni wyekstrahowa\u0107 korzystne alkaloidy z li\u015bci kratomu. Nie ma potrzeby filtrowania herbaty, poniewa\u017c wszystkie cz\u0119\u015bci kratomu mog\u0105 by\u0107 spo\u017cywane. Stosuj\u0105c Red Borneo Kratom po raz pierwszy, zaleca si\u0119 rozpocz\u0119cie od mniejszej dawki, aby oceni\u0107 reakcj\u0119 organizmu, poniewa\u017c efekty mog\u0105 si\u0119 r\u00f3\u017cni\u0107 w zale\u017cno\u015bci od indywidualnej tolerancji i wra\u017cliwo\u015bci. Wielu u\u017cytkownik\u00f3w uwa\u017ca, \u017ce od 3 do 5 gram\u00f3w Red Borneo Kratom zapewnia \u0142agodny efekt, podczas gdy bardziej do\u015bwiadczeni u\u017cytkownicy mog\u0105 potrzebowa\u0107 nieco wi\u0119kszej dawki. Odmiana ta znana jest z r\u00f3wnowagi energii i spokoju, dzi\u0119ki czemu idealnie nadaje si\u0119 do stosowania w ci\u0105gu dnia lub jako naturalny wzmacniacz nastroju. Zawsze u\u017cywaj kratomu odpowiedzialnie, aby unikn\u0105\u0107 budowania tolerancji lub do\u015bwiadczania jakichkolwiek skutk\u00f3w ubocznych.<\/p>\n<h2 data-start=\"3677\" data-end=\"3712\">Sk\u0142adniki Red Borneo Kratom<\/h2>\n<p data-start=\"3714\" data-end=\"4763\">Kluczowym sk\u0142adnikiem Red Borneo Kratom jest <strong data-start=\"3757\" data-end=\"3779\">Mitragyna speciosa<\/strong>jest tropikalnym drzewem pochodz\u0105cym z Azji Po\u0142udniowo-Wschodniej. Li\u015bcie drzewa Mitragyna speciosa s\u0105 zbierane, suszone, a nast\u0119pnie przetwarzane w celu uzyskania kratomu w proszku. Red Borneo Kratom przechodzi specyficzny proces suszenia i lekkiej fermentacji, kt\u00f3ry nadaje mu wyj\u0105tkowe w\u0142a\u015bciwo\u015bci. D\u0142u\u017cszy czas suszenia i \u0142agodna fermentacja zwi\u0119kszaj\u0105 zawarto\u015b\u0107 alkaloid\u00f3w w li\u015bciach, co skutkuje silniejszym, ale zr\u00f3wnowa\u017conym efektem. Podstawowymi alkaloidami w Red Borneo Kratom s\u0105 mitragynina i 7-hydroksymitragynina, kt\u00f3re oddzia\u0142uj\u0105 na receptory organizmu, promuj\u0105c dobre samopoczucie, zwi\u0119kszon\u0105 energi\u0119 i ulg\u0119 w dyskomforcie. Podczas gdy proces fermentacji jest kluczem do uzyskania charakterystycznych efekt\u00f3w Red Borneo, og\u00f3lna jako\u015b\u0107 li\u015bci ma zasadnicze znaczenie dla zapewnienia, \u017ce kratom zachowa swoj\u0105 moc. Niezale\u017cnie od tego, czy jest spo\u017cywany jako herbata, czy w innej formie, starannie przetworzone sk\u0142adniki Red Borneo Kratom sprawiaj\u0105, \u017ce jest to doskona\u0142a opcja dla os\u00f3b poszukuj\u0105cych naturalnego zastrzyku energii o dzia\u0142aniu uspokajaj\u0105cym.<\/p>\n<p data-start=\"4765\" data-end=\"4777\"><strong data-start=\"4765\" data-end=\"4777\">Ostrze\u017cenie:<\/strong><\/p>\n<p data-start=\"4779\" data-end=\"5092\">Sprzeda\u017c i u\u017cywanie Red Borneo Kratom jest zabronione dla os\u00f3b poni\u017cej 18 roku \u017cycia. Przechowywa\u0107 w miejscu niedost\u0119pnym dla dzieci. Nie stosowa\u0107 w przypadku wysokiego lub niskiego ci\u015bnienia krwi, chor\u00f3b serca lub p\u0142uc, cukrzycy, ci\u0105\u017cy, przyjmowania lek\u00f3w, narkotyk\u00f3w lub alkoholu. Przed u\u017cyciem nale\u017cy zawsze skonsultowa\u0107 si\u0119 z lekarzem.<\/p>\n<hr data-start=\"5094\" data-end=\"5097\" \/>\n<p data-start=\"5099\" data-end=\"5250\" data-is-last-node=\"\">","protected":false},"excerpt":{"rendered":"<p>Je\u015bli wi\u0119c szukasz d\u0142ugotrwa\u0142ego zastrzyku energii, ten kratom ma wszystko, co potrzebne, aby zapewni\u0107 ci na\u0142adowanie. I nie ma \u017cadnych nieprzyjemnych skutk\u00f3w ubocznych, takich jak nieprzyjemny smak lub nadmierne pobudzenie, kt\u00f3re zabiera zbyt wiele z twojego dnia. Miej oko na Red Borneo Kratom, super-energetycznego ekstraordynaryjnego!<\/p>","protected":false},"featured_media":82213,"template":"","meta":[],"product_brand":[],"product_cat":[390,297,389,817,396,405,384],"product_tag":[],"class_list":{"0":"post-37824","1":"product","2":"type-product","3":"status-publish","4":"has-post-thumbnail","6":"product_cat-kratom","7":"product_cat-all-products","8":"product_cat-herbs","9":"product_cat-kratopia","10":"product_cat-relax","11":"product_cat-relax-herbs","12":"product_cat-smartshop","13":"product_shipping_class-group-7","15":"first","16":"instock","17":"taxable","18":"shipping-taxable","19":"purchasable","20":"product-type-variable","21":"has-default-attributes"},"_links":{"self":[{"href":"https:\/\/www.headshop.nl\/pl\/wp-json\/wp\/v2\/product\/37824","targetHints":{"allow":["GET"]}}],"collection":[{"href":"https:\/\/www.headshop.nl\/pl\/wp-json\/wp\/v2\/product"}],"about":[{"href":"https:\/\/www.headshop.nl\/pl\/wp-json\/wp\/v2\/types\/product"}],"wp:featuredmedia":[{"embeddable":true,"href":"https:\/\/www.headshop.nl\/pl\/wp-json\/wp\/v2\/media\/82213"}],"wp:attachment":[{"href":"https:\/\/www.headshop.nl\/pl\/wp-json\/wp\/v2\/media?parent=37824"}],"wp:term":[{"taxonomy":"product_brand","embeddable":true,"href":"https:\/\/www.headshop.nl\/pl\/wp-json\/wp\/v2\/product_brand?post=37824"},{"taxonomy":"product_cat","embeddable":true,"href":"https:\/\/www.headshop.nl\/pl\/wp-json\/wp\/v2\/product_cat?post=37824"},{"taxonomy":"product_tag","embeddable":true,"href":"https:\/\/www.headshop.nl\/pl\/wp-json\/wp\/v2\/product_tag?post=37824"}],"curies":[{"name":"wp","href":"https:\/\/api.w.org\/{rel}","templated":true}]}}