{"id":37822,"date":"2021-10-15T08:18:56","date_gmt":"2021-10-15T08:18:56","guid":{"rendered":"https:\/\/www.headshop.nl\/?post_type=product&#038;p=37822"},"modified":"2025-11-18T14:38:03","modified_gmt":"2025-11-18T14:38:03","slug":"red-bali-kratom","status":"publish","type":"product","link":"https:\/\/www.headshop.nl\/pl\/red-bali-kratom\/","title":{"rendered":"Red Bali Kratom"},"content":{"rendered":"<h2 data-start=\"502\" data-end=\"538\">Co to jest Kratopia Red Bali Kratom?<\/h2>\n<p data-start=\"540\" data-end=\"1603\">Kratopia Red Bali Kratom to popularna odmiana, kt\u00f3ra sta\u0142a si\u0119 ulubion\u0105 w\u015br\u00f3d pocz\u0105tkuj\u0105cych ze wzgl\u0119du na dobrze zaokr\u0105glone efekty i \u0142agodniejszy smak. Znana ze swojej zdolno\u015bci do wzmacniania interakcji spo\u0142ecznych, Red Bali Kratom sprawia, \u017ce u\u017cytkownicy czuj\u0105 si\u0119 bardziej empatyczni i po\u0142\u0105czeni, poprawiaj\u0105c ich og\u00f3lne do\u015bwiadczenia spo\u0142eczne. Posiada unikaln\u0105 kompozycj\u0119 alkaloid\u00f3w, zapewniaj\u0105c zr\u00f3wnowa\u017cony efekt, kt\u00f3ry dzia\u0142a zar\u00f3wno jako poprawiacz nastroju, jak i \u0142agodny \u015brodek przeciwb\u00f3lowy. Odmiana ta jest szczeg\u00f3lnie preferowana ze wzgl\u0119du na \u0142agodniejszy smak, kt\u00f3ry czyni j\u0105 bardziej smaczn\u0105 w por\u00f3wnaniu z innymi, bardziej gorzkimi szczepami. U\u017cytkownicy cz\u0119sto odkrywaj\u0105, \u017ce Red Bali Kratom pomaga im poczu\u0107 si\u0119 bardziej zrelaksowanym i swobodnym w otoczeniu spo\u0142ecznym, zapewniaj\u0105c jednocze\u015bnie ulg\u0119 w fizycznym dyskomforcie. Po\u0142\u0105czenie efekt\u00f3w spo\u0142ecznych i koj\u0105cych sprawia, \u017ce jest to wszechstronna opcja dla tych, kt\u00f3rzy chc\u0105 poprawi\u0107 swoje og\u00f3lne samopoczucie. Red Bali Kratom jest szczeg\u00f3lnie odpowiedni dla nowicjuszy, poniewa\u017c pozwala im do\u015bwiadczy\u0107 korzy\u015bci kratomu bez przyt\u0142aczaj\u0105cych efekt\u00f3w, co czyni go doskona\u0142ym punktem wyj\u015bcia do odkrywania tej pot\u0119\u017cnej ro\u015bliny.<\/p>\n<h2 data-start=\"1605\" data-end=\"1643\">Historia Kratopia Red Bali Kratom<\/h2>\n<p data-start=\"1645\" data-end=\"2780\">Czerwony Bali Kratom, w tym wariant Kratopia, ma g\u0142\u0119bokie historyczne korzenie w Azji Po\u0142udniowo-Wschodniej. Jest on tradycyjnie stosowany w Indonezji, zw\u0142aszcza w regionie Bali, sk\u0105d pochodzi jego nazwa. Chocia\u017c samo Bali nie uprawia drzew kratomowych, odmiana ta jest mieszank\u0105 li\u015bci z drzew kratomowych wyst\u0119puj\u0105cych w r\u00f3\u017cnych regionach Azji Po\u0142udniowo-Wschodniej. Historycznie, Red Bali Kratom by\u0142 szanowany za swoje uspokajaj\u0105ce i lecznicze w\u0142a\u015bciwo\u015bci, u\u017cywane przez miejscowych do radzenia sobie z b\u00f3lem, poprawy nastroju i \u0142agodzenia stresu. Jako odmiana wszechstronna, Red Bali Kratom by\u0142 r\u00f3wnie\u017c wykorzystywany jako wzmacniacz spo\u0142eczny, promuj\u0105c poczucie \u0142atwo\u015bci i wi\u0119zi mi\u0119dzy lud\u017ami. Z biegiem czasu, wraz ze wzrostem popularno\u015bci kratomu na Zachodzie, Red Bali sta\u0142 si\u0119 jednym z najbardziej rozpoznawalnych szczep\u00f3w ze wzgl\u0119du na jego \u0142agodne dzia\u0142anie i og\u00f3lne korzy\u015bci dla dobrego samopoczucia. W dzisiejszych czasach wielu u\u017cytkownik\u00f3w zwraca si\u0119 ku Red Bali Kratom ze wzgl\u0119du na jego zdolno\u015b\u0107 do \u0142agodzenia b\u00f3lu i poprawy nastroju bez konieczno\u015bci stosowania ostrych lek\u00f3w farmaceutycznych. Dzi\u0119ki swoim historycznym korzeniom i rosn\u0105cej popularno\u015bci na ca\u0142ym \u015bwiecie, Red Bali Kratom Kratopia pozostaje najlepszym wyborem dla os\u00f3b poszukuj\u0105cych zr\u00f3wnowa\u017conych i przyjemnych dozna\u0144 z kratomem.<\/p>\n<h2 data-start=\"2782\" data-end=\"2820\">Jak korzysta\u0107 z Kratopia Red Bali Kratom<\/h2>\n<p data-start=\"2822\" data-end=\"3892\">Stosowanie Kratopia Red Bali Kratom jest proste i mo\u017ce by\u0107 spo\u017cywane w formie herbaty. Aby j\u0105 przygotowa\u0107, rozpu\u015b\u0107 od 4 do 5 gram\u00f3w proszku Kratopia Red Bali Kratom w gor\u0105cej wodzie, utrzymuj\u0105c temperatur\u0119 od 70 do 95 stopni Celsjusza. Pozw\u00f3l herbacie parzy\u0107 si\u0119 przez oko\u0142o 3 do 5 minut, aby kratom uwolni\u0142 swoje korzystne alkaloidy do wody. Po zaparzeniu nie ma potrzeby filtrowania herbaty, poniewa\u017c ca\u0142a mieszanka jest bezpieczna do spo\u017cycia. Dla pocz\u0105tkuj\u0105cych u\u017cytkownik\u00f3w zaleca si\u0119 rozpocz\u0119cie od mniejszej dawki, aby zrozumie\u0107, jak organizm reaguje na t\u0119 odmian\u0119 kratomu. Red Bali Kratom jest dobrze znany ze swojego \u0142agodnego smaku, co czyni go bardziej przyst\u0119pnym dla tych, kt\u00f3rzy dopiero zaczynaj\u0105 przygod\u0119 z kratomem. Z czasem u\u017cytkownicy mog\u0105 dostosowa\u0107 dawk\u0119 w zale\u017cno\u015bci od wra\u017cliwo\u015bci i po\u017c\u0105danych efekt\u00f3w. Aby uzyska\u0107 \u0142agodny efekt, wystarczaj\u0105ca mo\u017ce by\u0107 ni\u017csza dawka wynosz\u0105ca mniej ni\u017c 3 gramy, podczas gdy osoby poszukuj\u0105ce silniejszego efektu mog\u0105 zwi\u0119kszy\u0107 dawk\u0119 do 5-6 gram\u00f3w. Niezale\u017cnie od dawki, Kratopia Red Bali Kratom oferuje towarzyskie i poprawiaj\u0105ce nastr\u00f3j do\u015bwiadczenie, kt\u00f3re jest \u0142agodne i dobrze nadaje si\u0119 dla tych, kt\u00f3rzy dopiero zaczynaj\u0105 przygod\u0119 z kratomem.<\/p>\n<h2 data-start=\"3894\" data-end=\"3936\">Sk\u0142adniki Kratopia Red Bali Kratom<\/h2>\n<p data-start=\"3938\" data-end=\"5137\">Kluczowym sk\u0142adnikiem Kratopia Red Bali Kratom jest <strong data-start=\"3988\" data-end=\"4010\">Mitragyna speciosa<\/strong>jest tropikalnym drzewem pochodz\u0105cym z Azji Po\u0142udniowo-Wschodniej. Li\u015bcie drzewa Mitragyna speciosa s\u0105 zbierane, suszone, a nast\u0119pnie przetwarzane na proszek kratom. Red Bali Kratom pochodzi w szczeg\u00f3lno\u015bci z li\u015bci starannie wyselekcjonowanych z r\u00f3\u017cnych drzew kratomowych wyst\u0119puj\u0105cych w r\u00f3\u017cnych regionach Azji Po\u0142udniowo-Wschodniej. Po wysuszeniu li\u015bcie poddawane s\u0105 specjalnemu procesowi lekkiej fermentacji, kt\u00f3ry zwi\u0119ksza zawarto\u015b\u0107 alkaloid\u00f3w i nadaje Red Bali charakterystyczne dzia\u0142anie. Dwa podstawowe alkaloidy wyst\u0119puj\u0105ce w Red Bali Kratom to mitragynina i 7-hydroksymitragynina. Zwi\u0105zki te oddzia\u0142uj\u0105 z receptorami organizmu, promuj\u0105c dobre samopoczucie, zwi\u0119kszaj\u0105c energi\u0119 i \u0142agodz\u0105c b\u00f3l. Zr\u00f3wnowa\u017cony charakter Kratopia Red Bali Kratom wynika z po\u0142\u0105czenia tych alkaloid\u00f3w, kt\u00f3re razem zapewniaj\u0105 \u0142agodne i \u0142agodne doznania, idealne dla os\u00f3b poszukuj\u0105cych naturalnej alternatywy dla \u0142agodzenia b\u00f3lu i redukcji stresu. Dzi\u0119ki zr\u00f3wnowa\u017conemu sk\u0142adowi Red Bali Kratom jest szczeg\u00f3lnie skuteczny w promowaniu interakcji spo\u0142ecznych i \u0142agodzeniu fizycznego dyskomfortu. Jego wszechstronne dzia\u0142anie sprawia, \u017ce jest to popularny wyb\u00f3r zar\u00f3wno w\u015br\u00f3d nowych, jak i do\u015bwiadczonych u\u017cytkownik\u00f3w kratomu.<\/p>\n<p data-start=\"5139\" data-end=\"5151\"><strong data-start=\"5139\" data-end=\"5151\">Ostrze\u017cenie:<\/strong><\/p>\n<p data-start=\"5153\" data-end=\"5473\">Sprzeda\u017c i u\u017cytkowanie Kratopia Red Bali Kratom jest zabronione dla os\u00f3b poni\u017cej 18 roku \u017cycia. Przechowywa\u0107 w miejscu niedost\u0119pnym dla dzieci. Nie stosowa\u0107 w przypadku wysokiego lub niskiego ci\u015bnienia krwi, chor\u00f3b serca lub p\u0142uc, cukrzycy, ci\u0105\u017cy, przyjmowania lek\u00f3w, narkotyk\u00f3w lub alkoholu. Przed u\u017cyciem nale\u017cy zawsze skonsultowa\u0107 si\u0119 z lekarzem.<\/p>","protected":false},"excerpt":{"rendered":"<p>Kratopia Red Bali Kratom to dobrze zbalansowana odmiana znana ze swoich w\u0142a\u015bciwo\u015bci wspomagaj\u0105cych kontakty towarzyskie. Dzi\u0119ki \u0142agodnemu smakowi i umiarkowanej mocy jest idealna dla pocz\u0105tkuj\u0105cych, szukaj\u0105cych podnosz\u0105cych na duchu dozna\u0144. Odmiana Red Bali Kratom jest szczeg\u00f3lnie ceniona ze wzgl\u0119du na potencjalne dzia\u0142anie przeciwb\u00f3lowe i jest cz\u0119sto stosowana przez osoby poszukuj\u0105ce naturalnej alternatywy dla opioid\u00f3w. Idealny do poprawy interakcji spo\u0142ecznych i nastroju, Red Bali Kratom jest doskona\u0142ym punktem wej\u015bcia dla pocz\u0105tkuj\u0105cych u\u017cytkownik\u00f3w.<\/p>","protected":false},"featured_media":82216,"template":"","meta":[],"product_brand":[],"product_cat":[390,297,389,817,396,405,384],"product_tag":[],"class_list":{"0":"post-37822","1":"product","2":"type-product","3":"status-publish","4":"has-post-thumbnail","6":"product_cat-kratom","7":"product_cat-all-products","8":"product_cat-herbs","9":"product_cat-kratopia","10":"product_cat-relax","11":"product_cat-relax-herbs","12":"product_cat-smartshop","13":"product_shipping_class-group-7","15":"first","16":"instock","17":"taxable","18":"shipping-taxable","19":"purchasable","20":"product-type-variable","21":"has-default-attributes"},"_links":{"self":[{"href":"https:\/\/www.headshop.nl\/pl\/wp-json\/wp\/v2\/product\/37822","targetHints":{"allow":["GET"]}}],"collection":[{"href":"https:\/\/www.headshop.nl\/pl\/wp-json\/wp\/v2\/product"}],"about":[{"href":"https:\/\/www.headshop.nl\/pl\/wp-json\/wp\/v2\/types\/product"}],"wp:featuredmedia":[{"embeddable":true,"href":"https:\/\/www.headshop.nl\/pl\/wp-json\/wp\/v2\/media\/82216"}],"wp:attachment":[{"href":"https:\/\/www.headshop.nl\/pl\/wp-json\/wp\/v2\/media?parent=37822"}],"wp:term":[{"taxonomy":"product_brand","embeddable":true,"href":"https:\/\/www.headshop.nl\/pl\/wp-json\/wp\/v2\/product_brand?post=37822"},{"taxonomy":"product_cat","embeddable":true,"href":"https:\/\/www.headshop.nl\/pl\/wp-json\/wp\/v2\/product_cat?post=37822"},{"taxonomy":"product_tag","embeddable":true,"href":"https:\/\/www.headshop.nl\/pl\/wp-json\/wp\/v2\/product_tag?post=37822"}],"curies":[{"name":"wp","href":"https:\/\/api.w.org\/{rel}","templated":true}]}}