{"id":37820,"date":"2021-10-15T08:18:54","date_gmt":"2021-10-15T08:18:54","guid":{"rendered":"https:\/\/www.headshop.nl\/?post_type=product&#038;p=37820"},"modified":"2025-11-18T14:38:03","modified_gmt":"2025-11-18T14:38:03","slug":"green-maeng-da-kratom","status":"publish","type":"product","link":"https:\/\/www.headshop.nl\/pl\/green-maeng-da-kratom\/","title":{"rendered":"Green Maeng Da Kratom"},"content":{"rendered":"<h2 data-start=\"491\" data-end=\"533\">Co to jest Kratopia Green Maeng Da Kratom?<\/h2>\n<p data-start=\"535\" data-end=\"1627\">Kratopia Green Maeng Da Kratom to charakterystyczny i \u0142agodniejszy wariant popularnej odmiany Maeng Da. Znany ze swoich w\u0142a\u015bciwo\u015bci energetyzuj\u0105cych, Green Maeng Da jest cz\u0119sto spo\u017cywany w formie herbaty, co czyni go wygodnym i przyjemnym sposobem na do\u015bwiadczenie korzy\u015bci p\u0142yn\u0105cych z kratomu. W przeciwie\u0144stwie do swoich bardziej intensywnych czerwonych i bia\u0142ych odpowiednik\u00f3w, Green Maeng Da jest szanowany za \u0142agodne dzia\u0142anie, kt\u00f3re nadal zapewnia stymuluj\u0105ce i orze\u017awiaj\u0105ce doznania. Profil alkaloidowy Green Maeng Da jest bogaty, a dominuj\u0105cym alkaloidem jest mitragynina. Zwi\u0105zek ten przyczynia si\u0119 do podnosz\u0105cego na duchu dzia\u0142ania odmiany, pomagaj\u0105c zwi\u0119kszy\u0107 energi\u0119, skupienie i motywacj\u0119. U\u017cytkownicy zazwyczaj spo\u017cywaj\u0105 herbat\u0119 Green Maeng Da w godzinach popo\u0142udniowych, poniewa\u017c mo\u017ce ona zapewni\u0107 trwa\u0142y zastrzyk energii bez nadmiernego pobudzenia. Jedn\u0105 z kluczowych zalet tej odmiany jest jej wszechstronno\u015b\u0107 - mo\u017cna j\u0105 dostosowa\u0107 do osobistych preferencji, eksperymentuj\u0105c z r\u00f3\u017cnymi dawkami. Idealna dla tych, kt\u00f3rzy dopiero zaczynaj\u0105 przygod\u0119 z kratomem lub szukaj\u0105 bardziej subtelnych dozna\u0144, Kratopia Green Maeng Da jest ulubion\u0105 odmian\u0105 w\u015br\u00f3d os\u00f3b poszukuj\u0105cych r\u00f3wnowagi mi\u0119dzy energi\u0105, skupieniem i \u0142agodn\u0105 eufori\u0105.<\/p>\n<h2 data-start=\"1629\" data-end=\"1673\">Historia Kratopia Green Maeng Da Kratom<\/h2>\n<p data-start=\"1675\" data-end=\"2865\">Green Maeng Da Kratom ma bogat\u0105 histori\u0119 zakorzenion\u0105 w Azji Po\u0142udniowo-Wschodniej, gdzie jest szeroko stosowany zar\u00f3wno do cel\u00f3w leczniczych, jak i rekreacyjnych. Sama odmiana Maeng Da pochodzi z Thailandii, gdzie lokalni rolnicy selektywnie hodowali drzewa kratomu, aby zwi\u0119kszy\u0107 ich moc i og\u00f3ln\u0105 jako\u015b\u0107. Nazwa \"Maeng Da\", kt\u00f3ra w j\u0119zyku Thai oznacza \"stopie\u0144 alfonsa\", odnosi si\u0119 do najwy\u017cszej jako\u015bci i si\u0142y tej odmiany kratomu. W przeciwie\u0144stwie do tradycyjnych odmian kratomu, kt\u00f3re s\u0105 zbierane i suszone w naturalnych warunkach, Green Maeng Da przechodzi unikalny proces fermentacji, kt\u00f3ry wzmacnia jego profil alkaloidowy. Dodanie Green Maeng Da do rynku kratomu zmieni\u0142o zasady gry, poniewa\u017c zapewnia bardziej umiarkowan\u0105, ale silniejsz\u0105 alternatyw\u0119 dla silniejszych czerwonych i bia\u0142ych odmian. Green Maeng Da charakteryzuje si\u0119 \u0142agodnym dzia\u0142aniem, co czyni go doskona\u0142ym punktem wyj\u015bcia dla tych, kt\u00f3rzy dopiero zaczynaj\u0105 przygod\u0119 z kratomem. W ostatnich latach Green Maeng Da zyska\u0142 popularno\u015b\u0107 na rynku zachodnim, poniewa\u017c coraz wi\u0119cej os\u00f3b odkrywa jego energetyzuj\u0105ce i poprawiaj\u0105ce nastr\u00f3j w\u0142a\u015bciwo\u015bci. R\u00f3wnowaga mi\u0119dzy energi\u0105 i spokojem sprawia, \u017ce jest to idealna odmiana dla u\u017cytkownik\u00f3w poszukuj\u0105cych podnosz\u0105cych na duchu dozna\u0144 bez bardziej intensywnych efekt\u00f3w innych odmian kratomu.<\/p>\n<h2 data-start=\"2867\" data-end=\"2911\">Jak u\u017cywa\u0107 Kratopia Green Maeng Da Kratom<\/h2>\n<p data-start=\"2913\" data-end=\"4058\">Najcz\u0119stszym sposobem korzystania z Kratopia Green Maeng Da Kratom jest przygotowanie go w postaci herbaty. Aby przygotowa\u0107 fili\u017cank\u0119 herbaty Green Maeng Da, nale\u017cy rozpu\u015bci\u0107 od 4 do 5 gram\u00f3w proszku kratom w gor\u0105cej wodzie, upewniaj\u0105c si\u0119, \u017ce temperatura utrzymuje si\u0119 w zakresie od 70 do 95 stopni Celsjusza. Czas parzenia powinien wynosi\u0107 oko\u0142o 3 do 5 minut, umo\u017cliwiaj\u0105c alkaloidom przenikni\u0119cie do wody. Po zaparzeniu nie ma potrzeby filtrowania herbaty - wystarczy wypi\u0107 ca\u0142\u0105 mieszank\u0119. Wielu u\u017cytkownik\u00f3w lubi dodawa\u0107 mi\u00f3d lub syrop do herbaty, aby wzmocni\u0107 jej smak i uczyni\u0107 j\u0105 przyjemniejsz\u0105. Dla pocz\u0105tkuj\u0105cych zaleca si\u0119 rozpocz\u0119cie od ni\u017cszej dawki i stopniowe jej zwi\u0119kszanie, aby znale\u017a\u0107 idealn\u0105 ilo\u015b\u0107, kt\u00f3ra dzia\u0142a na ich organizm. Green Maeng Da Kratom s\u0142ynie z \u0142agodnego, g\u0142adkiego smaku, dzi\u0119ki czemu jest idealnym wyborem dla tych, kt\u00f3rzy uwa\u017caj\u0105 inne odmiany kratomu za zbyt gorzkie. Zapewnia podnosz\u0105ce na duchu doznania, dzi\u0119ki czemu idealnie nadaje si\u0119 na popo\u0142udnie, kiedy potrzebujesz zastrzyku energii i skupienia. Efekty dzia\u0142ania zazwyczaj pojawiaj\u0105 si\u0119 po oko\u0142o godzinie, a doznania utrzymuj\u0105 si\u0119 przez kilka godzin. Przy odrobinie eksperyment\u00f3w u\u017cytkownicy mog\u0105 znale\u017a\u0107 odpowiedni\u0105 dawk\u0119 i czas spo\u017cycia, kt\u00f3re odpowiadaj\u0105 ich osobistym potrzebom.<\/p>\n<h2 data-start=\"4060\" data-end=\"4108\">Sk\u0142adniki Kratopia Green Maeng Da Kratom<\/h2>\n<p data-start=\"4110\" data-end=\"5300\">Podstawowym sk\u0142adnikiem Kratopia Green Maeng Da Kratom jest <strong data-start=\"4170\" data-end=\"4192\">Mitragyna speciosa<\/strong>jest tropikalnym drzewem pochodz\u0105cym z Azji Po\u0142udniowo-Wschodniej. Li\u015bcie tego drzewa zawieraj\u0105 silne alkaloidy, kt\u00f3re s\u0105 odpowiedzialne za wp\u0142yw kratomu na cia\u0142o i umys\u0142. Green Maeng Da Kratom jest szczeg\u00f3lnie bogaty w <strong data-start=\"4405\" data-end=\"4420\">Mitragynina<\/strong>alkaloid znany ze swoich w\u0142a\u015bciwo\u015bci stymuluj\u0105cych i energetyzuj\u0105cych. To odr\u00f3\u017cnia go od innych odmian kratomu, kt\u00f3re mog\u0105 mie\u0107 bardziej uspokajaj\u0105ce dzia\u0142anie. Li\u015bcie u\u017cywane do produkcji Green Maeng Da s\u0105 starannie zbierane i przetwarzane, aby zachowa\u0107 ich moc. Po zebraniu li\u015bcie s\u0105 suszone i poddawane procesowi lekkiej fermentacji, co zwi\u0119ksza zawarto\u015b\u0107 alkaloid\u00f3w i nadaje tej odmianie wyj\u0105tkowe w\u0142a\u015bciwo\u015bci. Green Maeng Da jest uwa\u017cana za jedn\u0105 z naj\u0142agodniejszych odmian Maeng Da, zapewniaj\u0105c zr\u00f3wnowa\u017cone po\u0142\u0105czenie stymulacji, skupienia i poprawy nastroju. Podobnie jak w przypadku wszystkich odmian kratomu, konkretna zawarto\u015b\u0107 alkaloid\u00f3w mo\u017ce r\u00f3\u017cni\u0107 si\u0119 w zale\u017cno\u015bci od czynnik\u00f3w, takich jak \u015brodowisko, w kt\u00f3rym kratom by\u0142 uprawiany, zastosowane metody przetwarzania i wiek li\u015bci. Sta\u0142y profil alkaloidowy Green Maeng Da sprawia jednak, \u017ce jest to niezawodny i popularny wyb\u00f3r w\u015br\u00f3d u\u017cytkownik\u00f3w kratomu.<\/p>\n<p data-start=\"5302\" data-end=\"5314\"><strong data-start=\"5302\" data-end=\"5314\">Ostrze\u017cenie:<\/strong><\/p>\n<p data-start=\"5316\" data-end=\"5642\">Sprzeda\u017c i u\u017cytkowanie Kratopia Green Maeng Da Kratom jest zabronione dla os\u00f3b poni\u017cej 18 roku \u017cycia. Przechowywa\u0107 w miejscu niedost\u0119pnym dla dzieci. Nie stosowa\u0107 w przypadku wysokiego lub niskiego ci\u015bnienia krwi, chor\u00f3b serca lub p\u0142uc, cukrzycy, ci\u0105\u017cy, przyjmowania lek\u00f3w, narkotyk\u00f3w lub alkoholu. Przed u\u017cyciem nale\u017cy zawsze skonsultowa\u0107 si\u0119 z lekarzem.<\/p>\n<hr data-start=\"5644\" data-end=\"5647\" \/>\n<p data-start=\"5649\" data-end=\"6136\" data-is-last-node=\"\">","protected":false},"excerpt":{"rendered":"<p>Kratopia Green Maeng Da Kratom to \u0142agodna i zr\u00f3wnowa\u017cona odmiana znana ze swoich w\u0142a\u015bciwo\u015bci energetyzuj\u0105cych. Zazwyczaj spo\u017cywana jako herbata, odmiana ta zapewnia \u0142agodny, podnosz\u0105cy na duchu efekt, co czyni j\u0105 idealnym wyborem dla os\u00f3b pragn\u0105cych zwi\u0119kszy\u0107 swoj\u0105 energi\u0119 i koncentracj\u0119 w godzinach popo\u0142udniowych. Dzi\u0119ki bogatemu profilowi alkaloid\u00f3w, w tym wysokiemu poziomowi mitragyniny, Green Maeng Da Kratom oferuje \u0142agodne, ale skuteczne do\u015bwiadczenie, odpowiednie zar\u00f3wno dla pocz\u0105tkuj\u0105cych, jak i do\u015bwiadczonych u\u017cytkownik\u00f3w.<\/p>","protected":false},"featured_media":82220,"template":"","meta":[],"product_brand":[],"product_cat":[390,297,389,817,396,405,384],"product_tag":[],"class_list":{"0":"post-37820","1":"product","2":"type-product","3":"status-publish","4":"has-post-thumbnail","6":"product_cat-kratom","7":"product_cat-all-products","8":"product_cat-herbs","9":"product_cat-kratopia","10":"product_cat-relax","11":"product_cat-relax-herbs","12":"product_cat-smartshop","13":"product_shipping_class-group-7","15":"first","16":"instock","17":"taxable","18":"shipping-taxable","19":"purchasable","20":"product-type-variable","21":"has-default-attributes"},"_links":{"self":[{"href":"https:\/\/www.headshop.nl\/pl\/wp-json\/wp\/v2\/product\/37820","targetHints":{"allow":["GET"]}}],"collection":[{"href":"https:\/\/www.headshop.nl\/pl\/wp-json\/wp\/v2\/product"}],"about":[{"href":"https:\/\/www.headshop.nl\/pl\/wp-json\/wp\/v2\/types\/product"}],"wp:featuredmedia":[{"embeddable":true,"href":"https:\/\/www.headshop.nl\/pl\/wp-json\/wp\/v2\/media\/82220"}],"wp:attachment":[{"href":"https:\/\/www.headshop.nl\/pl\/wp-json\/wp\/v2\/media?parent=37820"}],"wp:term":[{"taxonomy":"product_brand","embeddable":true,"href":"https:\/\/www.headshop.nl\/pl\/wp-json\/wp\/v2\/product_brand?post=37820"},{"taxonomy":"product_cat","embeddable":true,"href":"https:\/\/www.headshop.nl\/pl\/wp-json\/wp\/v2\/product_cat?post=37820"},{"taxonomy":"product_tag","embeddable":true,"href":"https:\/\/www.headshop.nl\/pl\/wp-json\/wp\/v2\/product_tag?post=37820"}],"curies":[{"name":"wp","href":"https:\/\/api.w.org\/{rel}","templated":true}]}}