{"id":37816,"date":"2021-10-15T08:05:42","date_gmt":"2021-10-15T08:05:42","guid":{"rendered":"https:\/\/www.headshop.nl\/?post_type=product&#038;p=37816"},"modified":"2025-11-18T14:38:04","modified_gmt":"2025-11-18T14:38:04","slug":"green-bali-kratom","status":"publish","type":"product","link":"https:\/\/www.headshop.nl\/pl\/green-bali-kratom\/","title":{"rendered":"Green Bali Kratom"},"content":{"rendered":"<h2 data-start=\"491\" data-end=\"529\">Co to jest Kratopia Green Bali Kratom?<\/h2>\n<p data-start=\"531\" data-end=\"1679\">Kratopia Green Bali Kratom to wyj\u0105tkowa odmiana, kt\u00f3ra sta\u0142a si\u0119 popularnym wyborem ze wzgl\u0119du na swoje zr\u00f3wnowa\u017cone i elastyczne w\u0142a\u015bciwo\u015bci. Chocia\u017c nazwa \"Bali\" odnosi si\u0119 do indonezyjskiej wyspy, kratom u\u017cyty w tej mieszance nie ro\u015bnie tam. Zamiast tego jest to mieszanka odmian kratomu pochodz\u0105cych g\u0142\u00f3wnie z Borneo i Sumatry, po\u0142\u0105czonych przez handlarzy na Bali. Ta zielona odmiana jest zazwyczaj mniej intensywna ni\u017c jej czerwone odpowiedniki, oferuj\u0105c \u0142agodny i umiarkowany efekt, kt\u00f3ry jest idealny dla u\u017cytkownik\u00f3w szukaj\u0105cych \u0142agodnego wzrostu energii lub nastroju. Green Bali Kratom zyska\u0142 reputacj\u0119 dzi\u0119ki swojej zdolno\u015bci do dobrego \u0142\u0105czenia si\u0119 z innymi odmianami kratomu, zw\u0142aszcza bia\u0142\u0105 Bali, w celu stworzenia harmonijnego do\u015bwiadczenia. Proces tworzenia tego kratomu obejmuje sortowanie, mycie i suszenie li\u015bci, utrzymuj\u0105c je w stanie zbli\u017conym do naturalnego. W rezultacie Green Bali Kratom zachowuje znaczn\u0105 cz\u0119\u015b\u0107 oryginalnej mocy li\u015bcia, a jego zdolno\u015b\u0107 do uzupe\u0142niania innych rodzaj\u00f3w kratomu czyni go wszechstronnym wyborem do mieszania i dostosowywania. Niezale\u017cnie od tego, czy jest u\u017cywany samodzielnie, czy zmieszany, Kratopia Green Bali Kratom jest znany ze swojej zdolno\u015bci do oferowania zar\u00f3wno stymulacji umys\u0142owej, jak i uspokajaj\u0105cego, relaksuj\u0105cego uczucia.<\/p>\n<h2 data-start=\"1681\" data-end=\"1721\">Historia Kratopia Green Bali Kratom<\/h2>\n<p data-start=\"1723\" data-end=\"2975\">Historia Kratopia Green Bali Kratom przeplata si\u0119 ze staro\u017cytn\u0105 tradycj\u0105 stosowania kratomu w Azji Po\u0142udniowo-Wschodniej, szczeg\u00f3lnie w Indonezji. Podczas gdy Bali jest znane ze swojego znaczenia kulturowego i turystycznego, kratom sprzedawany pod nazw\u0105 \"Bali\" jest w rzeczywisto\u015bci mieszank\u0105 szczep\u00f3w z region\u00f3w takich jak Borneo i Sumatra. Pochodzenie tego konkretnego zielonego wariantu polega na starannej selekcji li\u015bci kratomu, kt\u00f3re s\u0105 nast\u0119pnie przetwarzane w spos\u00f3b zachowuj\u0105cy wiele z ich oryginalnych w\u0142a\u015bciwo\u015bci. Green Bali jest preferowany ze wzgl\u0119du na jego zdolno\u015b\u0107 do zapewnienia bardziej zr\u00f3wnowa\u017conych dozna\u0144 w por\u00f3wnaniu z silniejszym czerwonym kratomem Bali. Historycznie kratom by\u0142 u\u017cywany w Azji Po\u0142udniowo-Wschodniej do cel\u00f3w leczniczych i rytualnych, a r\u00f3\u017cne odmiany zapewnia\u0142y szereg efekt\u00f3w, od \u0142agodzenia b\u00f3lu po zwi\u0119kszon\u0105 energi\u0119. Z biegiem lat mieszanka Bali sta\u0142a si\u0119 popularna na ca\u0142ym \u015bwiecie, zw\u0142aszcza na rynkach zachodnich, gdzie kratom jest u\u017cywany do relaksacji, dodawania energii i poprawy nastroju. Green Bali, ze swoimi umiarkowanymi efektami, zyska\u0142 uznanie dzi\u0119ki swojej zdolno\u015bci adaptacyjnej i mo\u017cliwo\u015bci wykorzystania jako baza dla innych mieszanek kratomu, cz\u0119sto mieszanych z bia\u0142ymi odmianami w celu uzyskania efektu synergii. To sprawia, \u017ce Green Bali Kratom jest wa\u017cn\u0105 cz\u0119\u015bci\u0105 rosn\u0105cego globalnego zainteresowania kratomem.<\/p>\n<h2 data-start=\"2977\" data-end=\"3017\">Jak korzysta\u0107 z Kratopia Green Bali Kratom<\/h2>\n<p data-start=\"3019\" data-end=\"4198\">Najcz\u0119stszym sposobem spo\u017cywania Kratopia Green Bali Kratom jest przygotowanie go w postaci herbaty. Aby przygotowa\u0107 fili\u017cank\u0119 herbaty Green Bali Kratom, nale\u017cy rozpu\u015bci\u0107 od 4 do 5 gram\u00f3w sproszkowanego kratomu w gor\u0105cej wodzie (70-95 stopni Celsjusza). Zaleca si\u0119 parzenie kratomu przez 3 do 5 minut, aby alkaloidy mog\u0142y w pe\u0142ni przenikn\u0105\u0107 do wody. Herbata nie musi by\u0107 filtrowana; wszystko mo\u017ce by\u0107 spo\u017cywane, w tym proszek, co zwi\u0119ksza doznania. Stosuj\u0105c Green Bali Kratom po raz pierwszy, zawsze warto zacz\u0105\u0107 od ni\u017cszej dawki i stopniowo dostosowywa\u0107 j\u0105 do swoich potrzeb. Wi\u0119kszo\u015b\u0107 u\u017cytkownik\u00f3w zaczyna od \u0142agodnej dawki od 4 do 5 gram\u00f3w, kt\u00f3ra zapewnia delikatny efekt energetyzuj\u0105cy. Poniewa\u017c efekty zaczynaj\u0105 ust\u0119powa\u0107 po oko\u0142o godzinie, niekt\u00f3rzy mog\u0105 zdecydowa\u0107 si\u0119 na drug\u0105 fili\u017cank\u0119. Green Bali Kratom s\u0142ynie z \u0142agodnych efekt\u00f3w, dzi\u0119ki czemu nadaje si\u0119 dla nowicjuszy kratomu lub tych, kt\u00f3rzy szukaj\u0105 \u0142agodniejszych dozna\u0144. Niekt\u00f3rzy u\u017cytkownicy \u0142\u0105cz\u0105 r\u00f3wnie\u017c Green Bali z innymi rodzajami kratomu, takimi jak bia\u0142y Bali, aby zr\u00f3wnowa\u017cy\u0107 bardziej stymuluj\u0105ce w\u0142a\u015bciwo\u015bci innych odmian. Niezale\u017cnie od sposobu u\u017cycia, Green Bali oferuje zr\u00f3wnowa\u017cone, relaksuj\u0105ce doznania, kt\u00f3re wielu osobom sprawiaj\u0105 przyjemno\u015b\u0107.<\/p>\n<h2 data-start=\"4200\" data-end=\"4244\">Sk\u0142adniki Kratopia Green Bali Kratom<\/h2>\n<p data-start=\"4246\" data-end=\"5451\">Kratopia Green Bali Kratom jest wykonany z li\u015bci <strong data-start=\"4300\" data-end=\"4322\">Mitragyna speciosa<\/strong>jest drzewem pochodz\u0105cym z po\u0142udniowo-wschodniej Azji. Podstawowy sk\u0142adnik, mitragynina, jest alkaloidem odpowiedzialnym za energetyzuj\u0105ce dzia\u0142anie kratomu. Odmiana Green Bali znana jest w szczeg\u00f3lno\u015bci z wysokiej zawarto\u015bci mitragyniny, kt\u00f3ra przyczynia si\u0119 do jej podnosz\u0105cych na duchu, a jednocze\u015bnie uspokajaj\u0105cych w\u0142a\u015bciwo\u015bci. Li\u015bcie s\u0105 starannie zbierane, myte i suszone, dzi\u0119ki czemu zachowuj\u0105 silne alkaloidy, kt\u00f3re nadaj\u0105 kratomowi jego charakterystyczne dzia\u0142anie. W przeciwie\u0144stwie do czerwonych odmian kratomu, kt\u00f3re poddawane s\u0105 fermentacji, Green Bali Kratom zachowuje wiele naturalnej energii i \u017cywotno\u015bci oryginalnych li\u015bci. Profil alkaloid\u00f3w Green Bali sprawia, \u017ce nadaje si\u0119 on do r\u00f3\u017cnych zastosowa\u0144, od zwi\u0119kszania energii i skupienia po promowanie dobrego samopoczucia. Opr\u00f3cz mitragyniny kratom zawiera inne alkaloidy, takie jak 7-hydroksymitragynina, kt\u00f3re wzmacniaj\u0105 og\u00f3lne dzia\u0142anie kratomu. Kratopia Green Bali Kratom wyr\u00f3\u017cnia si\u0119 mo\u017cliwo\u015bci\u0105 zapewnienia umiarkowanych dozna\u0144, oferuj\u0105c po\u0142\u0105czenie stymulacji i relaksu, kt\u00f3re przemawia do szerokiego grona u\u017cytkownik\u00f3w. Niezale\u017cnie od tego, czy jest stosowany samodzielnie, czy w po\u0142\u0105czeniu z innymi odmianami, Green Bali Kratom oferuje skuteczne i przyjemne doznania.<\/p>\n<p data-start=\"5453\" data-end=\"5465\"><strong data-start=\"5453\" data-end=\"5465\">Ostrze\u017cenie:<\/strong><\/p>\n<p data-start=\"5467\" data-end=\"5789\">Sprzeda\u017c i u\u017cytkowanie Kratopia Green Bali Kratom jest zabronione dla os\u00f3b poni\u017cej 18 roku \u017cycia. Przechowywa\u0107 w miejscu niedost\u0119pnym dla dzieci. Nie stosowa\u0107 w przypadku wysokiego lub niskiego ci\u015bnienia krwi, chor\u00f3b serca lub p\u0142uc, cukrzycy, ci\u0105\u017cy, przyjmowania lek\u00f3w, narkotyk\u00f3w lub alkoholu. Przed u\u017cyciem nale\u017cy zawsze skonsultowa\u0107 si\u0119 z lekarzem.<\/p>","protected":false},"excerpt":{"rendered":"<p>Z zielonej wyspy Indonezji pochodzi zielony Bali Kratom. Ten ma\u0142y proszek z li\u015bci jest jednym z ulubionych kratom\u00f3w w\u015br\u00f3d wielu! Daje delikatny, ale szcz\u0119\u015bliwy haj, kt\u00f3ry usuwa b\u00f3l i pozostawia uczucie relaksu. Nasz Green Bali Kratom jest idealny, gdy potrzebujesz dodatkowego haju!<\/p>","protected":false},"featured_media":82225,"template":"","meta":[],"product_brand":[],"product_cat":[390,297,389,817,396,405,384],"product_tag":[],"class_list":{"0":"post-37816","1":"product","2":"type-product","3":"status-publish","4":"has-post-thumbnail","6":"product_cat-kratom","7":"product_cat-all-products","8":"product_cat-herbs","9":"product_cat-kratopia","10":"product_cat-relax","11":"product_cat-relax-herbs","12":"product_cat-smartshop","13":"product_shipping_class-group-7","15":"first","16":"instock","17":"taxable","18":"shipping-taxable","19":"purchasable","20":"product-type-variable","21":"has-default-attributes"},"_links":{"self":[{"href":"https:\/\/www.headshop.nl\/pl\/wp-json\/wp\/v2\/product\/37816","targetHints":{"allow":["GET"]}}],"collection":[{"href":"https:\/\/www.headshop.nl\/pl\/wp-json\/wp\/v2\/product"}],"about":[{"href":"https:\/\/www.headshop.nl\/pl\/wp-json\/wp\/v2\/types\/product"}],"wp:featuredmedia":[{"embeddable":true,"href":"https:\/\/www.headshop.nl\/pl\/wp-json\/wp\/v2\/media\/82225"}],"wp:attachment":[{"href":"https:\/\/www.headshop.nl\/pl\/wp-json\/wp\/v2\/media?parent=37816"}],"wp:term":[{"taxonomy":"product_brand","embeddable":true,"href":"https:\/\/www.headshop.nl\/pl\/wp-json\/wp\/v2\/product_brand?post=37816"},{"taxonomy":"product_cat","embeddable":true,"href":"https:\/\/www.headshop.nl\/pl\/wp-json\/wp\/v2\/product_cat?post=37816"},{"taxonomy":"product_tag","embeddable":true,"href":"https:\/\/www.headshop.nl\/pl\/wp-json\/wp\/v2\/product_tag?post=37816"}],"curies":[{"name":"wp","href":"https:\/\/api.w.org\/{rel}","templated":true}]}}