{"id":37782,"date":"2021-10-12T07:02:16","date_gmt":"2021-10-12T07:02:16","guid":{"rendered":"https:\/\/www.headshop.nl\/?post_type=product&#038;p=37782"},"modified":"2025-02-14T08:28:18","modified_gmt":"2025-02-14T08:28:18","slug":"kanna-herb-powder","status":"publish","type":"product","link":"https:\/\/www.headshop.nl\/pl\/kanna-herb-powder\/","title":{"rendered":"Kanna Proszek zio\u0142owy"},"content":{"rendered":"<h2 data-pm-slice=\"1 1 []\">Co to jest Kanna?<\/h2>\n<p>Kanna, czyli Sceletium Tortuosum, to ro\u015blina pochodz\u0105ca z Afryki Po\u0142udniowej, gdzie jest tradycyjnie stosowana ze wzgl\u0119du na swoje koj\u0105ce i podnosz\u0105ce na duchu dzia\u0142anie. Rdzenni mieszka\u0144cy Khoisan od dawna cenili Kanna za jego zdolno\u015b\u0107 do \u0142agodzenia stresu, poprawy nastroju i promowania dobrego samopoczucia. Obecnie to naturalne zio\u0142o jest stosowane na ca\u0142ym \u015bwiecie jako suplement botaniczny, kt\u00f3ry zapewnia relaks bez wywo\u0142ywania senno\u015bci.<\/p>\n<p>Kanna oddzia\u0142uje z uk\u0142adem serotoninowym organizmu, prowadz\u0105c do \u0142agodnej euforii i odpr\u0119\u017cenia. Wielu u\u017cytkownik\u00f3w uwa\u017ca, \u017ce jest to korzystne dla zmniejszenia l\u0119ku spo\u0142ecznego i zwi\u0119kszenia jasno\u015bci umys\u0142u. W zale\u017cno\u015bci od sposobu spo\u017cycia i dawki, efekty mog\u0105 waha\u0107 si\u0119 od subtelnego relaksu do bardziej zauwa\u017calnego uczucia podniesienia na duchu.<\/p>\n<div><\/div>\n<h2>Historia Kanna<\/h2>\n<p>Kanna ma bogat\u0105 histori\u0119, kt\u00f3ra si\u0119ga setek lat wstecz. Rdzenne plemiona po\u0142udniowoafryka\u0144skie, w szczeg\u00f3lno\u015bci Khoisan, odkry\u0142y unikalne dzia\u0142anie ro\u015bliny i w\u0142\u0105czy\u0142y j\u0105 do swojego codziennego \u017cycia. \u017buli li\u015bcie, fermentowali je lub przygotowywali z nich herbaty, aby z\u0142agodzi\u0107 stres, poprawi\u0107 nastr\u00f3j i poprawi\u0107 interakcje spo\u0142eczne.<\/p>\n<p>Pod koniec XIX wieku holenderscy botanicy badaj\u0105cy Afryk\u0119 Po\u0142udniow\u0105 zainteresowali si\u0119 Kanna i przywie\u017ali go z powrotem do Europy. Z biegiem czasu ro\u015blina zosta\u0142a udoskonalona w silniejsze ekstrakty, kt\u00f3re skoncentrowa\u0142y jej aktywne sk\u0142adniki. Chocia\u017c pocz\u0105tkowo by\u0142 to lokalny tradycyjny \u015brodek leczniczy, Kanna zyska\u0142 globalne uznanie jako naturalny \u015brodek poprawiaj\u0105cy nastr\u00f3j.<\/p>\n<div><\/div>\n<h2>Jak korzysta\u0107 z Kanna<\/h2>\n<p>Kanna mo\u017cna spo\u017cywa\u0107 na kilka sposob\u00f3w, z kt\u00f3rych ka\u017cdy oferuje nieco inne doznania. Tradycyjnie li\u015bcie by\u0142y \u017cute, ale wsp\u00f3\u0142cze\u015bni u\u017cytkownicy odkryli dodatkowe metody zapewniaj\u0105ce optymalne efekty.<\/p>\n<ul data-spread=\"false\">\n<li><strong>\u017bucie<\/strong>: Tradycyjny spos\u00f3b, w kt\u00f3rym u\u017cytkownicy \u017cuj\u0105 suszone li\u015bcie lub proszek i trzymaj\u0105 go w ustach w celu wch\u0142oni\u0119cia.<\/li>\n<li><strong>Herbata<\/strong>: Parzenie Kanna jako herbaty zapewnia bardziej stopniowy i trwa\u0142y efekt.<\/li>\n<li><strong>Snuffing<\/strong>: Niekt\u00f3rzy u\u017cytkownicy decyduj\u0105 si\u0119 na wdychanie drobno zmielonego proszku Kanna w celu uzyskania szybszego efektu.<\/li>\n<li><strong>Extracts<\/strong>: Skoncentrowane formy Kanna oferuj\u0105 silniejsze efekty w mniejszych dawkach.<\/li>\n<\/ul>\n<p>Zawsze zaleca si\u0119 rozpocz\u0119cie od niskiej dawki i stopniowe jej zwi\u0119kszanie w oparciu o osobist\u0105 tolerancj\u0119. Nie zaleca si\u0119 \u0142\u0105czenia Kanna z innymi substancjami bez odpowiedniej wiedzy i do\u015bwiadczenia.<\/p>\n<div><\/div>\n<h2>Sk\u0142adniki Kanna<\/h2>\n<p>Kanna zawiera kilka aktywnych zwi\u0105zk\u00f3w, kt\u00f3re przyczyniaj\u0105 si\u0119 do jego dzia\u0142ania. Najbardziej znacz\u0105cymi sk\u0142adnikami s\u0105 alkaloidy, w tym mesembryna, mesembrenon i mesembrenol. Zwi\u0105zki te oddzia\u0142uj\u0105 z uk\u0142adem serotoninowym m\u00f3zgu, prowadz\u0105c do uczucia odpr\u0119\u017cenia i \u0142agodnej euforii.<\/p>\n<ul data-spread=\"false\">\n<li><strong>Mesembrine<\/strong>: Znany z dzia\u0142ania poprawiaj\u0105cego nastr\u00f3j i przeciwl\u0119kowego.<\/li>\n<li><strong>Mesembrenone<\/strong>: Przyczynia si\u0119 do redukcji stresu i jasno\u015bci umys\u0142u.<\/li>\n<li><strong>Mesembrenol<\/strong>: Odgrywa rol\u0119 w og\u00f3lnym uspokajaj\u0105cym dzia\u0142aniu Kanna.<\/li>\n<\/ul>\n<p>W przeciwie\u0144stwie do syntetycznych alternatyw, Kanna zapewnia naturalny spos\u00f3b na osi\u0105gni\u0119cie zr\u00f3wnowa\u017conego nastroju bez ryzyka wyst\u0105pienia powa\u017cnych skutk\u00f3w ubocznych. Jednak, jak w przypadku ka\u017cdego suplementu, odpowiedzialne stosowanie jest kluczem do do\u015bwiadczenia jego pe\u0142nych korzy\u015bci.<\/p>\n<div><\/div>\n<p><strong>Ostrze\u017cenie<\/strong><br \/>\nChocia\u017c Kanna jest og\u00f3lnie dobrze tolerowany, wa\u017cne jest, aby stosowa\u0107 go odpowiedzialnie. Nale\u017cy unika\u0107 \u0142\u0105czenia go z lekami przeciwdepresyjnymi lub innymi lekami wp\u0142ywaj\u0105cymi na serotonin\u0119, poniewa\u017c mo\u017ce to prowadzi\u0107 do niepo\u017c\u0105danych interakcji. Kobiety w ci\u0105\u017cy i karmi\u0105ce piersi\u0105 r\u00f3wnie\u017c powinny powstrzyma\u0107 si\u0119 od stosowania Kanna. Przed w\u0142\u0105czeniem nowych suplement\u00f3w do swojej rutyny nale\u017cy zawsze skonsultowa\u0107 si\u0119 z lekarzem.<\/p>","protected":false},"excerpt":{"rendered":"<p data-pm-slice=\"1 1 []\">Sceletium Tortuosum, lepiej znane jako Kanna, to wszechstronna ro\u015blina, kt\u00f3ra od wiek\u00f3w wykorzystywana jest ze wzgl\u0119du na swoje w\u0142a\u015bciwo\u015bci poprawiaj\u0105ce nastr\u00f3j. Zapewnia poczucie relaksu, wewn\u0119trznego spokoju, a nawet \u0142agodny zastrzyk energii. U\u017cytkownicy zg\u0142aszaj\u0105 r\u00f3wnie\u017c zmniejszenie niepokoju i popraw\u0119 libido. Dost\u0119pna w r\u00f3\u017cnych formach, Kanna mo\u017ce by\u0107 spo\u017cywana na wiele sposob\u00f3w w celu uzyskania r\u00f3\u017cnych efekt\u00f3w.<\/p>","protected":false},"featured_media":81920,"template":"","meta":[],"product_brand":[],"product_cat":[297,391,389,385,818,397,384],"product_tag":[],"class_list":{"0":"post-37782","1":"product","2":"type-product","3":"status-publish","4":"has-post-thumbnail","6":"product_cat-all-products","7":"product_cat-extracts","8":"product_cat-herbs","9":"product_cat-kanna","10":"product_cat-mcmystic","11":"product_cat-party","12":"product_cat-smartshop","14":"first","15":"instock","16":"taxable","17":"shipping-taxable","18":"purchasable","19":"product-type-variable","20":"has-default-attributes"},"_links":{"self":[{"href":"https:\/\/www.headshop.nl\/pl\/wp-json\/wp\/v2\/product\/37782","targetHints":{"allow":["GET"]}}],"collection":[{"href":"https:\/\/www.headshop.nl\/pl\/wp-json\/wp\/v2\/product"}],"about":[{"href":"https:\/\/www.headshop.nl\/pl\/wp-json\/wp\/v2\/types\/product"}],"wp:featuredmedia":[{"embeddable":true,"href":"https:\/\/www.headshop.nl\/pl\/wp-json\/wp\/v2\/media\/81920"}],"wp:attachment":[{"href":"https:\/\/www.headshop.nl\/pl\/wp-json\/wp\/v2\/media?parent=37782"}],"wp:term":[{"taxonomy":"product_brand","embeddable":true,"href":"https:\/\/www.headshop.nl\/pl\/wp-json\/wp\/v2\/product_brand?post=37782"},{"taxonomy":"product_cat","embeddable":true,"href":"https:\/\/www.headshop.nl\/pl\/wp-json\/wp\/v2\/product_cat?post=37782"},{"taxonomy":"product_tag","embeddable":true,"href":"https:\/\/www.headshop.nl\/pl\/wp-json\/wp\/v2\/product_tag?post=37782"}],"curies":[{"name":"wp","href":"https:\/\/api.w.org\/{rel}","templated":true}]}}