{"id":37781,"date":"2021-10-12T07:02:14","date_gmt":"2021-10-12T07:02:14","guid":{"rendered":"https:\/\/www.headshop.nl\/?post_type=product&#038;p=37781"},"modified":"2025-02-14T08:32:33","modified_gmt":"2025-02-14T08:32:33","slug":"kanna-10x-extract","status":"publish","type":"product","link":"https:\/\/www.headshop.nl\/pl\/kanna-10x-extract\/","title":{"rendered":"Kanna 10x Extract"},"content":{"rendered":"<h2 data-pm-slice=\"1 1 []\">Co to jest Kanna?<\/h2>\n<p>Kanna, naukowo znana jako Sceletium Tortuosum, to ro\u015blina pochodz\u0105ca z Afryki Po\u0142udniowej, tradycyjnie stosowana ze wzgl\u0119du na swoje uspokajaj\u0105ce i energetyzuj\u0105ce dzia\u0142anie. Rdzenne plemiona od dawna \u017cuj\u0105 jej li\u015bcie w celu poprawy nastroju i z\u0142agodzenia stresu. Nowoczesny ekstrakt 10x oferuje znacznie bardziej skoncentrowan\u0105 wersj\u0119 tego naturalnego \u015brodka, zapewniaj\u0105c bardziej wyra\u017any efekt w mniejszych dawkach.<\/p>\n<p>Kanna wchodzi w interakcj\u0119 z uk\u0142adem serotoninowym m\u00f3zgu, prowadz\u0105c do \u0142agodnej euforii, relaksu i zwi\u0119kszonej jasno\u015bci umys\u0142u. W przeciwie\u0144stwie do innych substancji psychoaktywnych, nie wywo\u0142uje halucynacji, dzi\u0119ki czemu jest bezpiecznym wyborem dla tych, kt\u00f3rzy chc\u0105 naturalnie poprawi\u0107 swoje samopoczucie.<\/p>\n<div><\/div>\n<h2>Historia Kanna<\/h2>\n<p>Kanna ma g\u0142\u0119boko zakorzenion\u0105 histori\u0119 si\u0119gaj\u0105c\u0105 rdzennych plemion Khoisan z Afryki Po\u0142udniowej, kt\u00f3re odkry\u0142y jej dzia\u0142anie wieki temu. \u017buli li\u015bcie ro\u015bliny lub fermentowali je, aby uzyska\u0107 silniejsze doznania. U\u017cywana jako zio\u0142o spo\u0142eczne i lecznicze, odgrywa\u0142a rol\u0119 w tradycyjnym leczeniu i wsp\u00f3lnych spotkaniach.<\/p>\n<p>Pod koniec XIX wieku holenderscy botanicy badaj\u0105cy ten region rozpoznali unikalne w\u0142a\u015bciwo\u015bci Kanna i sprowadzili go do Europy. Z biegiem czasu wyodr\u0119bniono jej aktywne zwi\u0105zki, co doprowadzi\u0142o do stworzenia silniejszych wersji, takich jak ekstrakt 10x. Post\u0119p ten pozwoli\u0142 na bardziej kontrolowane i efektywne wykorzystanie zalet ro\u015bliny, czyni\u0105c j\u0105 coraz bardziej popularn\u0105 na ca\u0142ym \u015bwiecie.<\/p>\n<div><\/div>\n<h2>Jak korzysta\u0107 z Kanna<\/h2>\n<p>Kanna mo\u017ce by\u0107 stosowany na wiele sposob\u00f3w, z kt\u00f3rych ka\u017cdy oferuje r\u00f3\u017cne efekty. Ekstrakt 10x jest znacznie silniejszy ni\u017c zwyk\u0142y Kanna, wi\u0119c ostro\u017cne dawkowanie jest niezb\u0119dne.<\/p>\n<ul data-spread=\"false\">\n<li><strong>\u017bucie<\/strong>: Tradycyjna metoda, w kt\u00f3rej u\u017cytkownicy \u017cuj\u0105 suszone li\u015bcie lub proszek i pozwalaj\u0105 na wch\u0142anianie przez usta.<\/li>\n<li><strong>Herbata<\/strong>: Parzenie Kanna jako herbaty zapewnia wolniejszy pocz\u0105tek i d\u0142u\u017csze dzia\u0142anie. Powszechna dawka ekstraktu 10x wynosi 200-300 mg.<\/li>\n<li><strong>Snuffing<\/strong>: Niekt\u00f3rzy u\u017cytkownicy wol\u0105 wdycha\u0107 drobno zmielony proszek Kanna, aby uzyska\u0107 szybszy i bardziej wyra\u017any efekt.<\/li>\n<li><strong>Stosowanie podj\u0119zykowe<\/strong>: Umieszczenie ekstraktu pod j\u0119zykiem pozwala na szybkie wch\u0142anianie i skuteczne dzia\u0142anie.<\/li>\n<\/ul>\n<p>Eksperymentowanie z r\u00f3\u017cnymi metodami mo\u017ce pom\u00f3c w okre\u015bleniu najlepszego podej\u015bcia do indywidualnych potrzeb. Poniewa\u017c ekstrakt ten jest bardziej skoncentrowany, zaleca si\u0119 rozpocz\u0119cie od niewielkiej ilo\u015bci i stopniowe zwi\u0119kszanie dawki.<\/p>\n<div><\/div>\n<h2>Sk\u0142adniki Kanna<\/h2>\n<p>Kanna zawiera kilka aktywnych alkaloid\u00f3w, kt\u00f3re przyczyniaj\u0105 si\u0119 do jego dzia\u0142ania. Do najwa\u017cniejszych zwi\u0105zk\u00f3w nale\u017c\u0105 mesembryna, mesembrenon i mesembrenol, z kt\u00f3rych wszystkie oddzia\u0142uj\u0105 z uk\u0142adem serotoninowym m\u00f3zgu, promuj\u0105c relaksacj\u0119 i jasno\u015b\u0107 umys\u0142u.<\/p>\n<ul data-spread=\"false\">\n<li><strong>Mesembrine<\/strong>: Znany ze swoich w\u0142a\u015bciwo\u015bci poprawiaj\u0105cych nastr\u00f3j i przeciwl\u0119kowych.<\/li>\n<li><strong>Mesembrenone<\/strong>: Pomaga zmniejszy\u0107 stres i poprawi\u0107 funkcje poznawcze.<\/li>\n<li><strong>Mesembrenol<\/strong>: Przyczynia si\u0119 do og\u00f3lnego odpr\u0119\u017cenia i dobrego samopoczucia.<\/li>\n<\/ul>\n<p>Dzi\u0119ki tym naturalnie wyst\u0119puj\u0105cym zwi\u0105zkom, Kanna zapewnia zr\u00f3wnowa\u017cony efekt, kt\u00f3ry wspomaga relaksacj\u0119 bez wywo\u0142ywania senno\u015bci. Ekstrakt 10x zapewnia wy\u017csze st\u0119\u017cenie tych korzystnych alkaloid\u00f3w, co czyni go pot\u0119\u017cn\u0105, ale naturaln\u0105 opcj\u0105 dla dobrego samopoczucia emocjonalnego i psychicznego.<\/p>\n<div><\/div>\n<p><strong>Ostrze\u017cenie<\/strong><br \/>\nKanna powinien by\u0107 stosowany w spos\u00f3b odpowiedzialny, zw\u0142aszcza w postaci ekstraktu 10x. Nie nale\u017cy go \u0142\u0105czy\u0107 z lekami przeciwdepresyjnymi lub innymi lekami wp\u0142ywaj\u0105cymi na serotonin\u0119, poniewa\u017c mo\u017ce to prowadzi\u0107 do niepo\u017c\u0105danych interakcji. Kobiety w ci\u0105\u017cy lub karmi\u0105ce piersi\u0105 powinny unika\u0107 stosowania Kanna. Przed w\u0142\u0105czeniem nowych suplement\u00f3w do swojej rutyny nale\u017cy zawsze skonsultowa\u0107 si\u0119 z lekarzem.<\/p>","protected":false},"excerpt":{"rendered":"<p data-pm-slice=\"1 1 []\">Sceletium Tortuosum, lepiej znane jako Kanna, to wszechstronna ro\u015blina o w\u0142a\u015bciwo\u015bciach poprawiaj\u0105cych nastr\u00f3j. Ekstrakt 10x jest dziesi\u0119ciokrotnie silniejszy od standardowego Kanna, co czyni go doskona\u0142ym wyborem dla os\u00f3b poszukuj\u0105cych relaksu, zwi\u0119kszonej energii i wewn\u0119trznego spokoju. U\u017cytkownicy zg\u0142aszaj\u0105 r\u00f3wnie\u017c zmniejszenie niepokoju i popraw\u0119 libido. Kanna mo\u017ce by\u0107 stosowany na r\u00f3\u017cne sposoby, pozwalaj\u0105c na spersonalizowane do\u015bwiadczenie.<\/p>","protected":false},"featured_media":81924,"template":"","meta":[],"product_brand":[],"product_cat":[297,391,389,385,818,397,384],"product_tag":[],"class_list":{"0":"post-37781","1":"product","2":"type-product","3":"status-publish","4":"has-post-thumbnail","6":"product_cat-all-products","7":"product_cat-extracts","8":"product_cat-herbs","9":"product_cat-kanna","10":"product_cat-mcmystic","11":"product_cat-party","12":"product_cat-smartshop","14":"first","15":"instock","16":"taxable","17":"shipping-taxable","18":"purchasable","19":"product-type-variable","20":"has-default-attributes"},"_links":{"self":[{"href":"https:\/\/www.headshop.nl\/pl\/wp-json\/wp\/v2\/product\/37781","targetHints":{"allow":["GET"]}}],"collection":[{"href":"https:\/\/www.headshop.nl\/pl\/wp-json\/wp\/v2\/product"}],"about":[{"href":"https:\/\/www.headshop.nl\/pl\/wp-json\/wp\/v2\/types\/product"}],"wp:featuredmedia":[{"embeddable":true,"href":"https:\/\/www.headshop.nl\/pl\/wp-json\/wp\/v2\/media\/81924"}],"wp:attachment":[{"href":"https:\/\/www.headshop.nl\/pl\/wp-json\/wp\/v2\/media?parent=37781"}],"wp:term":[{"taxonomy":"product_brand","embeddable":true,"href":"https:\/\/www.headshop.nl\/pl\/wp-json\/wp\/v2\/product_brand?post=37781"},{"taxonomy":"product_cat","embeddable":true,"href":"https:\/\/www.headshop.nl\/pl\/wp-json\/wp\/v2\/product_cat?post=37781"},{"taxonomy":"product_tag","embeddable":true,"href":"https:\/\/www.headshop.nl\/pl\/wp-json\/wp\/v2\/product_tag?post=37781"}],"curies":[{"name":"wp","href":"https:\/\/api.w.org\/{rel}","templated":true}]}}