{"id":37780,"date":"2021-10-12T07:02:12","date_gmt":"2021-10-12T07:02:12","guid":{"rendered":"https:\/\/www.headshop.nl\/?post_type=product&#038;p=37780"},"modified":"2025-02-14T08:38:01","modified_gmt":"2025-02-14T08:38:01","slug":"kanna-40x-extract","status":"publish","type":"product","link":"https:\/\/www.headshop.nl\/pl\/kanna-40x-extract\/","title":{"rendered":"Kanna 40x Extract"},"content":{"rendered":"<h2 data-start=\"354\" data-end=\"371\">Co to jest Kanna?<\/h2>\n<p data-start=\"373\" data-end=\"1303\">Kanna, naukowo znany jako Sceletium Tortuosum, to wszechstronny ekstrakt zio\u0142owy, kt\u00f3ry zyska\u0142 popularno\u015b\u0107 ze wzgl\u0119du na swoje energetyzuj\u0105ce i uspokajaj\u0105ce dzia\u0142anie. Ro\u015blina ta, pochodz\u0105ca z Afryki Po\u0142udniowej, by\u0142a od wiek\u00f3w wykorzystywana przez rdzennych mieszka\u0144c\u00f3w, kt\u00f3rzy \u017culi jej li\u015bcie ze wzgl\u0119du na ich w\u0142a\u015bciwo\u015bci poprawiaj\u0105ce nastr\u00f3j. Obecnie Kanna jest dost\u0119pny w r\u00f3\u017cnych formach, w tym w wysoce skoncentrowanym ekstrakcie 40x, kt\u00f3ry jest 40 razy silniejszy ni\u017c zwyk\u0142y Kanna. Ten pot\u0119\u017cny ekstrakt zawiera wiele aktywnych zwi\u0105zk\u00f3w, kt\u00f3re przyczyniaj\u0105 si\u0119 do jego leczniczych i zmieniaj\u0105cych nastr\u00f3j korzy\u015bci. Wiadomo, \u017ce zapewnia dobre samopoczucie, zwi\u0119ksza poziom energii, zmniejsza niepok\u00f3j, a nawet poprawia libido. Dzi\u0119ki r\u00f3\u017cnym zastosowaniom, Kanna oferuje mo\u017cliwo\u015b\u0107 dostosowania do w\u0142asnych potrzeb dla tych, kt\u00f3rzy chc\u0105 eksperymentowa\u0107 z jej efektami. Niezale\u017cnie od tego, czy jest spo\u017cywana jako herbata, czy bezpo\u015brednio \u017cuta, Kanna pozwala znale\u017a\u0107 odpowiedni\u0105 intensywno\u015b\u0107 do swoich potrzeb, bez ryzyka efekt\u00f3w halucynacyjnych.<\/p>\n<h2 data-start=\"1305\" data-end=\"1324\">Historia Kanna<\/h2>\n<p data-start=\"1326\" data-end=\"2268\">Historia Kanna si\u0119ga XIX wieku, kiedy to holenderscy botanicy odkryli t\u0119 ro\u015blin\u0119 w Afryce Po\u0142udniowej. Rdzenni mieszka\u0144cy tego regionu ju\u017c wcze\u015bniej stosowali Kanna, \u017cuj\u0105c jej li\u015bcie ze wzgl\u0119du na ich dzia\u0142anie poprawiaj\u0105ce nastr\u00f3j i uspokajaj\u0105ce. Przywie\u017ali oni ze sob\u0105 wiedz\u0119 o ro\u015blinie, wprowadzaj\u0105c j\u0105 do Europy, gdzie jej zastosowania zacz\u0119\u0142y si\u0119 rozszerza\u0107. Z czasem Kanna zosta\u0142 przetworzony w skoncentrowany ekstrakt, kt\u00f3ry zachowa\u0142 wy\u017csze st\u0119\u017cenie zwi\u0105zk\u00f3w aktywnych. Ekstrakt ten sta\u0142 si\u0119 znacznie silniejszy ni\u017c suszone li\u015bcie, dzi\u0119ki czemu by\u0142 bardziej skuteczny dla os\u00f3b poszukuj\u0105cych jego leczniczych i psychoaktywnych korzy\u015bci. W miar\u0119 kontynuowania bada\u0144, w\u0142a\u015bciwo\u015bci Kanna zosta\u0142y lepiej zrozumiane i sta\u0142 si\u0119 on popularny w bran\u017cy suplement\u00f3w zio\u0142owych. Obecnie Kanna jest szeroko stosowany na ca\u0142ym \u015bwiecie ze wzgl\u0119du na korzy\u015bci zwi\u0105zane z jasno\u015bci\u0105 umys\u0142u, relaksacj\u0105 i og\u00f3lnym samopoczuciem. Jego dziedzictwo, od rdzennych tradycji po wsp\u00f3\u0142czesne wellness, pokazuje jego trwa\u0142y urok.<\/p>\n<h2 data-start=\"2270\" data-end=\"2289\">Jak korzysta\u0107 z Kanna<\/h2>\n<p data-start=\"2291\" data-end=\"3237\">Kanna mo\u017ce by\u0107 stosowany na kilka sposob\u00f3w, w zale\u017cno\u015bci od po\u017c\u0105danych efekt\u00f3w. Ekstrakt 40x jest powszechnie spo\u017cywany w postaci herbaty, a typowa dawka wynosi oko\u0142o 100 mg ekstraktu. Metoda ta zapewnia \u0142agodny, uspokajaj\u0105cy efekt, kt\u00f3ry wielu u\u017cytkownik\u00f3w uwa\u017ca za relaksuj\u0105cy. Inn\u0105 popularn\u0105 opcj\u0105 jest \u017cucie Kanna, podobne do tradycyjnego po\u0142udniowoafryka\u0144skiego stosowania ro\u015bliny. \u017bucie ekstraktu mo\u017ce przynie\u015b\u0107 bardziej natychmiastowe i zauwa\u017calne efekty, ale u\u017cytkownicy powinni zacz\u0105\u0107 od niewielkich ilo\u015bci, aby unikn\u0105\u0107 nadu\u017cywania. Poniewa\u017c Kanna nie powoduje halucynacji, jest to bezpieczna opcja dla tych, kt\u00f3rzy s\u0105 ciekawi eksperymentowania z efektami zio\u0142owymi. Kluczem do znalezienia najlepszego do\u015bwiadczenia jest rozpocz\u0119cie od niskiej dawki i stopniowe zwi\u0119kszanie ilo\u015bci zgodnie z potrzebami. Takie stopniowe podej\u015bcie zapewnia znalezienie idealnej si\u0142y dzia\u0142ania przy jednoczesnym unikni\u0119ciu niepo\u017c\u0105danych skutk\u00f3w ubocznych. Kanna mo\u017cna r\u00f3wnie\u017c w\u0142\u0105czy\u0107 do innych metod, takich jak kapsu\u0142ki lub nalewki, w zale\u017cno\u015bci od preferencji.<\/p>\n<h2 data-start=\"3239\" data-end=\"3262\">Sk\u0142adniki Kanna<\/h2>\n<p data-start=\"3264\" data-end=\"4294\">Podstawowymi zwi\u0105zkami aktywnymi wyst\u0119puj\u0105cymi w Sceletium Tortuosum lub Kanna s\u0105 alkaloidy, takie jak mesembryna, mesembrenon i mesembrenol. Alkaloidy te odgrywaj\u0105 kluczow\u0105 rol\u0119 w psychoaktywnych i leczniczych w\u0142a\u015bciwo\u015bciach ro\u015bliny. W szczeg\u00f3lno\u015bci Mesembrine znana jest ze swojej zdolno\u015bci do dzia\u0142ania jako selektywny inhibitor wychwytu zwrotnego serotoniny (SSRI), kt\u00f3ry pomaga regulowa\u0107 nastr\u00f3j i zmniejsza\u0107 uczucie niepokoju. Inne zwi\u0105zki zawarte w Kanna przyczyniaj\u0105 si\u0119 do jego energetyzuj\u0105cego i uspokajaj\u0105cego dzia\u0142ania, a niekt\u00f3re z nich mog\u0105 nawet zwi\u0119ksza\u0107 libido. Ekstrakt 40x zawiera znacznie wy\u017csze st\u0119\u017cenie tych aktywnych alkaloid\u00f3w, dzi\u0119ki czemu jest znacznie silniejszy ni\u017c standardowy Kanna. Ekstrakt ten jest wytwarzany poprzez koncentracj\u0119 zwi\u0105zk\u00f3w ro\u015blinnych, oferuj\u0105c mocniejszy i skuteczniejszy spos\u00f3b do\u015bwiadczania korzy\u015bci p\u0142yn\u0105cych z ro\u015bliny. Ekstrakt ten jest idealny dla tych, kt\u00f3rzy chc\u0105 silniejszego efektu i lubi\u0105 eksperymentowa\u0107 z r\u00f3\u017cnymi dawkami. Jego wszechstronno\u015b\u0107 sprawia, \u017ce jest popularnym wyborem dla tych, kt\u00f3rzy chc\u0105 do\u015bwiadczy\u0107 jego efekt\u00f3w terapeutycznych w r\u00f3\u017cnych formach.<\/p>\n<p data-start=\"4296\" data-end=\"4671\"><strong data-start=\"4296\" data-end=\"4308\">Ostrze\u017cenie:<\/strong> Podczas stosowania Kanna wa\u017cne jest, aby zacz\u0105\u0107 od niskiej dawki, szczeg\u00f3lnie w przypadku ekstraktu 40x, poniewa\u017c jego si\u0142a mo\u017ce si\u0119 r\u00f3\u017cni\u0107 w zale\u017cno\u015bci od osoby. Zaleca si\u0119 stopniowe zwi\u0119kszanie dawki w celu unikni\u0119cia jakichkolwiek dzia\u0142a\u0144 niepo\u017c\u0105danych. Przed zastosowaniem Kanna nale\u017cy zawsze skonsultowa\u0107 si\u0119 z lekarzem, zw\u0142aszcza je\u015bli jeste\u015b w ci\u0105\u017cy, karmisz piersi\u0105 lub przyjmujesz leki.<\/p>","protected":false},"excerpt":{"rendered":"<p>Kanna to staro\u017cytne zio\u0142o wojownik\u00f3w, kt\u00f3re kultura zachodnia od wiek\u00f3w wykorzystuje jako \u015brodek poprawiaj\u0105cy nastr\u00f3j i \u0142agodz\u0105cy stres. Mo\u017cna go bezpiecznie przyjmowa\u0107 z innymi substancjami, ale nie nale\u017cy tego robi\u0107 zbyt gwa\u0142townie, w przeciwnym razie mo\u017cna osi\u0105gn\u0105\u0107 stan niepokoju i ca\u0142kowitego spokoju. Mi\u0142ej zabawy! 40x Extract z Kanna to najsilniejszy ekstrakt, jaki mo\u017cna kupi\u0107 online, wi\u0119c koniecznie go wypr\u00f3buj!<\/p>","protected":false},"featured_media":81925,"template":"","meta":[],"product_brand":[],"product_cat":[297,391,389,385,818,397,384],"product_tag":[],"class_list":{"0":"post-37780","1":"product","2":"type-product","3":"status-publish","4":"has-post-thumbnail","6":"product_cat-all-products","7":"product_cat-extracts","8":"product_cat-herbs","9":"product_cat-kanna","10":"product_cat-mcmystic","11":"product_cat-party","12":"product_cat-smartshop","14":"first","15":"instock","16":"taxable","17":"shipping-taxable","18":"purchasable","19":"product-type-variable","20":"has-default-attributes"},"_links":{"self":[{"href":"https:\/\/www.headshop.nl\/pl\/wp-json\/wp\/v2\/product\/37780","targetHints":{"allow":["GET"]}}],"collection":[{"href":"https:\/\/www.headshop.nl\/pl\/wp-json\/wp\/v2\/product"}],"about":[{"href":"https:\/\/www.headshop.nl\/pl\/wp-json\/wp\/v2\/types\/product"}],"wp:featuredmedia":[{"embeddable":true,"href":"https:\/\/www.headshop.nl\/pl\/wp-json\/wp\/v2\/media\/81925"}],"wp:attachment":[{"href":"https:\/\/www.headshop.nl\/pl\/wp-json\/wp\/v2\/media?parent=37780"}],"wp:term":[{"taxonomy":"product_brand","embeddable":true,"href":"https:\/\/www.headshop.nl\/pl\/wp-json\/wp\/v2\/product_brand?post=37780"},{"taxonomy":"product_cat","embeddable":true,"href":"https:\/\/www.headshop.nl\/pl\/wp-json\/wp\/v2\/product_cat?post=37780"},{"taxonomy":"product_tag","embeddable":true,"href":"https:\/\/www.headshop.nl\/pl\/wp-json\/wp\/v2\/product_tag?post=37780"}],"curies":[{"name":"wp","href":"https:\/\/api.w.org\/{rel}","templated":true}]}}