{"id":37565,"date":"2025-01-30T08:40:38","date_gmt":"2025-01-30T08:40:38","guid":{"rendered":"https:\/\/www.headshop.nl\/?post_type=product&#038;p=37565"},"modified":"2025-05-23T09:04:52","modified_gmt":"2025-05-23T09:04:52","slug":"white-widow","status":"publish","type":"product","link":"https:\/\/www.headshop.nl\/pl\/white-widow\/","title":{"rendered":"White Widow - Vision Seeds"},"content":{"rendered":"<h2><span data-sheets-value=\"{&quot;1&quot;:2,&quot;2&quot;:&quot;White Widow&quot;}\" data-sheets-userformat=\"{&quot;2&quot;:6723,&quot;3&quot;:{&quot;1&quot;:0},&quot;4&quot;:{&quot;1&quot;:2,&quot;2&quot;:13228792},&quot;9&quot;:0,&quot;12&quot;:0,&quot;14&quot;:{&quot;1&quot;:2,&quot;2&quot;:0},&quot;15&quot;:&quot;Arial&quot;}\">White Widow <\/span>Nasiona konopi od Vision Seeds<\/h2>\n<p>Je\u015bli potrzebujesz dobrej zabawy, to jest to odpowiedni p\u0105czek na Tw\u00f3j dzie\u0144. Zgodnie ze swoj\u0105 nazw\u0105 \"White Widow\" trafnie wydziela intensywn\u0105 projekcj\u0119 bia\u0142ych l\u015bni\u0105cych trichom\u00f3w, kt\u00f3re s\u0105 znacznie silniejsze ni\u017c wi\u0119kszo\u015b\u0107 innych szczep\u00f3w na rynku. Odmiana ta sprawi, \u017ce ka\u017cdy u\u017cytkownik b\u0119dzie oczarowany i zrelaksowany, a jednocze\u015bnie zainteresuje si\u0119 nowymi rzeczami! \u015awietnie nadaje si\u0119 r\u00f3wnie\u017c do wspomagania apetytu!<\/p>\n<p>Nie bez powodu ro\u015blina ta nazywana jest bia\u0142\u0105 wdow\u0105, ze wzgl\u0119du na du\u017c\u0105 ilo\u015b\u0107 trichom\u00f3w i moc. Pochodz\u0105ca z krzy\u017c\u00f3wki sativy i indiki odmiana ta zas\u0142uguje na to, by sta\u0107 si\u0119 jedn\u0105 z twoich ulubionych. Spodziewaj si\u0119 bardzo relaksuj\u0105cego zaci\u0105gni\u0119cia, z efektami poprawiaj\u0105cymi nastr\u00f3j i my\u015blami o pr\u00f3bowaniu nowych rzeczy - a wszystko to bez uczucia g\u0142\u0119bokiego letargu. Nazwa mo\u017ce pochodzi\u0107 od tego, czego b\u0119dziesz sobie \u017cyczy\u0107 po pierwszym paleniu tego male\u0144stwa!<\/p>","protected":false},"excerpt":{"rendered":"<p>Relaksuj\u0105ca, a jednocze\u015bnie silna moc odmiany White Widow od Vision Seeds jest w\u0142a\u015bnie tym, czego potrzebujesz, gdy chcesz zrobi\u0107 krok wstecz i pomy\u015ble\u0107 o \u017cyciu. Gdy twoje impulsy spo\u0142eczne zwolni\u0105 dzi\u0119ki tej niesamowitej krzy\u017c\u00f3wce Sativy i Indica, poczujesz si\u0119 bardziej zaintrygowany pr\u00f3bowaniem nowych rzeczy - wi\u0119c nie b\u00f3j si\u0119! Zachwy\u0107 si\u0119 widokiem jej bia\u0142ych trichom\u00f3w. Prawdziwie oldschoolowy klasyk konopi, kt\u00f3ry nadal jest idealny w ka\u017cdej sytuacji, nie zawaha si\u0119 pom\u00f3c w nudnym b\u00f3lu g\u0142owy lub przenie\u015b\u0107 apetyt na wy\u017cszy poziom w \u015bwiecie pragnie\u0144 \u017cywieniowych.<\/p>","protected":false},"featured_media":37576,"template":"","meta":[],"product_brand":[],"product_cat":[950,297,467,470,465],"product_tag":[],"class_list":{"0":"post-37565","1":"product","2":"type-product","3":"status-publish","4":"has-post-thumbnail","6":"product_cat-vision-seeds","7":"product_cat-all-products","8":"product_cat-feminized-seeds","9":"product_cat-high-thc-seeds","10":"product_cat-seedshop","11":"product_shipping_class-creditcard-on","13":"first","14":"instock","15":"taxable","16":"shipping-taxable","17":"purchasable","18":"product-type-variable","19":"has-default-attributes"},"_links":{"self":[{"href":"https:\/\/www.headshop.nl\/pl\/wp-json\/wp\/v2\/product\/37565","targetHints":{"allow":["GET"]}}],"collection":[{"href":"https:\/\/www.headshop.nl\/pl\/wp-json\/wp\/v2\/product"}],"about":[{"href":"https:\/\/www.headshop.nl\/pl\/wp-json\/wp\/v2\/types\/product"}],"wp:featuredmedia":[{"embeddable":true,"href":"https:\/\/www.headshop.nl\/pl\/wp-json\/wp\/v2\/media\/37576"}],"wp:attachment":[{"href":"https:\/\/www.headshop.nl\/pl\/wp-json\/wp\/v2\/media?parent=37565"}],"wp:term":[{"taxonomy":"product_brand","embeddable":true,"href":"https:\/\/www.headshop.nl\/pl\/wp-json\/wp\/v2\/product_brand?post=37565"},{"taxonomy":"product_cat","embeddable":true,"href":"https:\/\/www.headshop.nl\/pl\/wp-json\/wp\/v2\/product_cat?post=37565"},{"taxonomy":"product_tag","embeddable":true,"href":"https:\/\/www.headshop.nl\/pl\/wp-json\/wp\/v2\/product_tag?post=37565"}],"curies":[{"name":"wp","href":"https:\/\/api.w.org\/{rel}","templated":true}]}}