{"id":37562,"date":"2025-01-30T08:40:32","date_gmt":"2025-01-30T08:40:32","guid":{"rendered":"https:\/\/www.headshop.nl\/?post_type=product&#038;p=37562"},"modified":"2025-05-23T09:04:58","modified_gmt":"2025-05-23T09:04:58","slug":"wedding-cake-x-triple-og","status":"publish","type":"product","link":"https:\/\/www.headshop.nl\/pl\/wedding-cake-x-triple-og\/","title":{"rendered":"Wedding Cake x Triple OG - Vision Seeds"},"content":{"rendered":"<h2><span data-sheets-value=\"{&quot;1&quot;:2,&quot;2&quot;:&quot;Wedding Cake x Triple OG&quot;}\" data-sheets-userformat=\"{&quot;2&quot;:6723,&quot;3&quot;:{&quot;1&quot;:0},&quot;4&quot;:{&quot;1&quot;:2,&quot;2&quot;:16573901},&quot;9&quot;:0,&quot;12&quot;:0,&quot;14&quot;:{&quot;1&quot;:2,&quot;2&quot;:0},&quot;15&quot;:&quot;Arial&quot;}\">Wedding Cake x Triple OG<\/span> Nasiona konopi od Vision Seeds<\/h2>\n<p>Odmiana konopi Vision Seeds Wedding Cake x Triple OG to bardzo wyj\u0105tkowa i ekscentryczna mieszanka o s\u0142odkich, pikantnych, kremowych i kwa\u015bnych smakach. Jako odmiana konopi o wyj\u0105tkowo wysokim poziomie THC, efekty s\u0105 natychmiastowe po wypaleniu tej pysznej kr\u00f3lowej deser\u00f3w. Do\u015bwiadczysz rado\u015bci, podnosz\u0105cej na duchu energii, euforii, a tak\u017ce intensywnego do\u0142adowania g\u0142owy!<\/p>\n<p>Jest to \u015bwietne rozwi\u0105zanie dla tych, kt\u00f3rzy szukaj\u0105 natychmiastowej ulgi od stresu lub niepokoju, radzenia sobie z zadaniami fizycznymi po pracy, kreatywno\u015bci w \u015brodku dnia na zaj\u0119ciach podobnych do hoot hoot (AKA r\u0119kodzie\u0142o), a nawet po prostu kr\u0119cenia si\u0119 po domu przez ca\u0142y dzie\u0144 rozmytym jak cholera. B\u0105d\u017a jednak ostro\u017cny, poniewa\u017c jej efekty s\u0105 szybkie! Nie zdziw si\u0119, je\u015bli po kilku godzinach od zapalenia tej pot\u0119\u017cnej damy mocy nagle poczujesz, \u017ce odlatujesz.<\/p>\n<p>Wyst\u0119puje w wyj\u0105tkowym opakowaniu z lukrem przypominaj\u0105cym ciasto, ale jej aromatyczne w\u0142a\u015bciwo\u015bci mog\u0105 by\u0107 tym, co naprawd\u0119 sprawi, \u017ce wr\u00f3cisz po wi\u0119cej. Dzi\u0119ki intensywnym efektom z ca\u0142ego do\u015bwiadczenia - daj jej dobry zapach, smak i baw si\u0119 dobrze, pr\u00f3buj\u0105c czego\u015b nowego!<\/p>","protected":false},"excerpt":{"rendered":"<p>Pyszna odmiana tortu weselnego Vision, trafnie nazwana Wedding Cake x Triple OG, to prawdziwa kr\u00f3lowa. Zaczyna si\u0119 od niezapomnianego aromatu - s\u0142odkiego i pikantnego z nut\u0105 kwa\u015bn\u0105, kt\u00f3ra sprawi, \u017ce Twoje kubki smakowe oszalej\u0105! Wyro\u015bnie na du\u017cy, kolorowy kwiat, kt\u00f3ry zapewni ci mn\u00f3stwo energii o wysokiej mocy na ca\u0142y dzie\u0144. Ta bestia rzuca na st\u00f3\u0142 solidny wynik 25% THC, wi\u0119c uwa\u017caj z tymi zaci\u0105gni\u0119ciami, brachu!<\/p>","protected":false},"featured_media":37574,"template":"","meta":[],"product_brand":[],"product_cat":[950,297,467,470,465,629,468],"product_tag":[],"class_list":{"0":"post-37562","1":"product","2":"type-product","3":"status-publish","4":"has-post-thumbnail","6":"product_cat-vision-seeds","7":"product_cat-all-products","8":"product_cat-feminized-seeds","9":"product_cat-high-thc-seeds","10":"product_cat-seedshop","11":"product_cat-seedshop-top-10","12":"product_cat-usa-seeds","13":"product_shipping_class-creditcard-on","15":"first","16":"instock","17":"taxable","18":"shipping-taxable","19":"purchasable","20":"product-type-variable","21":"has-default-attributes"},"_links":{"self":[{"href":"https:\/\/www.headshop.nl\/pl\/wp-json\/wp\/v2\/product\/37562","targetHints":{"allow":["GET"]}}],"collection":[{"href":"https:\/\/www.headshop.nl\/pl\/wp-json\/wp\/v2\/product"}],"about":[{"href":"https:\/\/www.headshop.nl\/pl\/wp-json\/wp\/v2\/types\/product"}],"wp:featuredmedia":[{"embeddable":true,"href":"https:\/\/www.headshop.nl\/pl\/wp-json\/wp\/v2\/media\/37574"}],"wp:attachment":[{"href":"https:\/\/www.headshop.nl\/pl\/wp-json\/wp\/v2\/media?parent=37562"}],"wp:term":[{"taxonomy":"product_brand","embeddable":true,"href":"https:\/\/www.headshop.nl\/pl\/wp-json\/wp\/v2\/product_brand?post=37562"},{"taxonomy":"product_cat","embeddable":true,"href":"https:\/\/www.headshop.nl\/pl\/wp-json\/wp\/v2\/product_cat?post=37562"},{"taxonomy":"product_tag","embeddable":true,"href":"https:\/\/www.headshop.nl\/pl\/wp-json\/wp\/v2\/product_tag?post=37562"}],"curies":[{"name":"wp","href":"https:\/\/api.w.org\/{rel}","templated":true}]}}