{"id":37553,"date":"2025-01-30T08:40:26","date_gmt":"2025-01-30T08:40:26","guid":{"rendered":"https:\/\/www.headshop.nl\/?post_type=product&#038;p=37553"},"modified":"2025-05-23T09:05:19","modified_gmt":"2025-05-23T09:05:19","slug":"vision-cookies","status":"publish","type":"product","link":"https:\/\/www.headshop.nl\/pl\/vision-cookies\/","title":{"rendered":"Vision Cookies - Vision Seeds"},"content":{"rendered":"<h2><span data-sheets-value=\"{&quot;1&quot;:2,&quot;2&quot;:&quot;Vision Cookies&quot;}\" data-sheets-userformat=\"{&quot;2&quot;:6723,&quot;3&quot;:{&quot;1&quot;:0},&quot;4&quot;:{&quot;1&quot;:2,&quot;2&quot;:15389148},&quot;9&quot;:0,&quot;12&quot;:0,&quot;14&quot;:{&quot;1&quot;:2,&quot;2&quot;:0},&quot;15&quot;:&quot;Arial&quot;}\">Vision Cookies<\/span> Nasiona konopi od Vision Seeds<\/h2>\n<p>Vision Cookies jest dla ka\u017cdego, kto szuka precyzyjnej, silnej odmiany, kt\u00f3ra pachnie jak melony, brzoskwinie i smakuje jak jagody. Ta odmiana jest idealna do \u0142agodzenia stresu z efektami podnosz\u0105cymi na duchu i euforycznymi. Vision Cookies osi\u0105ga \u015brednie poziomy ~20% THC, kt\u00f3re s\u0105 wystarczaj\u0105co wysokie, aby zapewni\u0107 dobre plony - do 800g\/ro\u015blin\u0119, je\u015bli warunki s\u0105 odpowiednie!<\/p>\n<p>Zaplanuj swoj\u0105 nast\u0119pn\u0105 wycieczk\u0119 z przyjemno\u015bci\u0105 i rado\u015bci\u0105, aby wr\u00f3ci\u0107 do domu z pracy z uczuciem odm\u0142odzenia i szcz\u0119\u015bcia! Odmiana konopi Vision Cookies sprawi, \u017ce zapragniesz zag\u0142\u0119bi\u0107 si\u0119 w siebie. Ciesz si\u0119 sensem \u017cycia dzi\u0119ki tej wspania\u0142ej odmianie zapewniaj\u0105cej intensywne zmiany mentalne.<\/p>\n<p>Odmiana ta doskonale sprawdza si\u0119 w niemal ka\u017cdym klimacie. Poniewa\u017c bardzo dobrze ro\u015bnie na zewn\u0105trz, jej plony r\u00f3wnie\u017c b\u0119d\u0105 wysokie! Vision Cookies to idealny wyb\u00f3r dla tych, kt\u00f3rzy szukaj\u0105 mniej intensywnej, ale wci\u0105\u017c bardzo silnej odmiany o owocowym aromacie i mog\u0105cej produkowa\u0107 zbiory zaczynaj\u0105ce si\u0119 od 800 gram\u00f3w na ro\u015blin\u0119. Idealne do ca\u0142kowitego z\u0142agodzenia stresu, te ciasteczka z konopi zapewni\u0105 podnosz\u0105c\u0105 na duchu eufori\u0119, kt\u00f3ra wprawi Ci\u0119 w przyjemne zdumienie! Ciesz si\u0119 smakiem melona, brzoskwini i jag\u00f3d w tej niesamowitej odmianie.<\/p>","protected":false},"excerpt":{"rendered":"<p>Vision Cookies to owocowa hybryda o smaku jagodowym, kt\u00f3ra ro\u015bnie szybko i daje du\u017ce plony. Nie wytwarza bardzo silnego aromatu, ale nadal mo\u017ce dostarczy\u0107 do 800 gr na ro\u015blin\u0119, je\u015bli warunki s\u0105 idealne! Odpowiedni wyb\u00f3r dla os\u00f3b poszukuj\u0105cych bardzo silnej, ale nie szalenie mocnej odmiany konopi o zapachu s\u0142odyczy i jag\u00f3d. B\u0105d\u017a \u015bwiadomy, poniewa\u017c nadal mo\u017ce kopn\u0105\u0107 solidny znak 20% THC, wi\u0119c zdecydowanie warto po\u015bwi\u0119ci\u0107 sw\u00f3j czas!<\/p>","protected":false},"featured_media":37570,"template":"","meta":[],"product_brand":[],"product_cat":[950,297,467,470,465,629],"product_tag":[],"class_list":{"0":"post-37553","1":"product","2":"type-product","3":"status-publish","4":"has-post-thumbnail","6":"product_cat-vision-seeds","7":"product_cat-all-products","8":"product_cat-feminized-seeds","9":"product_cat-high-thc-seeds","10":"product_cat-seedshop","11":"product_cat-seedshop-top-10","12":"product_shipping_class-creditcard-on","14":"first","15":"instock","16":"taxable","17":"shipping-taxable","18":"purchasable","19":"product-type-variable","20":"has-default-attributes"},"_links":{"self":[{"href":"https:\/\/www.headshop.nl\/pl\/wp-json\/wp\/v2\/product\/37553","targetHints":{"allow":["GET"]}}],"collection":[{"href":"https:\/\/www.headshop.nl\/pl\/wp-json\/wp\/v2\/product"}],"about":[{"href":"https:\/\/www.headshop.nl\/pl\/wp-json\/wp\/v2\/types\/product"}],"wp:featuredmedia":[{"embeddable":true,"href":"https:\/\/www.headshop.nl\/pl\/wp-json\/wp\/v2\/media\/37570"}],"wp:attachment":[{"href":"https:\/\/www.headshop.nl\/pl\/wp-json\/wp\/v2\/media?parent=37553"}],"wp:term":[{"taxonomy":"product_brand","embeddable":true,"href":"https:\/\/www.headshop.nl\/pl\/wp-json\/wp\/v2\/product_brand?post=37553"},{"taxonomy":"product_cat","embeddable":true,"href":"https:\/\/www.headshop.nl\/pl\/wp-json\/wp\/v2\/product_cat?post=37553"},{"taxonomy":"product_tag","embeddable":true,"href":"https:\/\/www.headshop.nl\/pl\/wp-json\/wp\/v2\/product_tag?post=37553"}],"curies":[{"name":"wp","href":"https:\/\/api.w.org\/{rel}","templated":true}]}}