{"id":37521,"date":"2025-01-30T07:40:42","date_gmt":"2025-01-30T07:40:42","guid":{"rendered":"https:\/\/www.headshop.nl\/?post_type=product&#038;p=37521"},"modified":"2025-05-23T09:08:29","modified_gmt":"2025-05-23T09:08:29","slug":"silver-haze","status":"publish","type":"product","link":"https:\/\/www.headshop.nl\/pl\/silver-haze\/","title":{"rendered":"Silver Haze - Vision Seeds"},"content":{"rendered":"<h2><span data-sheets-value=\"{&quot;1&quot;:2,&quot;2&quot;:&quot;Silver Haze&quot;}\" data-sheets-userformat=\"{&quot;2&quot;:6723,&quot;3&quot;:{&quot;1&quot;:0},&quot;4&quot;:{&quot;1&quot;:2,&quot;2&quot;:13624051},&quot;9&quot;:0,&quot;12&quot;:0,&quot;14&quot;:{&quot;1&quot;:2,&quot;2&quot;:0},&quot;15&quot;:&quot;Arial&quot;}\">Silver Haze<\/span> Nasiona konopi od Vision Seeds<\/h2>\n<p>Uwa\u017cana przez niekt\u00f3rych za jedn\u0105 z najciekawszych dost\u0119pnych odmian konopi, Silver Haze to idealna mieszanka genetyki Indica i Sativa, kt\u00f3ra zapewnia chichot przez ca\u0142y dzie\u0144. Przygotuj si\u0119 na kreatywne hajowanie z euforycznym szumem i silnymi efektami m\u00f3zgowymi!<\/p>\n<p>Silver Haze to jedna z najbardziej znanych odmian haze konopi, kt\u00f3ra zawsze sprawi, \u017ce ka\u017cdy mi\u0142o\u015bnik Sativy oszaleje! Vision Seeds Silver Haze to odmiana haze, kt\u00f3ra sprawi, \u017ce ka\u017cdy mi\u0142o\u015bnik trawki b\u0119dzie si\u0119 \u015blini\u0142! Ta popularna genetyka pochodzi z czystej strony Haze, ale zawiera r\u00f3wnie\u017c domieszk\u0119 skunka i Northern Lights.<\/p>\n<p>Daje jej to umiarkowany poziom THC z doskona\u0142ym, chichocz\u0105cym hajem. Efekt jest tym, co sprawi\u0142o, \u017ce ta odmiana sta\u0142a si\u0119 klasykiem wszechczas\u00f3w - silny m\u00f3zgowy szum w po\u0142\u0105czeniu z euforycznymi uczuciami wywo\u0142anymi przez powa\u017cny \u015bmiech. Funky sosnowo-owocowe kombinacje smakowe s\u0105 niesamowite, ale pojawiaj\u0105 si\u0119 r\u00f3wnie\u017c bardzo pikantne nuty, kt\u00f3re mog\u0105 by\u0107 przyt\u0142aczaj\u0105ce dla niekt\u00f3rych os\u00f3b.<\/p>","protected":false},"excerpt":{"rendered":"<p>Szukasz intensywnej przygody we w\u0142asnej g\u0142owie? Silver Haze jest tutaj, gotowy, aby wysadzi\u0107 umys\u0142y, otwieraj\u0105c drzwi percepcji. Te ci\u0119\u017ckie genetyki Indica krzy\u017cuj\u0105 Skunk i Northern Lights z czyst\u0105 Haze, aby uzyska\u0107 hardkorowy szum po\u0142\u0105czony z powa\u017cnymi introspektywnymi wzlotami. Wiesz, \u017ce tego chcesz!<\/p>","protected":false},"featured_media":37264,"template":"","meta":[],"product_brand":[],"product_cat":[950,297,467,465],"product_tag":[],"class_list":{"0":"post-37521","1":"product","2":"type-product","3":"status-publish","4":"has-post-thumbnail","6":"product_cat-vision-seeds","7":"product_cat-all-products","8":"product_cat-feminized-seeds","9":"product_cat-seedshop","10":"product_shipping_class-creditcard-on","12":"first","13":"instock","14":"taxable","15":"shipping-taxable","16":"purchasable","17":"product-type-variable","18":"has-default-attributes"},"_links":{"self":[{"href":"https:\/\/www.headshop.nl\/pl\/wp-json\/wp\/v2\/product\/37521","targetHints":{"allow":["GET"]}}],"collection":[{"href":"https:\/\/www.headshop.nl\/pl\/wp-json\/wp\/v2\/product"}],"about":[{"href":"https:\/\/www.headshop.nl\/pl\/wp-json\/wp\/v2\/types\/product"}],"wp:featuredmedia":[{"embeddable":true,"href":"https:\/\/www.headshop.nl\/pl\/wp-json\/wp\/v2\/media\/37264"}],"wp:attachment":[{"href":"https:\/\/www.headshop.nl\/pl\/wp-json\/wp\/v2\/media?parent=37521"}],"wp:term":[{"taxonomy":"product_brand","embeddable":true,"href":"https:\/\/www.headshop.nl\/pl\/wp-json\/wp\/v2\/product_brand?post=37521"},{"taxonomy":"product_cat","embeddable":true,"href":"https:\/\/www.headshop.nl\/pl\/wp-json\/wp\/v2\/product_cat?post=37521"},{"taxonomy":"product_tag","embeddable":true,"href":"https:\/\/www.headshop.nl\/pl\/wp-json\/wp\/v2\/product_tag?post=37521"}],"curies":[{"name":"wp","href":"https:\/\/api.w.org\/{rel}","templated":true}]}}