{"id":37509,"date":"2025-01-30T07:40:32","date_gmt":"2025-01-30T07:40:32","guid":{"rendered":"https:\/\/www.headshop.nl\/?post_type=product&#038;p=37509"},"modified":"2025-05-23T09:08:59","modified_gmt":"2025-05-23T09:08:59","slug":"northern-lights","status":"publish","type":"product","link":"https:\/\/www.headshop.nl\/pl\/northern-lights\/","title":{"rendered":"Northern Lights - Vision Seeds"},"content":{"rendered":"<h2><span data-sheets-value=\"{&quot;1&quot;:2,&quot;2&quot;:&quot;Northern Lights&quot;}\" data-sheets-userformat=\"{&quot;2&quot;:6723,&quot;3&quot;:{&quot;1&quot;:0},&quot;4&quot;:{&quot;1&quot;:2,&quot;2&quot;:15120559},&quot;9&quot;:0,&quot;12&quot;:0,&quot;14&quot;:{&quot;1&quot;:2,&quot;2&quot;:0},&quot;15&quot;:&quot;Arial&quot;}\">Northern Lights<\/span> Nasiona konopi od Vision Seeds<\/h2>\n<p>Ciesz si\u0119 klasycznym, oldschoolowym uczuciem marihuany dzi\u0119ki tej odmianie konopi Northern Lights! Od s\u0142odko pachn\u0105cych kwiat\u00f3w po ci\u0119\u017ckie, letargiczne efekty na ciele, ta Indica jest konieczno\u015bci\u0105 zar\u00f3wno dla hodowc\u00f3w wewn\u0119trznych, jak i zewn\u0119trznych.<\/p>\n<p>Podobnie jak jej s\u0142odki smak - kt\u00f3ry albo pokochasz, albo znienawidzisz - Northern Lights szczyci si\u0119 szczepem Indica, kt\u00f3ry zrzuci z ciebie skarpetki na wszystkie w\u0142a\u015bciwe sposoby - z ostrymi i s\u0142odkimi aromatami unosz\u0105cymi si\u0119 przez ca\u0142\u0105 transakcj\u0119! Ta ci\u0119\u017cka odmiana Indica zapewnia soczyst\u0105, t\u0142ust\u0105 produkcj\u0119 \u017cywicy; nie wspominaj\u0105c o tym, \u017ce jej g\u0142adka moc THC pobudza apetyt jak \u017caden inny rodzaj. Nowicjusze powinni zachowa\u0107 ostro\u017cno\u015b\u0107, poniewa\u017c ta marihuana jest do\u015b\u0107 mocna. Ostrzegamy!<\/p>\n<p>Kto powiedzia\u0142, \u017ce odmiany Indica nie mog\u0105 by\u0107 zabawne? Nazwana na cze\u015b\u0107 zorzy polarnej, ta mro\u017ana odmiana zabierze Ci\u0119 w podr\u00f3\u017c g\u0142\u0119boko w pochmurne noce minionych dni. Jej silna genetyka pasuje do innych zachwycaj\u0105co zwariowanych szczep\u00f3w, kt\u00f3re s\u0105 najlepsze dla kubk\u00f3w smakowych. Wszystko ciasno upakowane w g\u0119stych, \u015bredniej wielko\u015bci p\u0105kach przepe\u0142nionych przepysznym smakiem - tworz\u0105c co\u015b, czemu nie mo\u017cna si\u0119 oprze\u0107! Do\u015bwiadczysz intensywnej fali relaksu, kt\u00f3ra b\u0119dzie trwa\u0107 d\u0142ugo po pierwszym haju.<\/p>","protected":false},"excerpt":{"rendered":"<p>Odmiana konopi Northern Lights jest jedn\u0105 z najpopularniejszych odmian na ca\u0142ym \u015bwiecie z dw\u00f3ch g\u0142\u00f3wnych powod\u00f3w: jest \u0142atwa w uprawie i zapewnia wyj\u0105tkowe efekty narkotyczne. Przy \u015brednim wzro\u015bcie, ta dama mo\u017ce produkowa\u0107 wysokiej jako\u015bci p\u0105ki marihuany o wysokim stosunku kwiat\u00f3w do li\u015bci dla do\u015bwiadczonych hodowc\u00f3w.<\/p>","protected":false},"featured_media":37258,"template":"","meta":[],"product_brand":[],"product_cat":[950,297,467,470,465],"product_tag":[],"class_list":{"0":"post-37509","1":"product","2":"type-product","3":"status-publish","4":"has-post-thumbnail","6":"product_cat-vision-seeds","7":"product_cat-all-products","8":"product_cat-feminized-seeds","9":"product_cat-high-thc-seeds","10":"product_cat-seedshop","11":"product_shipping_class-creditcard-on","13":"first","14":"instock","15":"taxable","16":"shipping-taxable","17":"purchasable","18":"product-type-variable","19":"has-default-attributes"},"_links":{"self":[{"href":"https:\/\/www.headshop.nl\/pl\/wp-json\/wp\/v2\/product\/37509","targetHints":{"allow":["GET"]}}],"collection":[{"href":"https:\/\/www.headshop.nl\/pl\/wp-json\/wp\/v2\/product"}],"about":[{"href":"https:\/\/www.headshop.nl\/pl\/wp-json\/wp\/v2\/types\/product"}],"wp:featuredmedia":[{"embeddable":true,"href":"https:\/\/www.headshop.nl\/pl\/wp-json\/wp\/v2\/media\/37258"}],"wp:attachment":[{"href":"https:\/\/www.headshop.nl\/pl\/wp-json\/wp\/v2\/media?parent=37509"}],"wp:term":[{"taxonomy":"product_brand","embeddable":true,"href":"https:\/\/www.headshop.nl\/pl\/wp-json\/wp\/v2\/product_brand?post=37509"},{"taxonomy":"product_cat","embeddable":true,"href":"https:\/\/www.headshop.nl\/pl\/wp-json\/wp\/v2\/product_cat?post=37509"},{"taxonomy":"product_tag","embeddable":true,"href":"https:\/\/www.headshop.nl\/pl\/wp-json\/wp\/v2\/product_tag?post=37509"}],"curies":[{"name":"wp","href":"https:\/\/api.w.org\/{rel}","templated":true}]}}