{"id":37433,"date":"2025-01-30T08:06:40","date_gmt":"2025-01-30T08:06:40","guid":{"rendered":"https:\/\/www.headshop.nl\/?post_type=product&#038;p=37433"},"modified":"2025-05-23T09:05:26","modified_gmt":"2025-05-23T09:05:26","slug":"nicole-x-og","status":"publish","type":"product","link":"https:\/\/www.headshop.nl\/pl\/nicole-x-og\/","title":{"rendered":"Nicole x OG - Vision Seeds"},"content":{"rendered":"<h2><span data-sheets-value=\"{&quot;1&quot;:2,&quot;2&quot;:&quot;Nicole x OG&quot;}\" data-sheets-userformat=\"{&quot;2&quot;:6723,&quot;3&quot;:{&quot;1&quot;:0},&quot;4&quot;:{&quot;1&quot;:2,&quot;2&quot;:13624051},&quot;9&quot;:0,&quot;12&quot;:0,&quot;14&quot;:{&quot;1&quot;:2,&quot;2&quot;:0},&quot;15&quot;:&quot;Arial&quot;}\">Nicole x OG<\/span> Nasiona konopi od Vision Seeds<\/h2>\n<p>Nicole X OG od Vision Seeds to jedna z naszych naj\u0142adniejszych ro\u015blin, kt\u00f3ra mo\u017ce zadziwi\u0107 wielko\u015bci\u0105 plon\u00f3w. Jej poziom THC jest nie do pobicia, co czyni j\u0105 jeszcze bardziej popularn\u0105 w\u015br\u00f3d do\u015bwiadczonych u\u017cytkownik\u00f3w konopi.<\/p>\n<p>Jej smak jest nie z tego \u015bwiata. Do\u015bwiadczysz osobliwego aromatu jag\u00f3d zmieszanego z cytrusowymi i ziemistymi tonami, kt\u00f3re sprawi\u0105, \u017ce b\u0119dziesz chcia\u0142 wr\u00f3ci\u0107 po wi\u0119cej. Ta dominuj\u0105ca Indica zaczyna kopa\u0107 z silnymi efektami letargu, kt\u00f3re wprowadz\u0105 Ci\u0119 w ca\u0142kowity stan relaksu, jednocze\u015bnie usuwaj\u0105c stres psychiczny, pozostawiaj\u0105c Ci\u0119 w czystej rozkoszy.<\/p>\n<p>Ta ci\u0119\u017cka Indica to odmiana OG Kush x Nicole, kt\u00f3ra charakteryzuje si\u0119 nisk\u0105 spoisto\u015bci\u0105 i lekkim aromatem. Dominuje smak jag\u00f3d, zmieszany z cytrusami i nut\u0105 ziemisto\u015bci. Haj zaczyna si\u0119 powoli, ale nasila si\u0119 do punktu, w kt\u00f3rym nie ma w\u0105tpliwo\u015bci, \u017ce jeste\u015b upieczony! Dzi\u0119ki mieszance mocnych haj\u00f3w, powinien to by\u0107 tw\u00f3j nast\u0119pny nocny papieros!<\/p>","protected":false},"excerpt":{"rendered":"<p>Ta dominuj\u0105ca Indica zaczyna kopa\u0107 z silnymi efektami letargu! Smak tej niesamowitej damy jest co najmniej przyt\u0142aczaj\u0105cy... Spodziewaj si\u0119 osobliwego aromatu jag\u00f3d, zmieszanego z mocnymi cytrusami i odrobin\u0105 drzewno-ziemistych ton\u00f3w. Nicole x OG to \u015bwietna ro\u015blina do uprawy dla ka\u017cdego mi\u0142o\u015bnika Kush!<\/p>","protected":false},"featured_media":37300,"template":"","meta":[],"product_brand":[],"product_cat":[950,297,467,470,465],"product_tag":[],"class_list":{"0":"post-37433","1":"product","2":"type-product","3":"status-publish","4":"has-post-thumbnail","6":"product_cat-vision-seeds","7":"product_cat-all-products","8":"product_cat-feminized-seeds","9":"product_cat-high-thc-seeds","10":"product_cat-seedshop","11":"product_shipping_class-creditcard-on","13":"first","14":"instock","15":"taxable","16":"shipping-taxable","17":"purchasable","18":"product-type-variable","19":"has-default-attributes"},"_links":{"self":[{"href":"https:\/\/www.headshop.nl\/pl\/wp-json\/wp\/v2\/product\/37433","targetHints":{"allow":["GET"]}}],"collection":[{"href":"https:\/\/www.headshop.nl\/pl\/wp-json\/wp\/v2\/product"}],"about":[{"href":"https:\/\/www.headshop.nl\/pl\/wp-json\/wp\/v2\/types\/product"}],"wp:featuredmedia":[{"embeddable":true,"href":"https:\/\/www.headshop.nl\/pl\/wp-json\/wp\/v2\/media\/37300"}],"wp:attachment":[{"href":"https:\/\/www.headshop.nl\/pl\/wp-json\/wp\/v2\/media?parent=37433"}],"wp:term":[{"taxonomy":"product_brand","embeddable":true,"href":"https:\/\/www.headshop.nl\/pl\/wp-json\/wp\/v2\/product_brand?post=37433"},{"taxonomy":"product_cat","embeddable":true,"href":"https:\/\/www.headshop.nl\/pl\/wp-json\/wp\/v2\/product_cat?post=37433"},{"taxonomy":"product_tag","embeddable":true,"href":"https:\/\/www.headshop.nl\/pl\/wp-json\/wp\/v2\/product_tag?post=37433"}],"curies":[{"name":"wp","href":"https:\/\/api.w.org\/{rel}","templated":true}]}}