{"id":37431,"date":"2025-01-30T08:06:39","date_gmt":"2025-01-30T08:06:39","guid":{"rendered":"https:\/\/www.headshop.nl\/?post_type=product&#038;p=37431"},"modified":"2025-05-23T09:05:34","modified_gmt":"2025-05-23T09:05:34","slug":"mighty-mango-bud","status":"publish","type":"product","link":"https:\/\/www.headshop.nl\/pl\/mighty-mango-bud\/","title":{"rendered":"Mighty Mango Bud - Vision Seeds"},"content":{"rendered":"<h2><span data-sheets-value=\"{&quot;1&quot;:2,&quot;2&quot;:&quot;Mighty Mango Bud&quot;}\" data-sheets-userformat=\"{&quot;2&quot;:6723,&quot;3&quot;:{&quot;1&quot;:0},&quot;4&quot;:{&quot;1&quot;:2,&quot;2&quot;:16773836},&quot;9&quot;:0,&quot;12&quot;:0,&quot;14&quot;:{&quot;1&quot;:2,&quot;2&quot;:0},&quot;15&quot;:&quot;Arial&quot;}\">Mighty Mango Bud<\/span> Nasiona konopi od Vision Seeds<\/h2>\n<p>Kiedy potrzebujesz czego\u015b, co \u015bwietnie nadaje si\u0119 do wyciszenia i uspokojenia w lepki, sativowy spos\u00f3b, odmiana konopi Mighty Mango Bud zawsze b\u0119dzie tam z odpowiednimi efektami dostarczanymi przez jej ziemist\u0105 mieszank\u0119. B\u0119dziesz m\u00f3g\u0142 podrygiwa\u0107 do melodii lub projekt\u00f3w, kt\u00f3re pr\u00f3bujesz uko\u0144czy\u0107.<\/p>\n<p>Kt\u00f3\u017c nie kocha \u015bwie\u017cej, s\u0142odkiej hybrydy konopi z owocami mango, ucztuj\u0105cej na kubkach smakowych? Odmiana konopi Vision Seeds Mighty Mango Bud to najlepsze z obu \u015bwiat\u00f3w - owocowo-jagodowa marihuana z dominacj\u0105 Indica, kt\u00f3ra zadba o twoje cia\u0142o, jednocze\u015bnie debiutuj\u0105c radosnym, m\u00f3zgowym hajem.<\/p>","protected":false},"excerpt":{"rendered":"<p>Odmiana konopi Vision Seeds Mighty Mango Bud to najlepsze z obu \u015bwiat\u00f3w - owocowo-jagodowa marihuana z dominacj\u0105 Indica, kt\u00f3ra zadba o twoje cia\u0142o, jednocze\u015bnie zapewniaj\u0105c radosny, m\u00f3zgowy haj. Czy\u017c nie uwielbiasz tych soczystych i s\u0142odkich zaci\u0105gni\u0119\u0107? Niam!<\/p>","protected":false},"featured_media":37256,"template":"","meta":[],"product_brand":[],"product_cat":[950,297,467,470,465,629],"product_tag":[],"class_list":{"0":"post-37431","1":"product","2":"type-product","3":"status-publish","4":"has-post-thumbnail","6":"product_cat-vision-seeds","7":"product_cat-all-products","8":"product_cat-feminized-seeds","9":"product_cat-high-thc-seeds","10":"product_cat-seedshop","11":"product_cat-seedshop-top-10","12":"product_shipping_class-creditcard-on","14":"first","15":"instock","16":"taxable","17":"shipping-taxable","18":"purchasable","19":"product-type-variable","20":"has-default-attributes"},"_links":{"self":[{"href":"https:\/\/www.headshop.nl\/pl\/wp-json\/wp\/v2\/product\/37431","targetHints":{"allow":["GET"]}}],"collection":[{"href":"https:\/\/www.headshop.nl\/pl\/wp-json\/wp\/v2\/product"}],"about":[{"href":"https:\/\/www.headshop.nl\/pl\/wp-json\/wp\/v2\/types\/product"}],"wp:featuredmedia":[{"embeddable":true,"href":"https:\/\/www.headshop.nl\/pl\/wp-json\/wp\/v2\/media\/37256"}],"wp:attachment":[{"href":"https:\/\/www.headshop.nl\/pl\/wp-json\/wp\/v2\/media?parent=37431"}],"wp:term":[{"taxonomy":"product_brand","embeddable":true,"href":"https:\/\/www.headshop.nl\/pl\/wp-json\/wp\/v2\/product_brand?post=37431"},{"taxonomy":"product_cat","embeddable":true,"href":"https:\/\/www.headshop.nl\/pl\/wp-json\/wp\/v2\/product_cat?post=37431"},{"taxonomy":"product_tag","embeddable":true,"href":"https:\/\/www.headshop.nl\/pl\/wp-json\/wp\/v2\/product_tag?post=37431"}],"curies":[{"name":"wp","href":"https:\/\/api.w.org\/{rel}","templated":true}]}}