{"id":37424,"date":"2025-01-30T08:06:36","date_gmt":"2025-01-30T08:06:36","guid":{"rendered":"https:\/\/www.headshop.nl\/?post_type=product&#038;p=37424"},"modified":"2025-05-23T09:06:05","modified_gmt":"2025-05-23T09:06:05","slug":"lambs-breath-x-ak-49","status":"publish","type":"product","link":"https:\/\/www.headshop.nl\/pl\/lambs-breath-x-ak-49\/","title":{"rendered":"Lamb\u2019s Breath x AK-49 - Vision Seeds"},"content":{"rendered":"<h2>Nasiona konopi Lamb\u2019s Breath x AK-49 od Vision Seeds<\/h2>\n<p>Przygotuj si\u0119 na g\u0142\u0119boki i intryguj\u0105cy haj, pe\u0142en pikanterii i serowo\u015bci. Odmiana Lamb\u2019s Breath x AK-49 to nasz ulubiony szczep Sativa dla tych, kt\u00f3rzy szukaj\u0105 niesamowitego poprawiacza nastroju z siln\u0105 energi\u0105.<\/p>\n<p>Poniewa\u017c ta dziewczyna ma same pozytywne zalety, zapraszamy do delektowania si\u0119 jej subtelnie pikantnym smakiem i odkrycia wszystkich wspania\u0142ych cech, kt\u00f3re mo\u017ce zaoferowa\u0107 Twojemu \u017cyciu! Przyjazne zielone p\u0105ki pokryte s\u0105 pomara\u0144czowymi w\u0142oskami; nie zapominaj\u0105c, \u017ce ta dama ma w sobie co\u015b, co sprawi, \u017ce do\u015bwiadczenie b\u0119dzie jeszcze przyjemniejsze: z\u0142o\u017con\u0105 mieszank\u0119 kannabinoid\u00f3w i terpen\u00f3w.<\/p>\n<p>Nie wahaj si\u0119 wi\u0119c - zam\u00f3w swoj\u0105 Mistress ju\u017c teraz!<\/p>","protected":false},"excerpt":{"rendered":"<p>B\u0119d\u0105c krzy\u017c\u00f3wk\u0105 Vision Seeds Lamb's Breath i AK-49 Cannabis Strain, mo\u017cna oczekiwa\u0107, \u017ce ta dama b\u0119dzie zabawna jak budzik w czwartkowy poranek. Pot\u0119\u017cna z powa\u017cnym wp\u0142ywem Sativy, sprawi, \u017ce zakochasz si\u0119 w niej, je\u015bli masz z\u0142y nastr\u00f3j. \u017bywe zielenie stan\u0105 si\u0119 wszystkimi odcieniami zieleni po zbyt d\u0142ugim patrzeniu na nie ze wzgl\u0119du na wysoki poziom THC w po\u0142\u0105czeniu z wysokimi poziomami innych kannabinoid\u00f3w. Zdecydowanie obowi\u0105zkowa odmiana konopi!<\/p>","protected":false},"featured_media":37298,"template":"","meta":[],"product_brand":[],"product_cat":[950,297,467,470,465],"product_tag":[],"class_list":{"0":"post-37424","1":"product","2":"type-product","3":"status-publish","4":"has-post-thumbnail","6":"product_cat-vision-seeds","7":"product_cat-all-products","8":"product_cat-feminized-seeds","9":"product_cat-high-thc-seeds","10":"product_cat-seedshop","11":"product_shipping_class-creditcard-on","13":"first","14":"instock","15":"taxable","16":"shipping-taxable","17":"purchasable","18":"product-type-variable","19":"has-default-attributes"},"_links":{"self":[{"href":"https:\/\/www.headshop.nl\/pl\/wp-json\/wp\/v2\/product\/37424","targetHints":{"allow":["GET"]}}],"collection":[{"href":"https:\/\/www.headshop.nl\/pl\/wp-json\/wp\/v2\/product"}],"about":[{"href":"https:\/\/www.headshop.nl\/pl\/wp-json\/wp\/v2\/types\/product"}],"wp:featuredmedia":[{"embeddable":true,"href":"https:\/\/www.headshop.nl\/pl\/wp-json\/wp\/v2\/media\/37298"}],"wp:attachment":[{"href":"https:\/\/www.headshop.nl\/pl\/wp-json\/wp\/v2\/media?parent=37424"}],"wp:term":[{"taxonomy":"product_brand","embeddable":true,"href":"https:\/\/www.headshop.nl\/pl\/wp-json\/wp\/v2\/product_brand?post=37424"},{"taxonomy":"product_cat","embeddable":true,"href":"https:\/\/www.headshop.nl\/pl\/wp-json\/wp\/v2\/product_cat?post=37424"},{"taxonomy":"product_tag","embeddable":true,"href":"https:\/\/www.headshop.nl\/pl\/wp-json\/wp\/v2\/product_tag?post=37424"}],"curies":[{"name":"wp","href":"https:\/\/api.w.org\/{rel}","templated":true}]}}