{"id":37420,"date":"2025-01-30T08:06:34","date_gmt":"2025-01-30T08:06:34","guid":{"rendered":"https:\/\/www.headshop.nl\/?post_type=product&#038;p=37420"},"modified":"2025-05-23T09:06:10","modified_gmt":"2025-05-23T09:06:10","slug":"jack-herer","status":"publish","type":"product","link":"https:\/\/www.headshop.nl\/pl\/jack-herer\/","title":{"rendered":"Jack Herer - Vision Seeds"},"content":{"rendered":"<h2><span data-sheets-value=\"{&quot;1&quot;:2,&quot;2&quot;:&quot;Jack Herer&quot;}\" data-sheets-userformat=\"{&quot;2&quot;:6723,&quot;3&quot;:{&quot;1&quot;:0},&quot;4&quot;:{&quot;1&quot;:2,&quot;2&quot;:15389148},&quot;9&quot;:0,&quot;12&quot;:0,&quot;14&quot;:{&quot;1&quot;:2,&quot;2&quot;:0},&quot;15&quot;:&quot;Arial&quot;}\">Jack Herer <\/span>Nasiona konopi od Vision Seeds<\/h2>\n<p>Szuka\u0142e\u015b sposobu na relaks i dobr\u0105 zabaw\u0119, a jednocze\u015bnie nie czujesz si\u0119 leniwy lub nadmiernie zm\u0119czony. Chcesz, aby euforyczne uczucie zwi\u0105zane z konopiami indyjskimi pozosta\u0142o z tob\u0105 bez przyt\u0142oczenia. Nasiona konopi Jack Herer mog\u0105 by\u0107 tym, czego potrzebujesz!<\/p>\n<p>Ta niesamowita odmiana marihuany sprawi, \u017ce b\u0119dziesz oszo\u0142omiony i szcz\u0119\u015bliwy, nie pozostawiaj\u0105c ci\u0119 wyczerpanym lub ospa\u0142ym, idealna, je\u015bli tego w\u0142a\u015bnie szukasz w odmianie marihuany. Jack Herer jest dumny z genetyki Skunk, Northern Lights i Haze - tak!<\/p>","protected":false},"excerpt":{"rendered":"<p>Pozw\u00f3lmy Jackowi si\u0119 przedstawi\u0107, aby\u015bmy nie musieli tego robi\u0107... \"Jestem wysokiej jako\u015bci hybryd\u0105 Sativa z 100% Skunk, Northern Lights i genetyk\u0105 Haze, kt\u00f3ra sprawi, \u017ce b\u0119dziesz dumny z mojej uprawy. Jestem znana z moich wspania\u0142ych kwiat\u00f3w, kt\u00f3re s\u0105 jasnozielonymi p\u0105kami pokrytymi du\u017c\u0105 ilo\u015bci\u0105 w\u0142osk\u00f3w, kt\u00f3re wywo\u0142aj\u0105 eufori\u0119, gdy trafi\u0105 do twojego systemu\". Sami nie mogliby\u015bmy powiedzie\u0107 tego lepiej!<\/p>","protected":false},"featured_media":37250,"template":"","meta":[],"product_brand":[],"product_cat":[950,297,467,465],"product_tag":[],"class_list":{"0":"post-37420","1":"product","2":"type-product","3":"status-publish","4":"has-post-thumbnail","6":"product_cat-vision-seeds","7":"product_cat-all-products","8":"product_cat-feminized-seeds","9":"product_cat-seedshop","10":"product_shipping_class-creditcard-on","12":"first","13":"instock","14":"taxable","15":"shipping-taxable","16":"purchasable","17":"product-type-variable","18":"has-default-attributes"},"_links":{"self":[{"href":"https:\/\/www.headshop.nl\/pl\/wp-json\/wp\/v2\/product\/37420","targetHints":{"allow":["GET"]}}],"collection":[{"href":"https:\/\/www.headshop.nl\/pl\/wp-json\/wp\/v2\/product"}],"about":[{"href":"https:\/\/www.headshop.nl\/pl\/wp-json\/wp\/v2\/types\/product"}],"wp:featuredmedia":[{"embeddable":true,"href":"https:\/\/www.headshop.nl\/pl\/wp-json\/wp\/v2\/media\/37250"}],"wp:attachment":[{"href":"https:\/\/www.headshop.nl\/pl\/wp-json\/wp\/v2\/media?parent=37420"}],"wp:term":[{"taxonomy":"product_brand","embeddable":true,"href":"https:\/\/www.headshop.nl\/pl\/wp-json\/wp\/v2\/product_brand?post=37420"},{"taxonomy":"product_cat","embeddable":true,"href":"https:\/\/www.headshop.nl\/pl\/wp-json\/wp\/v2\/product_cat?post=37420"},{"taxonomy":"product_tag","embeddable":true,"href":"https:\/\/www.headshop.nl\/pl\/wp-json\/wp\/v2\/product_tag?post=37420"}],"curies":[{"name":"wp","href":"https:\/\/api.w.org\/{rel}","templated":true}]}}