{"id":37418,"date":"2025-01-30T08:06:32","date_gmt":"2025-01-30T08:06:32","guid":{"rendered":"https:\/\/www.headshop.nl\/?post_type=product&#038;p=37418"},"modified":"2025-05-23T09:06:24","modified_gmt":"2025-05-23T09:06:24","slug":"doctor-jamaica","status":"publish","type":"product","link":"https:\/\/www.headshop.nl\/pl\/doctor-jamaica\/","title":{"rendered":"Doctor Jamaica - Vision Seeds"},"content":{"rendered":"<h2><span data-sheets-value=\"{&quot;1&quot;:2,&quot;2&quot;:&quot;Doctor Jamaica&quot;}\" data-sheets-userformat=\"{&quot;2&quot;:6723,&quot;3&quot;:{&quot;1&quot;:0},&quot;4&quot;:{&quot;1&quot;:2,&quot;2&quot;:16043212},&quot;9&quot;:0,&quot;12&quot;:0,&quot;14&quot;:{&quot;1&quot;:2,&quot;2&quot;:0},&quot;15&quot;:&quot;Arial&quot;}\">Doctor Jamaica<\/span> Nasiona konopi od Vision Seeds<\/h2>\n<p>Vision Seeds Doctor Jamaica to prawdziwie oldschoolowa kalifornijska odmiana klasyczna, kt\u00f3ra zyska\u0142a popularno\u015b\u0107 na \u015bwiecie w latach 90. i by\u0142a uprawiana na ca\u0142ym \u015bwiecie ze wzgl\u0119du na sw\u00f3j niesamowity smak. Chocia\u017c czasami mo\u017ce nie dawa\u0107 du\u017cych zbior\u00f3w, a poziomy THC mog\u0105 by\u0107 czasami przeci\u0119tne, jej fani nigdy nie wydawali si\u0119 tym przejmowa\u0107: uwielbiaj\u0105 spos\u00f3b, w jaki smakuje i pachnie!<\/p>\n<p>Je\u015bli jeste\u015b gotowy na co\u015b naprawd\u0119 wyj\u0105tkowego i pysznego, nie szukaj dalej ni\u017c ta dama - zadziwi Ci\u0119 ka\u017cdym ptysiem.<\/p>\n<p>Vision Seeds Doctor Jamaica to orze\u017awiaj\u0105cy standard, kt\u00f3rego smak jeden z fan\u00f3w opisuje jako \"po\u0142\u0105czenie skunka, mango i mandarynki\". Najsmaczniejsze, najs\u0142odsze pomara\u0144cze, jakich kiedykolwiek spr\u00f3bujesz, z cytrusowym aromatem. Niam!<\/p>","protected":false},"excerpt":{"rendered":"<p>Jest to odmiana \"must try\" dla ka\u017cdego konesera konopi, kt\u00f3ry ceni smak ponad wszystko inne. Nie jest to najwi\u0119kszy plon na \u015bwiecie, ale z pewno\u015bci\u0105 zawiera naprawd\u0119 intensywne smaki, kt\u00f3re s\u0105 przepyszne i orze\u017awiaj\u0105ce, dzi\u0119ki czemu s\u0105 warte ka\u017cdego wysi\u0142ku. Efektem b\u0119dzie podnosz\u0105cy na duchu, szcz\u0119\u015bliwy haj z nienaruszon\u0105 kreatywno\u015bci\u0105 - ponadto, nie ma nic lepszego ni\u017c dzielenie si\u0119 tym kwiatem z przyjaci\u00f3\u0142mi, ciesz\u0105c si\u0119 pysznym profilem terpenowym!<\/p>","protected":false},"featured_media":37332,"template":"","meta":[],"product_brand":[],"product_cat":[950,297,467,465],"product_tag":[],"class_list":{"0":"post-37418","1":"product","2":"type-product","3":"status-publish","4":"has-post-thumbnail","6":"product_cat-vision-seeds","7":"product_cat-all-products","8":"product_cat-feminized-seeds","9":"product_cat-seedshop","10":"product_shipping_class-creditcard-on","12":"first","13":"instock","14":"taxable","15":"shipping-taxable","16":"purchasable","17":"product-type-variable","18":"has-default-attributes"},"_links":{"self":[{"href":"https:\/\/www.headshop.nl\/pl\/wp-json\/wp\/v2\/product\/37418","targetHints":{"allow":["GET"]}}],"collection":[{"href":"https:\/\/www.headshop.nl\/pl\/wp-json\/wp\/v2\/product"}],"about":[{"href":"https:\/\/www.headshop.nl\/pl\/wp-json\/wp\/v2\/types\/product"}],"wp:featuredmedia":[{"embeddable":true,"href":"https:\/\/www.headshop.nl\/pl\/wp-json\/wp\/v2\/media\/37332"}],"wp:attachment":[{"href":"https:\/\/www.headshop.nl\/pl\/wp-json\/wp\/v2\/media?parent=37418"}],"wp:term":[{"taxonomy":"product_brand","embeddable":true,"href":"https:\/\/www.headshop.nl\/pl\/wp-json\/wp\/v2\/product_brand?post=37418"},{"taxonomy":"product_cat","embeddable":true,"href":"https:\/\/www.headshop.nl\/pl\/wp-json\/wp\/v2\/product_cat?post=37418"},{"taxonomy":"product_tag","embeddable":true,"href":"https:\/\/www.headshop.nl\/pl\/wp-json\/wp\/v2\/product_tag?post=37418"}],"curies":[{"name":"wp","href":"https:\/\/api.w.org\/{rel}","templated":true}]}}