{"id":37415,"date":"2025-01-30T08:06:30","date_gmt":"2025-01-30T08:06:30","guid":{"rendered":"https:\/\/www.headshop.nl\/?post_type=product&#038;p=37415"},"modified":"2025-05-23T09:06:32","modified_gmt":"2025-05-23T09:06:32","slug":"crystal-queen","status":"publish","type":"product","link":"https:\/\/www.headshop.nl\/pl\/crystal-queen\/","title":{"rendered":"Crystal Queen - Vision Seeds"},"content":{"rendered":"<h2><span data-sheets-value=\"{&quot;1&quot;:2,&quot;2&quot;:&quot;Crystal Queen&quot;}\" data-sheets-userformat=\"{&quot;2&quot;:6723,&quot;3&quot;:{&quot;1&quot;:0},&quot;4&quot;:{&quot;1&quot;:2,&quot;2&quot;:13228792},&quot;9&quot;:0,&quot;12&quot;:0,&quot;14&quot;:{&quot;1&quot;:2,&quot;2&quot;:0},&quot;15&quot;:&quot;Arial&quot;}\">Crystal Queen<\/span> Nasiona konopi od Vision Seeds<\/h2>\n<p>Jest tak pi\u0119kna, \u017ce a\u017c chce si\u0119 j\u0105 natychmiast zapali\u0107. A potem dostarcza na wszystkich frontach: jej plony nie s\u0105 zbyt ma\u0142e ani zbyt du\u017ce w \u017cadnej sytuacji, jej p\u0105ki maj\u0105 imponuj\u0105cy poziom THC, co oznacza, \u017ce ta kr\u00f3lowa ma r\u00f3wnie\u017c silny wp\u0142yw na tw\u00f3j system.<\/p>\n<p>Jej bogata w terpeny paleta mieszanych smak\u00f3w sprawi, \u017ce ka\u017cdy wdech b\u0119dzie tak przyjemny, jak to tylko mo\u017cliwe; nie przegap tych pokrytych kryszta\u0142kami kwiat\u00f3w ju\u017c teraz!<\/p>\n<p>Nasiona konopi Crystal Queen s\u0105 prawie tak dobre, jak sama korona! Dzi\u0119ki niesamowitemu rozmiarowi, jako\u015bci, g\u0119sto\u015bci, mocy i do\u015bwiadczeniu w uprawie b\u0119dziesz tak zdumiony, \u017ce by\u0107 mo\u017ce sam b\u0119dziesz chcia\u0142 za\u0142o\u017cy\u0107 tiar\u0119.<\/p>","protected":false},"excerpt":{"rendered":"<p>Nasiona konopi Crystal Queen od Vision Seeds to idealne po\u0142\u0105czenie niesamowito\u015bci, g\u0142adko\u015bci i ch\u0142odu. Jako elitarna odmiana konopi o pot\u0119\u017cnej mocy 20% THC, Crystal Queen to czysta b\u0142ogo\u015b\u0107 - naturalna atrakcja rozkoszy hodowcy! Przenosi zar\u00f3wno wygl\u0105d, jak i smak na zupe\u0142nie nowy poziom!<\/p>","protected":false},"featured_media":37326,"template":"","meta":[],"product_brand":[],"product_cat":[950,297,467,470,465],"product_tag":[],"class_list":{"0":"post-37415","1":"product","2":"type-product","3":"status-publish","4":"has-post-thumbnail","6":"product_cat-vision-seeds","7":"product_cat-all-products","8":"product_cat-feminized-seeds","9":"product_cat-high-thc-seeds","10":"product_cat-seedshop","11":"product_shipping_class-creditcard-on","13":"first","14":"instock","15":"taxable","16":"shipping-taxable","17":"purchasable","18":"product-type-variable","19":"has-default-attributes"},"_links":{"self":[{"href":"https:\/\/www.headshop.nl\/pl\/wp-json\/wp\/v2\/product\/37415","targetHints":{"allow":["GET"]}}],"collection":[{"href":"https:\/\/www.headshop.nl\/pl\/wp-json\/wp\/v2\/product"}],"about":[{"href":"https:\/\/www.headshop.nl\/pl\/wp-json\/wp\/v2\/types\/product"}],"wp:featuredmedia":[{"embeddable":true,"href":"https:\/\/www.headshop.nl\/pl\/wp-json\/wp\/v2\/media\/37326"}],"wp:attachment":[{"href":"https:\/\/www.headshop.nl\/pl\/wp-json\/wp\/v2\/media?parent=37415"}],"wp:term":[{"taxonomy":"product_brand","embeddable":true,"href":"https:\/\/www.headshop.nl\/pl\/wp-json\/wp\/v2\/product_brand?post=37415"},{"taxonomy":"product_cat","embeddable":true,"href":"https:\/\/www.headshop.nl\/pl\/wp-json\/wp\/v2\/product_cat?post=37415"},{"taxonomy":"product_tag","embeddable":true,"href":"https:\/\/www.headshop.nl\/pl\/wp-json\/wp\/v2\/product_tag?post=37415"}],"curies":[{"name":"wp","href":"https:\/\/api.w.org\/{rel}","templated":true}]}}