{"id":37407,"date":"2025-01-30T08:06:21","date_gmt":"2025-01-30T08:06:21","guid":{"rendered":"https:\/\/www.headshop.nl\/?post_type=product&#038;p=37407"},"modified":"2025-05-23T09:07:24","modified_gmt":"2025-05-23T09:07:24","slug":"cheese","status":"publish","type":"product","link":"https:\/\/www.headshop.nl\/pl\/cheese\/","title":{"rendered":"Cheese - Vision Seeds"},"content":{"rendered":"<h2>Nasiona konopi Cheese od Vision Seeds<\/h2>\n<p>Nasiona konopi Cheese od Vision Seeds pokocha ka\u017cdy zagorza\u0142y fan tandetnej marihuany, kt\u00f3ry rozkwita, gdy pi\u017cmowy aromat unosi si\u0119 w pomieszczeniu! Genetyka tych stosunkowo silnych ro\u015blin Cheese jest do\u015b\u0107 \u015bcis\u0142a i intensywna, wi\u0119c mo\u017cesz spodziewa\u0107 si\u0119 wspania\u0142ego, silnego aromatu konopi z nutami skunka. Po paleniu uzyskasz przyzwoite upalenie ciala i przyjemna euforie.<\/p>\n<p>Ro\u015blina ta z pewno\u015bci\u0105 zachwyci wszystkich mi\u0142o\u015bnik\u00f3w sera, kt\u00f3rzy szukaj\u0105 przyjemnych dozna\u0144 emocjonalnych, fizycznych i umys\u0142owych. Vision Seeds Cheese zahipnotyzuje Ci\u0119 swoim funky aromatem pi\u017cma skunk kush. Odmiana oferuje niesamowite upalenie cia\u0142a po\u0142\u0105czone z przyjemn\u0105 eufori\u0105.<\/p>","protected":false},"excerpt":{"rendered":"<p>Odmiana konopi Cheese znana jest z pi\u017cmowego zapachu, kt\u00f3ry wydziela. Stworzona dla tych, kt\u00f3rzy kochaj\u0105 wszystko, co tandetne, ro\u015blina ta gwarantuje zadowolenie na wiele sposob\u00f3w dzi\u0119ki silnemu wp\u0142ywowi skunka i kush. To niesamowicie dobra odmiana dla prawdziwego mi\u0142o\u015bnika konopi!<\/p>","protected":false},"featured_media":37320,"template":"","meta":[],"product_brand":[],"product_cat":[950,297,467,465],"product_tag":[],"class_list":{"0":"post-37407","1":"product","2":"type-product","3":"status-publish","4":"has-post-thumbnail","6":"product_cat-vision-seeds","7":"product_cat-all-products","8":"product_cat-feminized-seeds","9":"product_cat-seedshop","10":"product_shipping_class-creditcard-on","12":"first","13":"instock","14":"taxable","15":"shipping-taxable","16":"purchasable","17":"product-type-variable","18":"has-default-attributes"},"_links":{"self":[{"href":"https:\/\/www.headshop.nl\/pl\/wp-json\/wp\/v2\/product\/37407","targetHints":{"allow":["GET"]}}],"collection":[{"href":"https:\/\/www.headshop.nl\/pl\/wp-json\/wp\/v2\/product"}],"about":[{"href":"https:\/\/www.headshop.nl\/pl\/wp-json\/wp\/v2\/types\/product"}],"wp:featuredmedia":[{"embeddable":true,"href":"https:\/\/www.headshop.nl\/pl\/wp-json\/wp\/v2\/media\/37320"}],"wp:attachment":[{"href":"https:\/\/www.headshop.nl\/pl\/wp-json\/wp\/v2\/media?parent=37407"}],"wp:term":[{"taxonomy":"product_brand","embeddable":true,"href":"https:\/\/www.headshop.nl\/pl\/wp-json\/wp\/v2\/product_brand?post=37407"},{"taxonomy":"product_cat","embeddable":true,"href":"https:\/\/www.headshop.nl\/pl\/wp-json\/wp\/v2\/product_cat?post=37407"},{"taxonomy":"product_tag","embeddable":true,"href":"https:\/\/www.headshop.nl\/pl\/wp-json\/wp\/v2\/product_tag?post=37407"}],"curies":[{"name":"wp","href":"https:\/\/api.w.org\/{rel}","templated":true}]}}