{"id":37404,"date":"2025-01-30T08:06:16","date_gmt":"2025-01-30T08:06:16","guid":{"rendered":"https:\/\/www.headshop.nl\/?post_type=product&#038;p=37404"},"modified":"2025-05-23T09:07:29","modified_gmt":"2025-05-23T09:07:29","slug":"caramel-monster","status":"publish","type":"product","link":"https:\/\/www.headshop.nl\/pl\/caramel-monster\/","title":{"rendered":"Caramel Monster - Vision Seeds"},"content":{"rendered":"<h2>Nasiona konopi Caramel Monster od Vision Seeds<\/h2>\n<p>Kannabinoidy znajduj\u0105ce si\u0119 w nasionach konopi Caramel Monster s\u0105 tak uspokajaj\u0105ce, \u017ce nawet twoje k\u0142opoty rozp\u0142yn\u0105 si\u0119 po jednym zaci\u0105gni\u0119ciu si\u0119 tym p\u0105czkiem. Szczyc\u0105ca si\u0119 s\u0142odkim jagodowym smakiem z d\u0142ugotrwa\u0142ym karmelowym odcieniem, ta odmiana konopi zosta\u0142a stworzona dla tych, kt\u00f3rzy lubi\u0105 \u0142atwe do opanowania palenie. Przy \u015brednich poziomach THC wynosz\u0105cych 16-22%, marihuana Caramel Monster jest idealna dla hodowc\u00f3w, kt\u00f3rzy chc\u0105 uzyska\u0107 dobry zwrot z inwestycji.<\/p>\n<p>Odmiana ta b\u0119dzie charakteryzowa\u0107 si\u0119 s\u0142odkim smakiem i lekkim zapachem, je\u015bli wiesz, jak o ni\u0105 dba\u0107. Nale\u017cy pami\u0119ta\u0107, \u017ce jest nie tylko \u0142adna, ale tak\u017ce posiada wszystkie cechy Indica, w tym g\u0119ste p\u0105ki z d\u0142ugimi pomara\u0144czowymi w\u0142oskami i trichomami!<\/p>","protected":false},"excerpt":{"rendered":"<p>Vision Seeds Caramel Monster to nie tylko najs\u0142odsza odmiana konopi, jak\u0105 kiedykolwiek spotka\u0142e\u015b, ale tak\u017ce ca\u0142kowicie pyszna w smaku i aromacie. Jako cz\u0142onek rodziny Lavender w pobli\u017cu \u015brodka spektrum uprawy konopi, da hodowcom \u015bredniej wysoko\u015bci ro\u015blin\u0119 o doskona\u0142ym poziomie THC. Nie mo\u017cna si\u0119 pomyli\u0107, pr\u00f3buj\u0105c tej odmiany, poniewa\u017c jej p\u0105ki s\u0105 g\u0119ste i zielone z jasnopomara\u0144czowymi w\u0142oskami i trichomami!<\/p>","protected":false},"featured_media":37292,"template":"","meta":[],"product_brand":[],"product_cat":[950,297,467,470,465,629],"product_tag":[],"class_list":{"0":"post-37404","1":"product","2":"type-product","3":"status-publish","4":"has-post-thumbnail","6":"product_cat-vision-seeds","7":"product_cat-all-products","8":"product_cat-feminized-seeds","9":"product_cat-high-thc-seeds","10":"product_cat-seedshop","11":"product_cat-seedshop-top-10","12":"product_shipping_class-creditcard-on","14":"first","15":"instock","16":"taxable","17":"shipping-taxable","18":"purchasable","19":"product-type-variable","20":"has-default-attributes"},"_links":{"self":[{"href":"https:\/\/www.headshop.nl\/pl\/wp-json\/wp\/v2\/product\/37404","targetHints":{"allow":["GET"]}}],"collection":[{"href":"https:\/\/www.headshop.nl\/pl\/wp-json\/wp\/v2\/product"}],"about":[{"href":"https:\/\/www.headshop.nl\/pl\/wp-json\/wp\/v2\/types\/product"}],"wp:featuredmedia":[{"embeddable":true,"href":"https:\/\/www.headshop.nl\/pl\/wp-json\/wp\/v2\/media\/37292"}],"wp:attachment":[{"href":"https:\/\/www.headshop.nl\/pl\/wp-json\/wp\/v2\/media?parent=37404"}],"wp:term":[{"taxonomy":"product_brand","embeddable":true,"href":"https:\/\/www.headshop.nl\/pl\/wp-json\/wp\/v2\/product_brand?post=37404"},{"taxonomy":"product_cat","embeddable":true,"href":"https:\/\/www.headshop.nl\/pl\/wp-json\/wp\/v2\/product_cat?post=37404"},{"taxonomy":"product_tag","embeddable":true,"href":"https:\/\/www.headshop.nl\/pl\/wp-json\/wp\/v2\/product_tag?post=37404"}],"curies":[{"name":"wp","href":"https:\/\/api.w.org\/{rel}","templated":true}]}}