{"id":37395,"date":"2025-01-30T08:06:07","date_gmt":"2025-01-30T08:06:07","guid":{"rendered":"https:\/\/www.headshop.nl\/?post_type=product&#038;p=37395"},"modified":"2025-05-23T09:07:45","modified_gmt":"2025-05-23T09:07:45","slug":"blue-power","status":"publish","type":"product","link":"https:\/\/www.headshop.nl\/pl\/blue-power\/","title":{"rendered":"Blue Power - Vision Seeds"},"content":{"rendered":"<h2>Nasiona konopi Blue Power od Vision Seeds<\/h2>\n<p>Nasiona konopi Blue Power s\u0105 idealne dla wszystkich s\u0142odkich, owocowych potrzeb. Stworzone przez skrzy\u017cowanie Blueberry z White Widow i Skunk, nasiona te wytwarzaj\u0105 silne zio\u0142o o zapachu waty cukrowej. Ci wilgotni ch\u0142opcy sprawi\u0105, \u017ce b\u0119dziesz si\u0119 zastanawia\u0107, dlaczego nigdy wcze\u015bniej nie zwraca\u0142e\u015b uwagi na odmiany mocy!<\/p>\n<p>Zdob\u0105d\u017a nasiona konopi Vision Seeds Blue Power i przygotuj si\u0119 na zadziwienie osza\u0142amiaj\u0105co pi\u0119knym, nieko\u0144cz\u0105cym si\u0119 smakiem zwie\u0144czonym du\u017c\u0105 ilo\u015bci\u0105 CBD.<\/p>\n<p>P\u0105ki w kolorze cukierk\u00f3w, gwiezdny, cukierkowy haj! To w\u0142a\u015bnie otrzymujesz po skrzy\u017cowaniu Skunk, White Widow i Blueberry w tej niewiarygodnej odmianie, kt\u00f3ra zapewni Ci to, czego potrzebujesz przez ca\u0142y czas - energi\u0119, eufori\u0119 i szcz\u0119\u015bcie owini\u0119te niesamowitym zapachem jag\u00f3d. Wszystkie s\u0142odycze musz\u0105 wypr\u00f3bowa\u0107 to male\u0144stwo!<\/p>","protected":false},"excerpt":{"rendered":"<p>Konopie Blue Power to pozycja obowi\u0105zkowa w Twoim ogrodzie! Po pow\u0105chaniu tej pot\u0119\u017cnej odmiany b\u0119dziesz wiedzia\u0142 dlaczego. G\u0142adka i owocowa z wyra\u017anym aromatem jag\u00f3d, Blue Power jest jednym z najbardziej po\u017c\u0105danych kwiat\u00f3w konopi w kolekcji Vision Seeds. Niesamowita i smaczna kr\u00f3lowa, kt\u00f3ra zapewnia niesamowite wra\u017cenia z palenia!<\/p>","protected":false},"featured_media":37314,"template":"","meta":[],"product_brand":[],"product_cat":[950,297,467,465],"product_tag":[],"class_list":{"0":"post-37395","1":"product","2":"type-product","3":"status-publish","4":"has-post-thumbnail","6":"product_cat-vision-seeds","7":"product_cat-all-products","8":"product_cat-feminized-seeds","9":"product_cat-seedshop","10":"product_shipping_class-creditcard-on","12":"first","13":"instock","14":"taxable","15":"shipping-taxable","16":"purchasable","17":"product-type-variable","18":"has-default-attributes"},"_links":{"self":[{"href":"https:\/\/www.headshop.nl\/pl\/wp-json\/wp\/v2\/product\/37395","targetHints":{"allow":["GET"]}}],"collection":[{"href":"https:\/\/www.headshop.nl\/pl\/wp-json\/wp\/v2\/product"}],"about":[{"href":"https:\/\/www.headshop.nl\/pl\/wp-json\/wp\/v2\/types\/product"}],"wp:featuredmedia":[{"embeddable":true,"href":"https:\/\/www.headshop.nl\/pl\/wp-json\/wp\/v2\/media\/37314"}],"wp:attachment":[{"href":"https:\/\/www.headshop.nl\/pl\/wp-json\/wp\/v2\/media?parent=37395"}],"wp:term":[{"taxonomy":"product_brand","embeddable":true,"href":"https:\/\/www.headshop.nl\/pl\/wp-json\/wp\/v2\/product_brand?post=37395"},{"taxonomy":"product_cat","embeddable":true,"href":"https:\/\/www.headshop.nl\/pl\/wp-json\/wp\/v2\/product_cat?post=37395"},{"taxonomy":"product_tag","embeddable":true,"href":"https:\/\/www.headshop.nl\/pl\/wp-json\/wp\/v2\/product_tag?post=37395"}],"curies":[{"name":"wp","href":"https:\/\/api.w.org\/{rel}","templated":true}]}}