{"id":37242,"date":"2025-01-30T09:02:47","date_gmt":"2025-01-30T09:02:47","guid":{"rendered":"https:\/\/www.headshop.nl\/?post_type=product&#038;p=37242"},"modified":"2025-05-23T09:02:39","modified_gmt":"2025-05-23T09:02:39","slug":"auto-vision-kush","status":"publish","type":"product","link":"https:\/\/www.headshop.nl\/pl\/auto-vision-kush\/","title":{"rendered":"Auto Vision Kush - Vision Seeds"},"content":{"rendered":"<h2><span data-sheets-value=\"{&quot;1&quot;:2,&quot;2&quot;:&quot;Auto Vision Kush&quot;}\" data-sheets-userformat=\"{&quot;2&quot;:14915,&quot;3&quot;:{&quot;1&quot;:0},&quot;4&quot;:{&quot;1&quot;:2,&quot;2&quot;:16773836},&quot;9&quot;:0,&quot;12&quot;:0,&quot;14&quot;:{&quot;1&quot;:2,&quot;2&quot;:0},&quot;15&quot;:&quot;Calibri&quot;,&quot;16&quot;:12}\">Auto Vision Kush<\/span> Nasiona konopi od Vision Seeds<\/h2>\n<p>1TP374Poznaj kr\u00f3low\u0105 du\u017cych plon\u00f3w, Vision Kush Auto Cannabis Seeds. Chocia\u017c jest to ro\u015blina automatycznie kwitn\u0105ca, zako\u0144czy kwitnienie w mniej ni\u017c 12 tygodni! Kiedy ju\u017c zdob\u0119dziesz jedn\u0105 z tych 200 cm ro\u015blin, nigdy nie b\u0119dziesz uprawia\u0142 niczego innego. Co wi\u0119cej, wcale nie jest nie\u015bmia\u0142a, a jej zawarto\u015b\u0107 THC wynosi 19%.<\/p>\n<p>Ma siln\u0105 dominacj\u0119 Indica, dzi\u0119ki czemu idealnie nadaje si\u0119 do \u0142agodzenia b\u00f3lu i zasypiania, je\u015bli jest palona w ci\u0105gu dnia lub relaksuje przed snem, je\u015bli jest palona p\u00f3\u017ano w nocy.<\/p>\n<p>Te szalone nasiona konopi s\u0105 znane z wi\u0119kszych plon\u00f3w, kt\u00f3re mo\u017cna uprawia\u0107 zar\u00f3wno w pomieszczeniach, jak i na zewn\u0105trz. Je\u015bli chcesz uzyska\u0107 najsilniejsz\u0105 odmian\u0119 automatycznie kwitn\u0105c\u0105 Kush o \u015brednim plonie THC wynosz\u0105cym 19%, powiniene\u015b zasadzi\u0107 te nasiona konopi ju\u017c teraz!<\/p>\n<p>Te nasiona marihuany zapewniaj\u0105 lepsze rezultaty, poniewa\u017c s\u0105 silniejsze, a haj utrzymuje si\u0119 d\u0142u\u017cej ni\u017c w przypadku innych standardowych odmian konopi. Uzyskaj pomoc w \u0142agodzeniu b\u00f3lu, bezsenno\u015bci, depresji, braku apetytu i innych dolegliwo\u015bci, uprawiaj\u0105c t\u0119 szybko rosn\u0105c\u0105 marihuan\u0119.<\/p>","protected":false},"excerpt":{"rendered":"<p>Je\u015bli szukasz odmiany, kt\u00f3ra zapewni Ci niesamowite do\u015bwiadczenie wzrostu, Vision Kush Auto jest w\u0142a\u015bnie dla Ciebie. Ta automatyczna kr\u00f3lowa daje obfite plony, a przy uprawie na zewn\u0105trz mo\u017ce osi\u0105gn\u0105\u0107 nawet 200 cm wysoko\u015bci! Twoje zbiory b\u0119d\u0105 znacznie wy\u017csze ni\u017c w przypadku wyboru innych odmian. Aha, i ma super wysok\u0105 zawarto\u015b\u0107 THC. Niesamowite, prawda?<\/p>","protected":false},"featured_media":37347,"template":"","meta":[],"product_brand":[],"product_cat":[950,297,466,470,465],"product_tag":[],"class_list":{"0":"post-37242","1":"product","2":"type-product","3":"status-publish","4":"has-post-thumbnail","6":"product_cat-vision-seeds","7":"product_cat-all-products","8":"product_cat-autoflowering-seeds","9":"product_cat-high-thc-seeds","10":"product_cat-seedshop","11":"product_shipping_class-creditcard-on","13":"first","14":"instock","15":"taxable","16":"shipping-taxable","17":"purchasable","18":"product-type-variable","19":"has-default-attributes"},"_links":{"self":[{"href":"https:\/\/www.headshop.nl\/pl\/wp-json\/wp\/v2\/product\/37242","targetHints":{"allow":["GET"]}}],"collection":[{"href":"https:\/\/www.headshop.nl\/pl\/wp-json\/wp\/v2\/product"}],"about":[{"href":"https:\/\/www.headshop.nl\/pl\/wp-json\/wp\/v2\/types\/product"}],"wp:featuredmedia":[{"embeddable":true,"href":"https:\/\/www.headshop.nl\/pl\/wp-json\/wp\/v2\/media\/37347"}],"wp:attachment":[{"href":"https:\/\/www.headshop.nl\/pl\/wp-json\/wp\/v2\/media?parent=37242"}],"wp:term":[{"taxonomy":"product_brand","embeddable":true,"href":"https:\/\/www.headshop.nl\/pl\/wp-json\/wp\/v2\/product_brand?post=37242"},{"taxonomy":"product_cat","embeddable":true,"href":"https:\/\/www.headshop.nl\/pl\/wp-json\/wp\/v2\/product_cat?post=37242"},{"taxonomy":"product_tag","embeddable":true,"href":"https:\/\/www.headshop.nl\/pl\/wp-json\/wp\/v2\/product_tag?post=37242"}],"curies":[{"name":"wp","href":"https:\/\/api.w.org\/{rel}","templated":true}]}}