{"id":37241,"date":"2025-01-30T09:02:46","date_gmt":"2025-01-30T09:02:46","guid":{"rendered":"https:\/\/www.headshop.nl\/?post_type=product&#038;p=37241"},"modified":"2025-05-23T09:02:46","modified_gmt":"2025-05-23T09:02:46","slug":"auto-vision-jack","status":"publish","type":"product","link":"https:\/\/www.headshop.nl\/pl\/auto-vision-jack\/","title":{"rendered":"Auto Vision Jack - Vision Seeds"},"content":{"rendered":"<h2><span data-sheets-value=\"{&quot;1&quot;:2,&quot;2&quot;:&quot;Auto Vision Jack&quot;}\" data-sheets-userformat=\"{&quot;2&quot;:14915,&quot;3&quot;:{&quot;1&quot;:0},&quot;4&quot;:{&quot;1&quot;:2,&quot;2&quot;:13689059},&quot;9&quot;:0,&quot;12&quot;:0,&quot;14&quot;:{&quot;1&quot;:2,&quot;2&quot;:0},&quot;15&quot;:&quot;Calibri&quot;,&quot;16&quot;:12}\">Auto Vision Jack <\/span>Nasiona konopi od Vision Seeds<\/h2>\n<p>Vision Seeds Vision Jack Auto ma ten sam skunky smak i odczucie, co jej starsza siostra, ale ta odmiana zosta\u0142a wyhodowana specjalnie do uprawy w pomieszczeniach lub na zewn\u0105trz bez wzgl\u0119du na wszystko - oznacza to, \u017ce je\u015bli szukasz tylko jednej ro\u015bliny automatycznie kwitn\u0105cej, absolutnie nie mo\u017cesz si\u0119 pomyli\u0107 z Vision Seeds Vision Jack Auto.<\/p>\n<p>Nasiona konopi Auto Vision Jack to hybryda konopi Sativa i Ruderalis. Dzi\u0119ki silnemu, skunksowemu smakowi i mocnym nutom pi\u017cma, jest to odmiana, kt\u00f3r\u0105 z przyjemno\u015bci\u0105 b\u0119dziesz mie\u0107 w swojej skrytce! P\u0105ki pachn\u0105 lekko pikantnie i pozostawiaj\u0105 uczucie podniesienia na duchu z jasnymi my\u015blami i zwi\u0119kszonym poziomem energii ju\u017c po kilku zaci\u0105gni\u0119ciach. Jest to automatycznie kwitn\u0105ca odmiana w najlepszym wydaniu: szybko kwitn\u0105ca dla \u0142atwiejszej uprawy w po\u0142\u0105czeniu z ca\u0142\u0105 moc\u0105 Classic Ruderalis, kt\u00f3r\u0105 tak bardzo kochamy.<\/p>","protected":false},"excerpt":{"rendered":"<p>Przygotuj si\u0119 na najlepszy smak s\u0142ynnej odmiany Sativa Jack Herer! M\u00f3wi\u0105c najpro\u015bciej, jest to jeden z tych smak\u00f3w, kt\u00f3rych nie b\u0119dziesz w stanie zapomnie\u0107 po spr\u00f3bowaniu. Unikalne pikantne i pi\u017cmowe aromaty pochodz\u0105 z genetyki Ruderalis i tworz\u0105 \"kompleks jak \u017caden inny\". Tak z\u0142o\u017cony smak wi\u0105\u017ce si\u0119 z r\u00f3wnie z\u0142o\u017conymi, ale przyjemnymi efektami!<\/p>","protected":false},"featured_media":37342,"template":"","meta":[],"product_brand":[],"product_cat":[950,297,466,470,465],"product_tag":[],"class_list":{"0":"post-37241","1":"product","2":"type-product","3":"status-publish","4":"has-post-thumbnail","6":"product_cat-vision-seeds","7":"product_cat-all-products","8":"product_cat-autoflowering-seeds","9":"product_cat-high-thc-seeds","10":"product_cat-seedshop","11":"product_shipping_class-creditcard-on","13":"first","14":"instock","15":"taxable","16":"shipping-taxable","17":"purchasable","18":"product-type-variable","19":"has-default-attributes"},"_links":{"self":[{"href":"https:\/\/www.headshop.nl\/pl\/wp-json\/wp\/v2\/product\/37241","targetHints":{"allow":["GET"]}}],"collection":[{"href":"https:\/\/www.headshop.nl\/pl\/wp-json\/wp\/v2\/product"}],"about":[{"href":"https:\/\/www.headshop.nl\/pl\/wp-json\/wp\/v2\/types\/product"}],"wp:featuredmedia":[{"embeddable":true,"href":"https:\/\/www.headshop.nl\/pl\/wp-json\/wp\/v2\/media\/37342"}],"wp:attachment":[{"href":"https:\/\/www.headshop.nl\/pl\/wp-json\/wp\/v2\/media?parent=37241"}],"wp:term":[{"taxonomy":"product_brand","embeddable":true,"href":"https:\/\/www.headshop.nl\/pl\/wp-json\/wp\/v2\/product_brand?post=37241"},{"taxonomy":"product_cat","embeddable":true,"href":"https:\/\/www.headshop.nl\/pl\/wp-json\/wp\/v2\/product_cat?post=37241"},{"taxonomy":"product_tag","embeddable":true,"href":"https:\/\/www.headshop.nl\/pl\/wp-json\/wp\/v2\/product_tag?post=37241"}],"curies":[{"name":"wp","href":"https:\/\/api.w.org\/{rel}","templated":true}]}}