{"id":37239,"date":"2025-01-30T09:02:45","date_gmt":"2025-01-30T09:02:45","guid":{"rendered":"https:\/\/www.headshop.nl\/?post_type=product&#038;p=37239"},"modified":"2025-05-23T09:02:52","modified_gmt":"2025-05-23T09:02:52","slug":"auto-vision-gorilla","status":"publish","type":"product","link":"https:\/\/www.headshop.nl\/pl\/auto-vision-gorilla\/","title":{"rendered":"Auto Vision Gorilla - Vision Seeds"},"content":{"rendered":"<h2><span data-sheets-value=\"{&quot;1&quot;:2,&quot;2&quot;:&quot;Auto Vision Gorilla&quot;}\" data-sheets-userformat=\"{&quot;2&quot;:14915,&quot;3&quot;:{&quot;1&quot;:0},&quot;4&quot;:{&quot;1&quot;:2,&quot;2&quot;:16043212},&quot;9&quot;:0,&quot;12&quot;:0,&quot;14&quot;:{&quot;1&quot;:2,&quot;2&quot;:0},&quot;15&quot;:&quot;Calibri&quot;,&quot;16&quot;:12}\">Auto Vision Gorilla<\/span> Nasiona konopi od Vision Seeds<\/h2>\n<p>Jest to najcz\u0119\u015bciej wybierana automatycznie kwitn\u0105ca kr\u00f3lowa przez wi\u0119kszo\u015b\u0107 pocz\u0105tkuj\u0105cych ze wzgl\u0119du na sw\u00f3j unikalny zestaw cech - Vision Gorilla Auto ma cytrusowy smak, z silnymi nutami drewna sosnowego i s\u0142odko-kwa\u015bnym smakiem.<\/p>\n<p>Nasiona konopi Auto Vision Gorilla s\u0105 idealne dla Ciebie, je\u015bli chcesz wyhodowa\u0107 w\u0142asne automatycznie kwitn\u0105ce ro\u015bliny konopi, kt\u00f3re maj\u0105 szybki czas kwitnienia i wysoki poziom THC. I tak, ta odmiana jest odporna na szkodniki\/choroby, co czyni j\u0105 jeszcze lepsz\u0105, poniewa\u017c nikt nie ma energii, aby sobie z tym poradzi\u0107. Dzi\u0119ki wspania\u0142emu smakowi cytrus\u00f3w i nutom drewna sosnowego, ta dziewczyna jest idealna dla Ciebie!<\/p>","protected":false},"excerpt":{"rendered":"<p>Vision Seeds Vision Gorilla Auto to jedna z najpopularniejszych odmian automatycznie kwitn\u0105cych ze wzgl\u0119du na wysoki poziom THC, \u0142atw\u0105 upraw\u0119 w ch\u0142odniejszym klimacie i wsp\u00f3\u0142czesne smaki, kt\u00f3re oferuje. Naturalnie wyhodowana do u\u017cytku w pomieszczeniach przez holendersk\u0105 firm\u0119 Vision Seeds, odmiana ta jest idealna dla pocz\u0105tkuj\u0105cych hodowc\u00f3w, kt\u00f3rzy chc\u0105 rozpocz\u0105\u0107 przygod\u0119 z automatycznie kwitn\u0105cymi ro\u015blinami marihuany!<\/p>","protected":false},"featured_media":37337,"template":"","meta":[],"product_brand":[],"product_cat":[950,297,466,470,465],"product_tag":[],"class_list":{"0":"post-37239","1":"product","2":"type-product","3":"status-publish","4":"has-post-thumbnail","6":"product_cat-vision-seeds","7":"product_cat-all-products","8":"product_cat-autoflowering-seeds","9":"product_cat-high-thc-seeds","10":"product_cat-seedshop","11":"product_shipping_class-creditcard-on","13":"first","14":"instock","15":"taxable","16":"shipping-taxable","17":"purchasable","18":"product-type-variable","19":"has-default-attributes"},"_links":{"self":[{"href":"https:\/\/www.headshop.nl\/pl\/wp-json\/wp\/v2\/product\/37239","targetHints":{"allow":["GET"]}}],"collection":[{"href":"https:\/\/www.headshop.nl\/pl\/wp-json\/wp\/v2\/product"}],"about":[{"href":"https:\/\/www.headshop.nl\/pl\/wp-json\/wp\/v2\/types\/product"}],"wp:featuredmedia":[{"embeddable":true,"href":"https:\/\/www.headshop.nl\/pl\/wp-json\/wp\/v2\/media\/37337"}],"wp:attachment":[{"href":"https:\/\/www.headshop.nl\/pl\/wp-json\/wp\/v2\/media?parent=37239"}],"wp:term":[{"taxonomy":"product_brand","embeddable":true,"href":"https:\/\/www.headshop.nl\/pl\/wp-json\/wp\/v2\/product_brand?post=37239"},{"taxonomy":"product_cat","embeddable":true,"href":"https:\/\/www.headshop.nl\/pl\/wp-json\/wp\/v2\/product_cat?post=37239"},{"taxonomy":"product_tag","embeddable":true,"href":"https:\/\/www.headshop.nl\/pl\/wp-json\/wp\/v2\/product_tag?post=37239"}],"curies":[{"name":"wp","href":"https:\/\/api.w.org\/{rel}","templated":true}]}}