{"id":37230,"date":"2025-01-30T09:02:38","date_gmt":"2025-01-30T09:02:38","guid":{"rendered":"https:\/\/www.headshop.nl\/?post_type=product&#038;p=37230"},"modified":"2025-05-23T09:03:06","modified_gmt":"2025-05-23T09:03:06","slug":"auto-vision-caramello","status":"publish","type":"product","link":"https:\/\/www.headshop.nl\/pl\/auto-vision-caramello\/","title":{"rendered":"Auto Vision Caramello - Vision Seeds"},"content":{"rendered":"<h2><span data-sheets-value=\"{&quot;1&quot;:2,&quot;2&quot;:&quot;Auto Vision Caramello&quot;}\" data-sheets-userformat=\"{&quot;2&quot;:14915,&quot;3&quot;:{&quot;1&quot;:0},&quot;4&quot;:{&quot;1&quot;:2,&quot;2&quot;:16777215},&quot;9&quot;:0,&quot;12&quot;:0,&quot;14&quot;:{&quot;1&quot;:2,&quot;2&quot;:0},&quot;15&quot;:&quot;Calibri&quot;,&quot;16&quot;:12}\">Auto Vision Caramello<\/span> Nasiona konopi od Vision Seeds<\/h2>\n<p>Nasiona konopi Auto Vision Caramello to \u015bwietny wyb\u00f3r dla wszystkich bezczelnych i bardzo s\u0142odkich palaczy marihuany na \u015bwiecie! Spodziewaj si\u0119, \u017ce te nasiona maj\u0105 wy\u017cszy poziom CBD, co sprawia, \u017ce zaci\u0105gni\u0119cia s\u0105 bardziej koj\u0105ce, mimo \u017ce nadal b\u0119d\u0105 g\u0119ste od \u017cywicy.<\/p>\n<p>Przygotuj si\u0119 na powalenie, gdy spr\u00f3bujesz tego przepysznie bogatego smaku terpen\u00f3w. Zawiera wysoki poziom CBD, kt\u00f3ry sprawia, \u017ce haj jest przyjemny i relaksuj\u0105cy. Czy to naprawd\u0119 karmelowa kr\u00f3lowa, kt\u00f3rej szuka\u0142e\u015b? Jasne, \u017ce tak!<\/p>","protected":false},"excerpt":{"rendered":"<p>Vision's Caramello Auto to feminizowana odmiana o wysokiej zawarto\u015bci CBD. Ciesz si\u0119 przyjemnym, karmelowym smakiem tej niesamowitej hybrydy nasion konopi! S\u0142odkie, mocne kwiaty s\u0105 idealne dla os\u00f3b, kt\u00f3re chc\u0105 cieszy\u0107 si\u0119 \u015bmierdz\u0105cymi karmelkami z aur\u0105 spokoju. Spodziewaj si\u0119 bardzo zr\u00f3wnowa\u017conego zaci\u0105gni\u0119cia, m\u00f3j drogi przyjacielu!<\/p>","protected":false},"featured_media":37272,"template":"","meta":[],"product_brand":[],"product_cat":[950,297,466,470,465],"product_tag":[],"class_list":{"0":"post-37230","1":"product","2":"type-product","3":"status-publish","4":"has-post-thumbnail","6":"product_cat-vision-seeds","7":"product_cat-all-products","8":"product_cat-autoflowering-seeds","9":"product_cat-high-thc-seeds","10":"product_cat-seedshop","11":"product_shipping_class-creditcard-on","13":"first","14":"instock","15":"taxable","16":"shipping-taxable","17":"purchasable","18":"product-type-variable","19":"has-default-attributes"},"_links":{"self":[{"href":"https:\/\/www.headshop.nl\/pl\/wp-json\/wp\/v2\/product\/37230","targetHints":{"allow":["GET"]}}],"collection":[{"href":"https:\/\/www.headshop.nl\/pl\/wp-json\/wp\/v2\/product"}],"about":[{"href":"https:\/\/www.headshop.nl\/pl\/wp-json\/wp\/v2\/types\/product"}],"wp:featuredmedia":[{"embeddable":true,"href":"https:\/\/www.headshop.nl\/pl\/wp-json\/wp\/v2\/media\/37272"}],"wp:attachment":[{"href":"https:\/\/www.headshop.nl\/pl\/wp-json\/wp\/v2\/media?parent=37230"}],"wp:term":[{"taxonomy":"product_brand","embeddable":true,"href":"https:\/\/www.headshop.nl\/pl\/wp-json\/wp\/v2\/product_brand?post=37230"},{"taxonomy":"product_cat","embeddable":true,"href":"https:\/\/www.headshop.nl\/pl\/wp-json\/wp\/v2\/product_cat?post=37230"},{"taxonomy":"product_tag","embeddable":true,"href":"https:\/\/www.headshop.nl\/pl\/wp-json\/wp\/v2\/product_tag?post=37230"}],"curies":[{"name":"wp","href":"https:\/\/api.w.org\/{rel}","templated":true}]}}