{"id":37212,"date":"2025-01-30T09:02:18","date_gmt":"2025-01-30T09:02:18","guid":{"rendered":"https:\/\/www.headshop.nl\/?post_type=product&#038;p=37212"},"modified":"2025-05-23T09:04:10","modified_gmt":"2025-05-23T09:04:10","slug":"auto-delhi-cheese","status":"publish","type":"product","link":"https:\/\/www.headshop.nl\/pl\/auto-delhi-cheese\/","title":{"rendered":"Auto Delhi Cheese - Vision Seeds"},"content":{"rendered":"<h2><span data-sheets-value=\"{&quot;1&quot;:2,&quot;2&quot;:&quot;Auto Delhi Cheese&quot;}\" data-sheets-userformat=\"{&quot;2&quot;:14915,&quot;3&quot;:{&quot;1&quot;:0},&quot;4&quot;:{&quot;1&quot;:2,&quot;2&quot;:11982760},&quot;9&quot;:0,&quot;12&quot;:0,&quot;14&quot;:{&quot;1&quot;:2,&quot;2&quot;:0},&quot;15&quot;:&quot;Calibri&quot;,&quot;16&quot;:12}\">Auto Delhi Cheese<\/span> Nasiona konopi od Vision Seeds<\/h2>\n<p>Wysokiej jako\u015bci genetyka sera dla wszystkich mi\u0142o\u015bnik\u00f3w puff\u00f3w! Vision Seeds Delhi Cheese Auto jest idealna dla bardziej mi\u0119kkich inhalator\u00f3w. Ro\u015blina ta zwykle przyci\u0105ga ni\u017csz\u0105 produkcj\u0119 THC ni\u017c inne odmiany automatyczne na tej li\u015bcie, ale nie martw si\u0119 - wci\u0105\u017c jest mn\u00f3stwo dobrych rzeczy, kt\u00f3rymi mo\u017cna si\u0119 cieszy\u0107 dzi\u0119ki tej boskiej genetycznej bogini.<\/p>\n<p>To tylko 10 tygodni, zanim dostarczy ci starannie wyselekcjonowan\u0105 parti\u0119, wi\u0119c b\u0105d\u017a cierpliwy i przygotuj si\u0119 na ponadprzeci\u0119tne doznania! Zapach podczas wzrostu i palenia jest do\u015b\u0107 wyra\u017any - wi\u0119c upewnij si\u0119, \u017ce jeste\u015b przygotowany.<\/p>","protected":false},"excerpt":{"rendered":"<p>Delhi Cheese Auto to idealna rozkosz dla mi\u0142o\u015bnik\u00f3w mi\u0119kkich puff\u00f3w. Purystyczni stonerzy uznaj\u0105 j\u0105 za wysoce wyrafinowan\u0105 i r\u00f3wnie siln\u0105 - tutaj nie marnuje si\u0119 ani odrobina sera! Chcesz poczu\u0107 smak, kt\u00f3ry mo\u017cna uzyska\u0107 tylko z najwy\u017cszej jako\u015bci r\u0119cznie wyselekcjonowanych odmian? Delhi Cheese Auto jest dla Ciebie.<\/p>","protected":false},"featured_media":37282,"template":"","meta":[],"product_brand":[],"product_cat":[950,297,466,465],"product_tag":[],"class_list":{"0":"post-37212","1":"product","2":"type-product","3":"status-publish","4":"has-post-thumbnail","6":"product_cat-vision-seeds","7":"product_cat-all-products","8":"product_cat-autoflowering-seeds","9":"product_cat-seedshop","10":"product_shipping_class-creditcard-on","12":"first","13":"instock","14":"taxable","15":"shipping-taxable","16":"purchasable","17":"product-type-variable","18":"has-default-attributes"},"_links":{"self":[{"href":"https:\/\/www.headshop.nl\/pl\/wp-json\/wp\/v2\/product\/37212","targetHints":{"allow":["GET"]}}],"collection":[{"href":"https:\/\/www.headshop.nl\/pl\/wp-json\/wp\/v2\/product"}],"about":[{"href":"https:\/\/www.headshop.nl\/pl\/wp-json\/wp\/v2\/types\/product"}],"wp:featuredmedia":[{"embeddable":true,"href":"https:\/\/www.headshop.nl\/pl\/wp-json\/wp\/v2\/media\/37282"}],"wp:attachment":[{"href":"https:\/\/www.headshop.nl\/pl\/wp-json\/wp\/v2\/media?parent=37212"}],"wp:term":[{"taxonomy":"product_brand","embeddable":true,"href":"https:\/\/www.headshop.nl\/pl\/wp-json\/wp\/v2\/product_brand?post=37212"},{"taxonomy":"product_cat","embeddable":true,"href":"https:\/\/www.headshop.nl\/pl\/wp-json\/wp\/v2\/product_cat?post=37212"},{"taxonomy":"product_tag","embeddable":true,"href":"https:\/\/www.headshop.nl\/pl\/wp-json\/wp\/v2\/product_tag?post=37212"}],"curies":[{"name":"wp","href":"https:\/\/api.w.org\/{rel}","templated":true}]}}