{"id":37203,"date":"2025-01-30T08:48:12","date_gmt":"2025-01-30T08:48:12","guid":{"rendered":"https:\/\/www.headshop.nl\/?post_type=product&#038;p=37203"},"modified":"2025-05-23T09:04:45","modified_gmt":"2025-05-23T09:04:45","slug":"auto-ak-49","status":"publish","type":"product","link":"https:\/\/www.headshop.nl\/pl\/auto-ak-49\/","title":{"rendered":"Auto AK-49 - Vision Seeds"},"content":{"rendered":"<h2>Nasiona konopi Auto AK-49 od Vision Seeds<\/h2>\n<p>Nasiona konopi Auto AK-49 s\u0105 proste w uprawie, wilgotne i \u0142atwe dla pocz\u0105tkuj\u0105cych.<\/p>\n<p>AK-49 Auto Cannabis Seeds od Vision Seeds to nowa, ma\u0142a, automatycznie kwitn\u0105ca odmiana, kt\u00f3ra zapewnia intensywne dzia\u0142anie przy niewielkim wysi\u0142ku. Idealne skrzy\u017cowanie dw\u00f3ch samic dw\u00f3ch pot\u0119\u017cnych ras - AK-49 i Lowryder - prawdopodobnie b\u0119dzie jednym z twoich ulubionych nasion w historii, poniewa\u017c nie tylko daje ci wszystko, czego szukasz w ro\u015blinie (silne, mocne ko\u0144czyny, gdzie krzaczaste p\u0105ki uderzaj\u0105 o ziemi\u0119), ale tak\u017ce zapewnia silne skunksowe zapachy wraz z kilkoma \u015bwie\u017cymi niuansami. Wszystko to razem daje male\u0144k\u0105 wersj\u0119 jednego z najbardziej znanych na \u015bwiecie szczep\u00f3w; AK-49!<\/p>","protected":false},"excerpt":{"rendered":"<p>To doskona\u0142e skrzy\u017cowanie AK-49 i Lowryder zaowocowa\u0142o stabiln\u0105, \u0142atw\u0105 w uprawie i niewielk\u0105 wersj\u0105 s\u0142ynnej na ca\u0142ym \u015bwiecie pot\u0119\u017cnej AK-49, kt\u00f3r\u0105 wszyscy znaj\u0105 i kochaj\u0105. Spodziewaj si\u0119, \u017ce p\u0105ki b\u0119d\u0105 do\u015b\u0107 zwarte i g\u0119sto wype\u0142nione w\u0142oskami z du\u017c\u0105 ilo\u015bci\u0105 trichom\u00f3w. Zapach jest silny, ale wystarczaj\u0105co skunky, aby zachowa\u0107 s\u0142odk\u0105 \u015bwie\u017co\u015b\u0107.<\/p>","protected":false},"featured_media":37276,"template":"","meta":[],"product_brand":[],"product_cat":[950,297,466,470,465],"product_tag":[],"class_list":{"0":"post-37203","1":"product","2":"type-product","3":"status-publish","4":"has-post-thumbnail","6":"product_cat-vision-seeds","7":"product_cat-all-products","8":"product_cat-autoflowering-seeds","9":"product_cat-high-thc-seeds","10":"product_cat-seedshop","11":"product_shipping_class-creditcard-on","13":"first","14":"instock","15":"taxable","16":"shipping-taxable","17":"purchasable","18":"product-type-variable","19":"has-default-attributes"},"_links":{"self":[{"href":"https:\/\/www.headshop.nl\/pl\/wp-json\/wp\/v2\/product\/37203","targetHints":{"allow":["GET"]}}],"collection":[{"href":"https:\/\/www.headshop.nl\/pl\/wp-json\/wp\/v2\/product"}],"about":[{"href":"https:\/\/www.headshop.nl\/pl\/wp-json\/wp\/v2\/types\/product"}],"wp:featuredmedia":[{"embeddable":true,"href":"https:\/\/www.headshop.nl\/pl\/wp-json\/wp\/v2\/media\/37276"}],"wp:attachment":[{"href":"https:\/\/www.headshop.nl\/pl\/wp-json\/wp\/v2\/media?parent=37203"}],"wp:term":[{"taxonomy":"product_brand","embeddable":true,"href":"https:\/\/www.headshop.nl\/pl\/wp-json\/wp\/v2\/product_brand?post=37203"},{"taxonomy":"product_cat","embeddable":true,"href":"https:\/\/www.headshop.nl\/pl\/wp-json\/wp\/v2\/product_cat?post=37203"},{"taxonomy":"product_tag","embeddable":true,"href":"https:\/\/www.headshop.nl\/pl\/wp-json\/wp\/v2\/product_tag?post=37203"}],"curies":[{"name":"wp","href":"https:\/\/api.w.org\/{rel}","templated":true}]}}