{"id":37197,"date":"2021-09-28T11:47:43","date_gmt":"2021-09-28T11:47:43","guid":{"rendered":"https:\/\/www.headshop.nl\/?post_type=product&#038;p=37197"},"modified":"2026-02-19T01:26:19","modified_gmt":"2026-02-19T01:26:19","slug":"muira-puama-herbs","status":"publish","type":"product","link":"https:\/\/www.headshop.nl\/pl\/muira-puama-herbs\/","title":{"rendered":"Muira Puama Herbs"},"content":{"rendered":"<h2>Co to jest Muira Puama?<\/h2>\n<p>Muira Puama, naukowo znany jako Ptychopetalum Olacoides, to tropikalna ro\u015blina pochodz\u0105ca z amazo\u0144skich las\u00f3w deszczowych w Brazylii. Od wiek\u00f3w wykorzystywana jest przez rdzenne plemiona ze wzgl\u0119du na sw\u00f3j silny wp\u0142yw na zdrowie seksualne i og\u00f3ln\u0105 witalno\u015b\u0107. Cz\u0119sto okre\u015blany jako \"Potency Wood\", Muira Puama jest powszechnie znany ze swojej zdolno\u015bci do dzia\u0142ania jako silny afrodyzjak, zwi\u0119kszaj\u0105cy libido i poprawiaj\u0105cy funkcje seksualne zar\u00f3wno u m\u0119\u017cczyzn, jak i kobiet.<\/p>\n<p>Opr\u00f3cz korzy\u015bci dla zdrowia seksualnego, Muira Puama jest r\u00f3wnie\u017c znany ze swojego potencja\u0142u \u0142agodzenia stresu i zmniejszania b\u00f3lu staw\u00f3w. Ta wszechstronno\u015b\u0107 sprawia, \u017ce jest to cenne zio\u0142o nie tylko do poprawy intymno\u015bci, ale tak\u017ce do wspierania og\u00f3lnego samopoczucia. Zio\u0142o to jest najcz\u0119\u015bciej spo\u017cywane w postaci herbaty, gdzie jego dzia\u0142anie mo\u017cna odczu\u0107 szybko i skutecznie. Ze wzgl\u0119du na swoje \u0142agodne, ale silne w\u0142a\u015bciwo\u015bci, Muira Puama pozostaje popularnym wyborem w\u015br\u00f3d os\u00f3b poszukuj\u0105cych naturalnego \u015brodka na popraw\u0119 witalno\u015bci i nastroju.<\/p>\n<h2>Historia Muira Puama<\/h2>\n<p>Muira Puama ma bogat\u0105 histori\u0119, kt\u00f3ra si\u0119ga wiek\u00f3w wstecz do rdzennych mieszka\u0144c\u00f3w Amazonii. Plemiona te od dawna wykorzystywa\u0142y kor\u0119 i korzenie drzewa Muira Puama do r\u00f3\u017cnych cel\u00f3w leczniczych. Jednym z jego najbardziej znanych zastosowa\u0144 by\u0142 afrodyzjak, pomagaj\u0105cy zwi\u0119kszy\u0107 po\u017c\u0105danie seksualne i poprawi\u0107 wydajno\u015b\u0107. Nazwa \"Potency Wood\" pochodzi od jego ugruntowanej reputacji jako naturalnego wzmacniacza libido.<\/p>\n<p>W tradycyjnej medycynie brazylijskiej Muira Puama by\u0142 r\u00f3wnie\u017c stosowany w leczeniu stan\u00f3w takich jak zm\u0119czenie, stres i b\u00f3le staw\u00f3w. Stymuluj\u0105cy wp\u0142yw zio\u0142a zar\u00f3wno na cia\u0142o, jak i umys\u0142 sprawi\u0142, \u017ce sta\u0142o si\u0119 ono istotn\u0105 cz\u0119\u015bci\u0105 lokalnej farmakopei. Z czasem s\u0142awa Muira Puama rozprzestrzeni\u0142a si\u0119 poza Brazyli\u0119, a dzi\u015b jest on stosowany na ca\u0142ym \u015bwiecie jako suplement wspieraj\u0105cy zdrowie seksualne, redukcj\u0119 stresu i og\u00f3ln\u0105 witalno\u015b\u0107.<\/p>\n<p>Wraz ze wzrostem popularno\u015bci nowoczesnej medycyny zio\u0142owej, Muira Puama pozostaje jedn\u0105 z najbardziej szanowanych i poszukiwanych ro\u015blin poprawiaj\u0105cych zar\u00f3wno samopoczucie fizyczne, jak i psychiczne.<\/p>\n<h2>Jak korzysta\u0107 z Muira Puama<\/h2>\n<p>Muira Puama jest zwykle spo\u017cywany w postaci herbaty, kt\u00f3ra jest uwa\u017cana za najskuteczniejszy spos\u00f3b do\u015bwiadczania jego korzy\u015bci. Aby przygotowa\u0107 herbat\u0119, wystarczy zaparzy\u0107 1 gram zio\u0142a Muira Puama w gor\u0105cej wodzie i pi\u0107 codziennie. Ta dawka jest zalecana dla os\u00f3b, kt\u00f3re chc\u0105 zwi\u0119kszy\u0107 swoje libido, zmniejszy\u0107 stres lub z\u0142agodzi\u0107 b\u00f3l staw\u00f3w. Aby uzyska\u0107 najlepsze wyniki, zaleca si\u0119 regularne stosowanie zio\u0142a, aby do\u015bwiadczy\u0107 jego pe\u0142nego zakresu efekt\u00f3w.<\/p>\n<p>Muira Puama mo\u017cna r\u00f3wnie\u017c \u0142\u0105czy\u0107 z innymi zio\u0142ami, takimi jak Damiana, aby jeszcze bardziej wzmocni\u0107 jego dzia\u0142anie afrodyzjakalne i og\u00f3ln\u0105 moc. Wszechstronno\u015b\u0107 tego zio\u0142a pozwala na r\u00f3\u017cne metody przygotowania, w tym nalewki lub kapsu\u0142ki, w zale\u017cno\u015bci od osobistych preferencji.<\/p>\n<p>Podczas stosowania Muira Puama wa\u017cne jest, aby przestrzega\u0107 zalecanej dawki i monitorowa\u0107 reakcj\u0119 organizmu. Jego efekty mog\u0105 by\u0107 bardziej wyra\u017ane, gdy jest przyjmowany konsekwentnie przez d\u0142ugi czas, co czyni go cennym dodatkiem do codziennej rutyny odnowy biologicznej.<\/p>\n<h2>Sk\u0142adniki Muira Puama<\/h2>\n<p>Aktywnym sk\u0142adnikiem Muira Puama jest Ptychopetalum Olacoides, tropikalna ro\u015blina zawieraj\u0105ca r\u00f3\u017cnorodne zwi\u0105zki bioaktywne. Uwa\u017ca si\u0119, \u017ce zwi\u0105zki te s\u0105 odpowiedzialne za silne dzia\u0142anie afrodyzjakalne i antystresowe Muira Puama. Kora i korzenie ro\u015bliny zawieraj\u0105 alkaloidy i inne zwi\u0105zki, kt\u00f3re oddzia\u0142uj\u0105 na uk\u0142ady organizmu w celu poprawy funkcji seksualnych, zwi\u0119kszenia libido i promowania dobrego samopoczucia.<\/p>\n<p>Opr\u00f3cz swoich podstawowych zalet, Muira Puama oferuje r\u00f3wnie\u017c w\u0142a\u015bciwo\u015bci przeciwzapalne i przeciwb\u00f3lowe, dzi\u0119ki czemu jest skuteczny w przypadku b\u00f3lu staw\u00f3w i dyskomfortu mi\u0119\u015bni. Obecno\u015b\u0107 tych bioaktywnych zwi\u0105zk\u00f3w sprawia, \u017ce Muira Puama jest nie tylko afrodyzjakiem, ale tak\u017ce holistycznym zio\u0142em, kt\u00f3re wspiera og\u00f3lne zdrowie i witalno\u015b\u0107.<\/p>\n<p>\u0141\u0105cz\u0105c korzy\u015bci p\u0142yn\u0105ce ze wzmocnienia seksualnego, \u0142agodzenia stresu i redukcji b\u00f3lu staw\u00f3w, Muira Puama sta\u0142 si\u0119 bardzo poszukiwanym zio\u0142em dla os\u00f3b poszukuj\u0105cych naturalnego, wszechstronnego rozwi\u0105zania wellness.<\/p>\n<p><strong>Ostrze\u017cenie:<\/strong><br \/>\nMuira Puama jest przeznaczony dla os\u00f3b powy\u017cej 18 roku \u017cycia. Przechowywa\u0107 w miejscu niedost\u0119pnym dla dzieci. Zio\u0142o to jest inhibitorem MAO i nie powinno by\u0107 stosowane przez osoby z problemami z nerkami lub sercem, wysokim lub niskim ci\u015bnieniem krwi, cukrzyc\u0105 lub osoby pod wp\u0142ywem lek\u00f3w, narkotyk\u00f3w lub alkoholu. Nie jest to lek, lecz suplement diety i tak powinien by\u0107 traktowany. Nie kupowa\u0107, je\u015bli plomba jest uszkodzona.<\/p>","protected":false},"excerpt":{"rendered":"<p>Muira Puama jest silnym afrodyzjakiem pochodz\u0105cym z Brazylii, znanym ze swojej zdolno\u015bci do zwi\u0119kszania libido i poprawy sprawno\u015bci seksualnej. Pochodzi z kory i korzeni drzewa Muira Puama i jest r\u00f3wnie\u017c skuteczny w \u0142agodzeniu stresu i b\u00f3lu staw\u00f3w. Ten naturalny \u015brodek mo\u017ce by\u0107 spo\u017cywany jako herbata i jest odpowiedni zar\u00f3wno dla m\u0119\u017cczyzn, jak i kobiet.<\/p>","protected":false},"featured_media":82148,"template":"","meta":[],"product_brand":[],"product_cat":[391,297,395,457,389,814,396,405,705,384],"product_tag":[],"class_list":{"0":"post-37197","1":"product","2":"type-product","3":"status-publish","4":"has-post-thumbnail","6":"product_cat-extracts","7":"product_cat-all-products","8":"product_cat-aphrodisiacs","9":"product_cat-herbs-healthshop","10":"product_cat-herbs","11":"product_cat-indian-elements","12":"product_cat-relax","13":"product_cat-relax-herbs","14":"product_cat-sex-shop","15":"product_cat-smartshop","17":"first","18":"instock","19":"taxable","20":"shipping-taxable","21":"purchasable","22":"product-type-variable","23":"has-default-attributes"},"_links":{"self":[{"href":"https:\/\/www.headshop.nl\/pl\/wp-json\/wp\/v2\/product\/37197","targetHints":{"allow":["GET"]}}],"collection":[{"href":"https:\/\/www.headshop.nl\/pl\/wp-json\/wp\/v2\/product"}],"about":[{"href":"https:\/\/www.headshop.nl\/pl\/wp-json\/wp\/v2\/types\/product"}],"wp:featuredmedia":[{"embeddable":true,"href":"https:\/\/www.headshop.nl\/pl\/wp-json\/wp\/v2\/media\/82148"}],"wp:attachment":[{"href":"https:\/\/www.headshop.nl\/pl\/wp-json\/wp\/v2\/media?parent=37197"}],"wp:term":[{"taxonomy":"product_brand","embeddable":true,"href":"https:\/\/www.headshop.nl\/pl\/wp-json\/wp\/v2\/product_brand?post=37197"},{"taxonomy":"product_cat","embeddable":true,"href":"https:\/\/www.headshop.nl\/pl\/wp-json\/wp\/v2\/product_cat?post=37197"},{"taxonomy":"product_tag","embeddable":true,"href":"https:\/\/www.headshop.nl\/pl\/wp-json\/wp\/v2\/product_tag?post=37197"}],"curies":[{"name":"wp","href":"https:\/\/api.w.org\/{rel}","templated":true}]}}