{"id":37196,"date":"2021-09-28T11:47:41","date_gmt":"2021-09-28T11:47:41","guid":{"rendered":"https:\/\/www.headshop.nl\/?post_type=product&#038;p=37196"},"modified":"2025-01-31T11:21:00","modified_gmt":"2025-01-31T11:21:00","slug":"muira-puama-capsules","status":"publish","type":"product","link":"https:\/\/www.headshop.nl\/pl\/muira-puama-capsules\/","title":{"rendered":"Muira Puama Capsules"},"content":{"rendered":"<h2 data-pm-slice=\"1 1 []\">Co to jest Muira Puama?<\/h2>\n<p>Muira Puama to tropikalne drzewo pochodz\u0105ce z brazylijskich las\u00f3w deszczowych Amazonii. Przez wieki jego kora i korzenie by\u0142y wykorzystywane przez rdzenne spo\u0142eczno\u015bci w celu zaspokojenia r\u00f3\u017cnych potrzeb zdrowotnych, w szczeg\u00f3lno\u015bci w celu zwi\u0119kszenia witalno\u015bci seksualnej. Powszechnie znany jako \"Potency Wood\", Muira Puama s\u0142ynie z dzia\u0142ania afrodyzjakalnego i zdolno\u015bci do promowania energii i wytrzyma\u0142o\u015bci.<\/p>\n<p>Ten botaniczny \u015brodek leczniczy zyska\u0142 uznanie na ca\u0142ym \u015bwiecie ze wzgl\u0119du na sw\u00f3j potencja\u0142 w zakresie poprawy libido, co czyni go popularnym naturalnym suplementem dla os\u00f3b pragn\u0105cych poprawi\u0107 swoje intymne samopoczucie. Opr\u00f3cz korzy\u015bci dla zdrowia seksualnego, Muira Puama jest r\u00f3wnie\u017c ceniony za zdolno\u015b\u0107 do zmniejszania stresu i wspierania zdrowia staw\u00f3w. Niezale\u017cnie od tego, czy szukasz zastrzyku energii, ulgi w stresie, czy poprawy og\u00f3lnej witalno\u015bci, Muira Puama mo\u017ce by\u0107 idealnym naturalnym wyborem.<\/p>\n<h2>Historia Muira Puama<\/h2>\n<p>Muira Puama ma bogat\u0105 histori\u0119 stosowania w\u015br\u00f3d plemion amazo\u0144skich, kt\u00f3re od dawna polega\u0142y na jego korze i korzeniach w celach leczniczych. Spo\u0142eczno\u015bci te wykorzystywa\u0142y ro\u015blin\u0119 przede wszystkim do wspierania funkcji seksualnych i wydajno\u015bci, ale ceniono j\u0105 r\u00f3wnie\u017c za jej rol\u0119 w zmniejszaniu zm\u0119czenia i poprawie zdrowia uk\u0142adu nerwowego.<\/p>\n<p>Wraz z rozprzestrzenianiem si\u0119 informacji o zaletach Muira Puama, europejscy odkrywcy i zielarze w XIX wieku zacz\u0119li bada\u0107 w\u0142a\u015bciwo\u015bci tej ro\u015bliny. Obecnie jest ona kluczowym sk\u0142adnikiem wielu naturalnych suplement\u00f3w diety maj\u0105cych na celu zwi\u0119kszenie libido, energii i funkcji poznawczych. Jego reputacja jako silnego afrodyzjaku nadal sprawia, \u017ce jest on preferowanym wyborem dla os\u00f3b poszukuj\u0105cych naturalnych sposob\u00f3w na zwi\u0119kszenie swoich intymnych dozna\u0144.<\/p>\n<h2>Jak korzysta\u0107 z Muira Puama<\/h2>\n<p>Muira Puama jest najcz\u0119\u015bciej spotykany w postaci kapsu\u0142ek do \u0142atwego spo\u017cycia. Zalecana dawka to jedna kapsu\u0142ka na spo\u017cycie, popijana szklank\u0105 wody. Aby uzyska\u0107 optymalne wyniki, zaleca si\u0119 w\u0142\u0105czenie Muira Puama do codziennej rutyny odnowy biologicznej.<\/p>\n<p>Suplement ten jest odpowiedni zar\u00f3wno dla m\u0119\u017cczyzn, jak i kobiet, kt\u00f3rzy szukaj\u0105 naturalnego podej\u015bcia do poprawy libido i og\u00f3lnej witalno\u015bci. Podczas gdy niekt\u00f3re osoby mog\u0105 szybko odczu\u0107 efekty, inne mog\u0105 zauwa\u017cy\u0107 stopniow\u0105 popraw\u0119 w miar\u0119 up\u0142ywu czasu. Muira Puama jest r\u00f3wnie\u017c cz\u0119sto \u0142\u0105czony z innymi suplementami zio\u0142owymi, takimi jak Damiana, w celu zwi\u0119kszenia korzy\u015bci.<\/p>\n<p>Opr\u00f3cz w\u0142a\u015bciwo\u015bci afrodyzjakalnych, Muira Puama jest r\u00f3wnie\u017c znany ze swojego potencja\u0142u \u0142agodzenia stresu i \u0142agodnego dyskomfortu staw\u00f3w. Podobnie jak w przypadku ka\u017cdego suplementu diety, konieczne jest przestrzeganie zalecanego dawkowania i skonsultowanie si\u0119 z lekarzem, je\u015bli istniej\u0105 jakiekolwiek obawy dotycz\u0105ce jego stosowania.<\/p>\n<h2>Sk\u0142adniki Muira Puama<\/h2>\n<p>Kapsu\u0142ki Indian Elements' Muira Puama zawieraj\u0105 pojedynczy sk\u0142adnik aktywny:<\/p>\n<ul data-spread=\"false\">\n<li><strong>Ptychopetalum Olacoides<\/strong> (wyci\u0105g Muira Puama)<\/li>\n<\/ul>\n<p>Ta czysta i naturalna formu\u0142a zapewnia u\u017cytkownikom pe\u0142ne korzy\u015bci Muira Puama bez zb\u0119dnych dodatk\u00f3w. Indian Elements jest zaanga\u017cowany w dostarczanie wysokiej jako\u015bci produkt\u00f3w zio\u0142owych, kt\u00f3re s\u0105 100% naturalne i przyjazne dla wegan, co czyni je idealnym wyborem dla os\u00f3b poszukuj\u0105cych rozwi\u0105za\u0144 zdrowotnych opartych na ro\u015blinach.<\/p>\n<p>&nbsp;<\/p>\n<p><strong>Ostrze\u017cenie:<\/strong><br \/>\nTen produkt jest przeznaczony dla os\u00f3b powy\u017cej 18 roku \u017cycia. Przechowywa\u0107 w miejscu niedost\u0119pnym dla dzieci. Muira Puama jest inhibitorem MAO i nie powinien by\u0107 stosowany przez osoby z chorobami nerek lub serca, wysokim lub niskim ci\u015bnieniem krwi, cukrzyc\u0105 lub osoby pod wp\u0142ywem lek\u00f3w, narkotyk\u00f3w lub alkoholu. Jest to suplement diety i powinien by\u0107 odpowiednio stosowany. Nie stosowa\u0107, je\u015bli opakowanie jest uszkodzone.<\/p>\n<p>&nbsp;<\/p>","protected":false},"excerpt":{"rendered":"<p data-pm-slice=\"1 1 []\">Odblokuj naturalne korzy\u015bci Muira Puama! Ten silny zio\u0142owy suplement by\u0142 tradycyjnie stosowany w celu wsparcia libido, zwi\u0119kszenia sprawno\u015bci seksualnej i promowania og\u00f3lnego samopoczucia. Odpowiednie zar\u00f3wno dla m\u0119\u017cczyzn, jak i kobiet, te wygodne kapsu\u0142ki oferuj\u0105 naturalny spos\u00f3b na wzmocnienie zar\u00f3wno cia\u0142a, jak i umys\u0142u.<\/p>","protected":false},"featured_media":82151,"template":"","meta":[],"product_brand":[],"product_cat":[457,297,395,389,814,396,405,705,384],"product_tag":[],"class_list":{"0":"post-37196","1":"product","2":"type-product","3":"status-publish","4":"has-post-thumbnail","6":"product_cat-herbs-healthshop","7":"product_cat-all-products","8":"product_cat-aphrodisiacs","9":"product_cat-herbs","10":"product_cat-indian-elements","11":"product_cat-relax","12":"product_cat-relax-herbs","13":"product_cat-sex-shop","14":"product_cat-smartshop","16":"first","17":"instock","18":"taxable","19":"shipping-taxable","20":"purchasable","21":"product-type-variable","22":"has-default-attributes"},"_links":{"self":[{"href":"https:\/\/www.headshop.nl\/pl\/wp-json\/wp\/v2\/product\/37196","targetHints":{"allow":["GET"]}}],"collection":[{"href":"https:\/\/www.headshop.nl\/pl\/wp-json\/wp\/v2\/product"}],"about":[{"href":"https:\/\/www.headshop.nl\/pl\/wp-json\/wp\/v2\/types\/product"}],"wp:featuredmedia":[{"embeddable":true,"href":"https:\/\/www.headshop.nl\/pl\/wp-json\/wp\/v2\/media\/82151"}],"wp:attachment":[{"href":"https:\/\/www.headshop.nl\/pl\/wp-json\/wp\/v2\/media?parent=37196"}],"wp:term":[{"taxonomy":"product_brand","embeddable":true,"href":"https:\/\/www.headshop.nl\/pl\/wp-json\/wp\/v2\/product_brand?post=37196"},{"taxonomy":"product_cat","embeddable":true,"href":"https:\/\/www.headshop.nl\/pl\/wp-json\/wp\/v2\/product_cat?post=37196"},{"taxonomy":"product_tag","embeddable":true,"href":"https:\/\/www.headshop.nl\/pl\/wp-json\/wp\/v2\/product_tag?post=37196"}],"curies":[{"name":"wp","href":"https:\/\/api.w.org\/{rel}","templated":true}]}}