{"id":37191,"date":"2021-09-28T11:19:28","date_gmt":"2021-09-28T11:19:28","guid":{"rendered":"https:\/\/www.headshop.nl\/?post_type=product&#038;p=37191"},"modified":"2026-02-19T01:26:19","modified_gmt":"2026-02-19T01:26:19","slug":"damiana-herbs","status":"publish","type":"product","link":"https:\/\/www.headshop.nl\/pl\/damiana-herbs\/","title":{"rendered":"Damiana Herbs"},"content":{"rendered":"<h2>Co to jest Damiana?<\/h2>\n<p><strong>Damiana<\/strong> to krzew pochodz\u0105cy z Ameryki \u015arodkowej i Po\u0142udniowej, znany z szerokiego zakresu zastosowa\u0144 terapeutycznych. Nale\u017cy do rodziny Passifloraceae i mo\u017cna go rozpozna\u0107 po \u017cywych \u017c\u00f3\u0142tych kwiatach i zielonych li\u015bciach. Damiana jest najbardziej ceniony za sw\u00f3j wp\u0142yw na dobre samopoczucie seksualne. Rdzenne kultury w Mexico historycznie u\u017cywa\u0142y tego zio\u0142a w celu zwi\u0119kszenia libido i zwi\u0119kszenia sprawno\u015bci seksualnej. Dodatkowo, Damiana posiada \u0142agodne w\u0142a\u015bciwo\u015bci psychoaktywne, podobne do lekkiej, niepsychoaktywnej formy marihuany, kt\u00f3ra mo\u017ce sprzyja\u0107 relaksacji i og\u00f3lnemu poczuciu dobrego samopoczucia.<\/p>\n<p>Zio\u0142o dzia\u0142a poprzez stymulacj\u0119 uk\u0142adu nerwowego i popraw\u0119 kr\u0105\u017cenia krwi, szczeg\u00f3lnie w okolicach narz\u0105d\u00f3w p\u0142ciowych. Pomaga to w zwi\u0119kszeniu po\u017c\u0105dania seksualnego i poprawie wydajno\u015bci. Podczas gdy tradycyjnie spo\u017cywano go w postaci herbaty lub suszonych li\u015bci, nowoczesne formy Damiana s\u0105 obecnie dost\u0119pne jako suplementy, oferuj\u0105c \u0142atwy i wygodny spos\u00f3b do\u015bwiadczania jego korzy\u015bci.<\/p>\n<h2>Historia Damiana<\/h2>\n<p>Wykorzystanie <strong>Damiana<\/strong> si\u0119ga wiek\u00f3w wstecz i ma g\u0142\u0119bokie korzenie w rdzennych kulturach Mexico oraz Ameryki \u015arodkowej i Po\u0142udniowej. Ro\u015blina ta by\u0142a wysoko ceniona przez staro\u017cytne cywilizacje ze wzgl\u0119du na swoje w\u0142a\u015bciwo\u015bci lecznicze, w szczeg\u00f3lno\u015bci w celu poprawy zdrowia seksualnego i leczenia dolegliwo\u015bci, takich jak l\u0119k, depresja i zm\u0119czenie. Reputacja Damiana jako silnego afrodyzjaku by\u0142a mocno ugruntowana, a nawet znalaz\u0142a drog\u0119 do ceremonii religijnych i rytua\u0142\u00f3w w\u015br\u00f3d rdzennych plemion ameryka\u0144skich.<\/p>\n<p>W Mexico, Damiana odgrywa\u0142 istotn\u0105 rol\u0119 w tradycyjnej medycynie i by\u0142 nawet u\u017cywany do tworzenia popularnego napoju alkoholowego zwanego \"likierem Damiana\", kt\u00f3ry jest nadal spo\u017cywany. Z biegiem czasu jego zwi\u0105zek ze zwi\u0119kszaniem witalno\u015bci seksualnej i og\u00f3lnego dobrego samopoczucia utrzymywa\u0142 si\u0119. Damiana zyska\u0142 mi\u0119dzynarodowe uznanie w XIX i XX wieku wraz ze wzrostem zainteresowania naturalnymi \u015brodkami leczniczymi i pozosta\u0142 ukochanym zio\u0142em ze wzgl\u0119du na jego zdolno\u015b\u0107 do zwi\u0119kszania energii i poprawy sprawno\u015bci seksualnej.<\/p>\n<h2>Jak korzysta\u0107 z Damiana<\/h2>\n<p>Istnieje kilka sposob\u00f3w na w\u0142\u0105czenie <strong>Damiana<\/strong> w codziennej rutynie odnowy biologicznej. Najbardziej tradycyjn\u0105 metod\u0105 jest parzenie herbaty. Aby j\u0105 przygotowa\u0107, nale\u017cy zaparzy\u0107 suszone li\u015bcie ro\u015bliny w gor\u0105cej wodzie. Proces ten uwalnia aktywne zwi\u0105zki zio\u0142a, zapewniaj\u0105c \u0142agodny, relaksuj\u0105cy efekt, kt\u00f3ry r\u00f3wnie\u017c promuje zdrowie seksualne. Herbat\u0119 Damiana mo\u017cna spo\u017cywa\u0107 samodzielnie lub w po\u0142\u0105czeniu z innymi zio\u0142ami, takimi jak Muira Puama, w celu zwi\u0119kszenia dozna\u0144.<\/p>\n<p>Dla tych, kt\u00f3rzy szukaj\u0105 wygodniejszej opcji, Damiana jest r\u00f3wnie\u017c dost\u0119pny w formie suplementu. Zaleca si\u0119 przyjmowanie oko\u0142o 1 grama dziennie, aby do\u015bwiadczy\u0107 jego energetyzuj\u0105cych i zwi\u0119kszaj\u0105cych libido korzy\u015bci. Podobnie jak w przypadku ka\u017cdego suplementu, najlepiej zacz\u0105\u0107 od ni\u017cszej dawki i stopniowo zwi\u0119ksza\u0107 j\u0105 w razie potrzeby, pozwalaj\u0105c monitorowa\u0107 reakcj\u0119 organizmu. Damiana mo\u017ce by\u0107 \u0142atwym i przyjemnym dodatkiem do Twojego stylu \u017cycia, niezale\u017cnie od tego, czy chcesz si\u0119 zrelaksowa\u0107 po m\u0119cz\u0105cym dniu, czy te\u017c stworzy\u0107 nastr\u00f3j na intymny wiecz\u00f3r.<\/p>\n<h2>Sk\u0142adniki Damiana<\/h2>\n<p>Aktywny sk\u0142adnik w <strong>Damiana<\/strong> jest li\u015bciem <em>Turnera Diffusa<\/em>Jest to ro\u015blina rosn\u0105ca w Ameryce \u015arodkowej i Po\u0142udniowej. Li\u015bcie s\u0105 starannie zbierane i suszone, aby zachowa\u0107 ich naturalne w\u0142a\u015bciwo\u015bci. Chocia\u017c Damiana jest najbardziej znany ze swojego dzia\u0142ania zwi\u0119kszaj\u0105cego libido, zawiera r\u00f3wnie\u017c zwi\u0105zki, kt\u00f3re promuj\u0105 relaksacj\u0119, \u0142agodz\u0105 niepok\u00f3j i poprawiaj\u0105 nastr\u00f3j.<\/p>\n<p>Kluczowe sk\u0142adniki aktywne Damiana obejmuj\u0105 flawonoidy, alkaloidy i olejki eteryczne, kt\u00f3re razem zapewniaj\u0105 szereg korzy\u015bci. Zwi\u0105zki te maj\u0105 \u0142agodne dzia\u0142anie pobudzaj\u0105ce i uspokajaj\u0105ce na uk\u0142ad nerwowy, pomagaj\u0105c poprawi\u0107 koncentracj\u0119, zwi\u0119kszy\u0107 poziom energii i przyczyni\u0107 si\u0119 do og\u00f3lnego dobrego samopoczucia. Pomimo swoich psychoaktywnych w\u0142a\u015bciwo\u015bci, Damiana nie zawiera THC, zwi\u0105zku odpowiedzialnego za haj wywo\u0142any przez konopie indyjskie, co czyni go bezpieczn\u0105 alternatyw\u0105 dla os\u00f3b poszukuj\u0105cych lekkiego \u015brodka poprawiaj\u0105cego nastr\u00f3j bez efekt\u00f3w odurzaj\u0105cych.<\/p>\n<p>&nbsp;<\/p>\n<p><strong>Ostrze\u017cenie:<\/strong><\/p>\n<p>Damiana mo\u017ce by\u0107 u\u017cywany wy\u0142\u0105cznie przez osoby powy\u017cej 18 roku \u017cycia. Produkt nale\u017cy przechowywa\u0107 w miejscu niedost\u0119pnym dla dzieci. Osoby z chorobami serca lub nerek, wysokim lub niskim ci\u015bnieniem krwi, cukrzyc\u0105 lub osoby przyjmuj\u0105ce leki, narkotyki lub alkohol powinny unika\u0107 stosowania Damiana. Nie nale\u017cy go \u0142\u0105czy\u0107 z inhibitorami MAO. Jako suplement diety powinien by\u0107 stosowany jako cz\u0119\u015b\u0107 zbilansowanej diety, a nie jako jej substytut. Przed u\u017cyciem nale\u017cy zawsze sprawdzi\u0107, czy opakowanie jest szczelnie zamkni\u0119te; nie spo\u017cywa\u0107, je\u015bli uszczelnienie jest uszkodzone.<\/p>","protected":false},"excerpt":{"rendered":"<p>Czy wiesz, \u017ce Damiana jest od lat stosowany jako zio\u0142owy \u015brodek wzmacniaj\u0105cy potencj\u0119? Znany ze swoich w\u0142a\u015bciwo\u015bci afrodyzjakalnych, Damiana jest r\u00f3wnie\u017c znany z tego, \u017ce pomaga w objawach depresji i zm\u0119czenia. Przy regularnym stosowaniu przyjemno\u015b\u0107 seksualna wzrasta, a po d\u0142ugotrwa\u0142ym stosowaniu poprawia si\u0119 libido, wytrzyma\u0142o\u015b\u0107 poprawia si\u0119 dzi\u0119ki poprawie kr\u0105\u017cenia krwi w strefie narz\u0105d\u00f3w p\u0142ciowych. W zale\u017cno\u015bci od objaw\u00f3w, by\u0107 mo\u017ce nadszed\u0142 czas, aby wypr\u00f3bowa\u0107 to silne zio\u0142o mi\u0142o\u015bci!<\/p>","protected":false},"featured_media":82154,"template":"","meta":[],"product_brand":[],"product_cat":[391,297,395,389,457,814,396,405,705,384,625],"product_tag":[],"class_list":{"0":"post-37191","1":"product","2":"type-product","3":"status-publish","4":"has-post-thumbnail","6":"product_cat-extracts","7":"product_cat-all-products","8":"product_cat-aphrodisiacs","9":"product_cat-herbs","10":"product_cat-herbs-healthshop","11":"product_cat-indian-elements","12":"product_cat-relax","13":"product_cat-relax-herbs","14":"product_cat-sex-shop","15":"product_cat-smartshop","16":"product_cat-smartshop-top-10","18":"first","19":"instock","20":"taxable","21":"shipping-taxable","22":"purchasable","23":"product-type-variable","24":"has-default-attributes"},"_links":{"self":[{"href":"https:\/\/www.headshop.nl\/pl\/wp-json\/wp\/v2\/product\/37191","targetHints":{"allow":["GET"]}}],"collection":[{"href":"https:\/\/www.headshop.nl\/pl\/wp-json\/wp\/v2\/product"}],"about":[{"href":"https:\/\/www.headshop.nl\/pl\/wp-json\/wp\/v2\/types\/product"}],"wp:featuredmedia":[{"embeddable":true,"href":"https:\/\/www.headshop.nl\/pl\/wp-json\/wp\/v2\/media\/82154"}],"wp:attachment":[{"href":"https:\/\/www.headshop.nl\/pl\/wp-json\/wp\/v2\/media?parent=37191"}],"wp:term":[{"taxonomy":"product_brand","embeddable":true,"href":"https:\/\/www.headshop.nl\/pl\/wp-json\/wp\/v2\/product_brand?post=37191"},{"taxonomy":"product_cat","embeddable":true,"href":"https:\/\/www.headshop.nl\/pl\/wp-json\/wp\/v2\/product_cat?post=37191"},{"taxonomy":"product_tag","embeddable":true,"href":"https:\/\/www.headshop.nl\/pl\/wp-json\/wp\/v2\/product_tag?post=37191"}],"curies":[{"name":"wp","href":"https:\/\/api.w.org\/{rel}","templated":true}]}}