{"id":37190,"date":"2021-09-28T11:19:27","date_gmt":"2021-09-28T11:19:27","guid":{"rendered":"https:\/\/www.headshop.nl\/?post_type=product&#038;p=37190"},"modified":"2025-01-31T12:16:04","modified_gmt":"2025-01-31T12:16:04","slug":"damiana-capsules","status":"publish","type":"product","link":"https:\/\/www.headshop.nl\/pl\/damiana-capsules\/","title":{"rendered":"Damiana Capsules"},"content":{"rendered":"<h2 data-pm-slice=\"1 1 []\">Co to jest Damiana?<\/h2>\n<p>Damiana to niewielki, pachn\u0105cy krzew pochodz\u0105cy z Ameryki \u015arodkowej i Po\u0142udniowej. Naukowo znany jako <strong>Turnera Diffusa<\/strong>Nale\u017cy do rodziny m\u0119czennicowatych i mo\u017cna j\u0105 rozpozna\u0107 po \u017c\u00f3\u0142tych kwiatach i zielonych li\u015bciach.<\/p>\n<p>Od pokole\u0144 rdzenne kultury polega\u0142y na Damiana ze wzgl\u0119du na jego naturalne korzy\u015bci zdrowotne, w szczeg\u00f3lno\u015bci w celu zwi\u0119kszenia witalno\u015bci seksualnej. Jest on cz\u0119sto kojarzony ze zwi\u0119kszonym libido, lepsz\u0105 wytrzyma\u0142o\u015bci\u0105 i og\u00f3lnym samopoczuciem. Opr\u00f3cz dzia\u0142ania afrodyzjakalnego, Damiana jest r\u00f3wnie\u017c znany ze swoich \u0142agodnych w\u0142a\u015bciwo\u015bci relaksuj\u0105cych, kt\u00f3re mog\u0105 pom\u00f3c zmniejszy\u0107 stres i promowa\u0107 jasno\u015b\u0107 umys\u0142u. Niezale\u017cnie od tego, czy chcesz zwi\u0119kszy\u0107 energi\u0119, poprawi\u0107 intymno\u015b\u0107, czy wspiera\u0107 r\u00f3wnowag\u0119 emocjonaln\u0105, Damiana jest \u015bwietn\u0105 naturaln\u0105 opcj\u0105.<\/p>\n<div><\/div>\n<h2>Historia Damiana<\/h2>\n<p>Damiana ma d\u0142ug\u0105 histori\u0119 tradycyjnego stosowania, szczeg\u00f3lnie w Meeksasie i innych regionach Ameryki \u0141aci\u0144skiej. Rdzenne plemiona ceni\u0142y t\u0119 ro\u015blin\u0119 za jej w\u0142a\u015bciwo\u015bci lecznicze, wykorzystuj\u0105c j\u0105 do wspierania og\u00f3lnego stanu zdrowia i poprawy sprawno\u015bci seksualnej.<\/p>\n<p>Historycznie, Damiana by\u0142 uwa\u017cany za silny afrodyzjak, kt\u00f3ry stymulowa\u0142 libido, zwi\u0119ksza\u0142 doznania i poprawia\u0142 zdrowie reprodukcyjne. Staro\u017cytne kultury przygotowywa\u0142y napary zio\u0142owe i eliksiry mi\u0142osne z Damiana w celu promowania intymno\u015bci i relaksu. Z biegiem czasu jego reputacja rozprzestrzeni\u0142a si\u0119 i pozostaje popularnym sk\u0142adnikiem nowoczesnych suplement\u00f3w zio\u0142owych. W Mexico, Damiana jest nawet dodawany do niekt\u00f3rych tradycyjnych napoj\u00f3w alkoholowych, takich jak margarity, aby wzmocni\u0107 ich dzia\u0142anie. Dzi\u0119ki wieloletniemu dziedzictwu, Damiana nadal jest preferowanym naturalnym \u015brodkiem dla os\u00f3b poszukuj\u0105cych poprawy samopoczucia.<\/p>\n<div><\/div>\n<h2>Jak korzysta\u0107 z Damiana<\/h2>\n<p>Damiana jest powszechnie dost\u0119pny w postaci kapsu\u0142ek dla \u0142atwego i precyzyjnego dawkowania. Zalecana dawka to <strong>jedna kapsu\u0142ka na spo\u017cycie<\/strong>, popijaj\u0105c szklank\u0105 wody. Aby uzyska\u0107 najlepsze wyniki, nale\u017cy w\u0142\u0105czy\u0107 Damiana do codziennej rutyny odnowy biologicznej.<\/p>\n<p>Korzy\u015bci ze stosowania Damiana mog\u0105 odczuwa\u0107 zar\u00f3wno m\u0119\u017cczy\u017ani, jak i kobiety. Podczas gdy niekt\u00f3rzy mog\u0105 szybko zauwa\u017cy\u0107 jego dzia\u0142anie, inni mog\u0105 do\u015bwiadczy\u0107 stopniowej poprawy w miar\u0119 up\u0142ywu czasu. Damiana mo\u017cna r\u00f3wnie\u017c \u0142\u0105czy\u0107 z innymi suplementami zio\u0142owymi, takimi jak Muira Puama, aby wzmocni\u0107 jego w\u0142a\u015bciwo\u015bci energetyzuj\u0105ce i afrodyzjakalne.<\/p>\n<p>Opr\u00f3cz dzia\u0142ania zwi\u0119kszaj\u0105cego libido, Damiana jest cz\u0119sto stosowany w celu promowania relaksu, \u0142agodzenia stresu i wspierania dobrego samopoczucia emocjonalnego. Jego \u0142agodne dzia\u0142anie psychoaktywne jest czasami por\u00f3wnywane do konopi indyjskich, zapewniaj\u0105c poczucie spokoju bez odurzenia. Zawsze nale\u017cy przestrzega\u0107 zalecanego dawkowania i skonsultowa\u0107 si\u0119 z lekarzem, je\u015bli masz jakiekolwiek w\u0105tpliwo\u015bci.<\/p>\n<div><\/div>\n<h2>Sk\u0142adniki Damiana<\/h2>\n<p>Kapsu\u0142ki Damiana z Indian Elements zawieraj\u0105 jeden aktywny sk\u0142adnik:<\/p>\n<ul data-spread=\"false\">\n<li><strong>Turnera Diffusa<\/strong> (wyci\u0105g Damiana)<\/li>\n<\/ul>\n<p>Ta czysta i naturalna formu\u0142a zapewnia pe\u0142ne korzy\u015bci z Damiana bez zb\u0119dnych dodatk\u00f3w. Celem Indian Elements jest oferowanie wysokiej jako\u015bci produkt\u00f3w zio\u0142owych, kt\u00f3re s\u0105 <strong>100% naturalny i przyjazny dla wegan<\/strong>co czyni je doskona\u0142ym wyborem dla os\u00f3b poszukuj\u0105cych ro\u015blinnych rozwi\u0105za\u0144 wellness.<\/p>\n<div><\/div>\n<p><strong>Ostrze\u017cenie:<\/strong><br \/>\nTen produkt jest przeznaczony dla os\u00f3b w wieku <strong>18 lat i starsi<\/strong>. Przechowywa\u0107 w miejscu niedost\u0119pnym dla dzieci. Damiana nie powinien by\u0107 stosowany w po\u0142\u0105czeniu z <strong>Inhibitory MAO<\/strong>. Osoby z chorobami nerek lub serca, wysokim lub niskim ci\u015bnieniem krwi, cukrzyc\u0105 lub osoby pod wp\u0142ywem lek\u00f3w, narkotyk\u00f3w lub alkoholu powinny unika\u0107 stosowania. Jest to suplement diety i powinien by\u0107 odpowiednio stosowany. Nie u\u017cywa\u0107, je\u015bli plomba jest uszkodzona.<\/p>","protected":false},"excerpt":{"rendered":"<p data-pm-slice=\"1 1 []\">Odkryj naturaln\u0105 moc Damiana! Znany ze swoich w\u0142a\u015bciwo\u015bci energetyzuj\u0105cych i afrodyzjakalnych, ten zio\u0142owy suplement by\u0142 stosowany od wiek\u00f3w w celu zwi\u0119kszenia libido, poprawy nastroju i promowania relaksu. Teraz dost\u0119pny w wygodnych kapsu\u0142kach, Damiana u\u0142atwia w\u0142\u0105czenie jego zalet do codziennej rutyny.<\/p>","protected":false},"featured_media":82157,"template":"","meta":[],"product_brand":[],"product_cat":[457,297,395,389,814,396,405,705,384],"product_tag":[],"class_list":{"0":"post-37190","1":"product","2":"type-product","3":"status-publish","4":"has-post-thumbnail","6":"product_cat-herbs-healthshop","7":"product_cat-all-products","8":"product_cat-aphrodisiacs","9":"product_cat-herbs","10":"product_cat-indian-elements","11":"product_cat-relax","12":"product_cat-relax-herbs","13":"product_cat-sex-shop","14":"product_cat-smartshop","16":"first","17":"instock","18":"taxable","19":"shipping-taxable","20":"purchasable","21":"product-type-variable","22":"has-default-attributes"},"_links":{"self":[{"href":"https:\/\/www.headshop.nl\/pl\/wp-json\/wp\/v2\/product\/37190","targetHints":{"allow":["GET"]}}],"collection":[{"href":"https:\/\/www.headshop.nl\/pl\/wp-json\/wp\/v2\/product"}],"about":[{"href":"https:\/\/www.headshop.nl\/pl\/wp-json\/wp\/v2\/types\/product"}],"wp:featuredmedia":[{"embeddable":true,"href":"https:\/\/www.headshop.nl\/pl\/wp-json\/wp\/v2\/media\/82157"}],"wp:attachment":[{"href":"https:\/\/www.headshop.nl\/pl\/wp-json\/wp\/v2\/media?parent=37190"}],"wp:term":[{"taxonomy":"product_brand","embeddable":true,"href":"https:\/\/www.headshop.nl\/pl\/wp-json\/wp\/v2\/product_brand?post=37190"},{"taxonomy":"product_cat","embeddable":true,"href":"https:\/\/www.headshop.nl\/pl\/wp-json\/wp\/v2\/product_cat?post=37190"},{"taxonomy":"product_tag","embeddable":true,"href":"https:\/\/www.headshop.nl\/pl\/wp-json\/wp\/v2\/product_tag?post=37190"}],"curies":[{"name":"wp","href":"https:\/\/api.w.org\/{rel}","templated":true}]}}