{"id":37189,"date":"2021-09-28T11:11:48","date_gmt":"2021-09-28T11:11:48","guid":{"rendered":"https:\/\/www.headshop.nl\/?post_type=product&#038;p=37189"},"modified":"2025-02-14T08:43:54","modified_gmt":"2025-02-14T08:43:54","slug":"damiana-10x-extract","status":"publish","type":"product","link":"https:\/\/www.headshop.nl\/pl\/damiana-10x-extract\/","title":{"rendered":"Damiana 10X Extract"},"content":{"rendered":"<h2 data-start=\"406\" data-end=\"436\">Co to jest Damiana - 10x Extract?<\/h2>\n<p data-start=\"438\" data-end=\"1122\">Damiana Extract 4g to silny i skoncentrowany ekstrakt z Turnera Diffusa, krzewu pochodz\u0105cego z obu Ameryk. W przesz\u0142o\u015bci rdzenni mieszka\u0144cy tego regionu cenili t\u0119 ro\u015blin\u0119 za jej potencja\u0142 zwi\u0119kszania witalno\u015bci, a tak\u017ce za \u0142agodne, podnosz\u0105ce na duchu dzia\u0142anie. Ekstrakt jest szczeg\u00f3lnie znany ze swojej zdolno\u015bci do podnoszenia nastroju i poprawy samopoczucia fizycznego ju\u017c przy niewielkiej dawce. Sprawia to, \u017ce jest to idealna opcja dla tych, kt\u00f3rzy chc\u0105 odkry\u0107 tradycyjne zalety Damiana w bardziej skoncentrowanej i skutecznej formie. Niezale\u017cnie od tego, czy jest spo\u017cywany jako herbata, zmieszany z alkoholem, czy te\u017c stosowany ze wzgl\u0119du na swoje w\u0142a\u015bciwo\u015bci lecznicze, Damiana jest nadal szanowany za swoj\u0105 zdolno\u015b\u0107 do promowania og\u00f3lnego dobrego samopoczucia.<\/p>\n<h2 data-start=\"1124\" data-end=\"1156\">Historia Damiana - 10x Extract<\/h2>\n<p data-start=\"1158\" data-end=\"2068\">Stosowanie Damiana Extract si\u0119ga czas\u00f3w staro\u017cytnych, szczeg\u00f3lnie w kulturach rdzennych Amerykan\u00f3w. Rdzenni mieszka\u0144cy u\u017cywali Damiana jako \u015brodka poprawiaj\u0105cego zdrowie seksualne, zwi\u0119kszaj\u0105cego energi\u0119 i wytrzyma\u0142o\u015b\u0107. Uwa\u017cano j\u0105 za afrodyzjak i cz\u0119sto spo\u017cywano w celu poprawy zar\u00f3wno fizycznego, jak i psychicznego samopoczucia. Opr\u00f3cz swojej reputacji jako silnego wzmacniacza witalno\u015bci, Damiana by\u0142 r\u00f3wnie\u017c ceniony za swoje uspokajaj\u0105ce i lekko euforyczne dzia\u0142anie. Na przestrzeni wiek\u00f3w stosowanie Damiana rozprzestrzeni\u0142o si\u0119 w r\u00f3\u017cnych kulturach, szczeg\u00f3lnie w Meeksasie i okolicznych krajach. W tych regionach Damiana sta\u0142 si\u0119 ulubionym sk\u0142adnikiem koktajli i mikstur leczniczych, znanym ze swojej zdolno\u015bci do wzmacniania dzia\u0142ania alkoholu. Obecnie Damiana Extract jest nadal u\u017cywany w r\u00f3\u017cnych formach, aby wykorzysta\u0107 zalety ro\u015bliny, a jego bogata historia i znaczenie kulturowe nadal wp\u0142ywaj\u0105 na jego popularno\u015b\u0107 na ca\u0142ym \u015bwiecie.<\/p>\n<h2 data-start=\"2070\" data-end=\"2102\">Jak u\u017cywa\u0107 Damiana - 10x Extract<\/h2>\n<p data-start=\"2104\" data-end=\"2932\">Damiana Extract 4g mo\u017cna spo\u017cywa\u0107 na kilka sposob\u00f3w, co pozwala na elastyczno\u015b\u0107 w zale\u017cno\u015bci od osobistych preferencji. Najpopularniejsz\u0105 metod\u0105 jest przygotowanie herbaty, w kt\u00f3rej 1 gram skoncentrowanego ekstraktu dodaje si\u0119 do gor\u0105cej wody. Niekt\u00f3rzy u\u017cytkownicy wzmacniaj\u0105 smak poprzez dodanie miodu, podczas gdy inni wol\u0105 go w naturalnej postaci. Damiana jest r\u00f3wnie\u017c popularnie stosowany w napojach alkoholowych, szczeg\u00f3lnie w Mexico, gdzie jest dodawany do koktajli, cz\u0119sto w celu wzmocnienia dzia\u0142ania alkoholu. S\u0142odki charakter Damiana dobrze komponuje si\u0119 z likierami, cho\u0107 wielu u\u017cytkownik\u00f3w twierdzi, \u017ce nawet piwo dobrze sprawdza si\u0119 w tym celu. Niezale\u017cnie od metody, Damiana Extract jest silny i powinien by\u0107 stosowany z umiarem. Jego w\u0142a\u015bciwo\u015bci podnosz\u0105ce na duchu s\u0105 najbardziej zauwa\u017calne nawet przy niewielkiej ilo\u015bci, co czyni go doskona\u0142ym dodatkiem do r\u00f3\u017cnych napoj\u00f3w i procedur odnowy biologicznej.<\/p>\n<h2 data-start=\"2934\" data-end=\"2970\">Sk\u0142adniki Damiana - 10x Extract<\/h2>\n<p data-start=\"2972\" data-end=\"3802\">Podstawowym sk\u0142adnikiem Damiana Extract 4g jest skoncentrowana esencja z ro\u015bliny Turnera Diffusa. Ekstrakt ten jest bogaty w niezb\u0119dne zwi\u0105zki, kt\u00f3re przyczyniaj\u0105 si\u0119 do jego efekt\u00f3w terapeutycznych. Damiana jest znany ze swoich alkaloid\u00f3w, flawonoid\u00f3w i olejk\u00f3w lotnych, kt\u00f3re wsp\u00f3\u0142pracuj\u0105 ze sob\u0105 w celu promowania relaksu, poprawy nastroju i zwi\u0119kszenia witalno\u015bci fizycznej. Ro\u015blina zawiera zwi\u0105zki takie jak damianina i arbutyna, kt\u00f3re maj\u0105 w\u0142a\u015bciwo\u015bci afrodyzjakalne, dzi\u0119ki czemu Damiana Extract jest popularnym wyborem dla os\u00f3b pragn\u0105cych zwi\u0119kszy\u0107 energi\u0119 lub poprawi\u0107 zdrowie seksualne. Chocia\u017c ekstrakt jest cz\u0119sto spo\u017cywany w herbacie lub napojach alkoholowych, wa\u017cne jest, aby pami\u0119ta\u0107, \u017ce jego moc oznacza, \u017ce tylko niewielkie ilo\u015bci s\u0105 potrzebne do zauwa\u017calnych efekt\u00f3w. Damiana Extract jest naturalny i wolny od syntetycznych dodatk\u00f3w, oferuj\u0105c holistyczne podej\u015bcie do dobrego samopoczucia.<\/p>\n<p data-start=\"3804\" data-end=\"3816\"><strong data-start=\"3804\" data-end=\"3816\">Ostrze\u017cenie:<\/strong><\/p>\n<p data-start=\"3818\" data-end=\"4190\" data-is-last-node=\"\">Damiana Extract nale\u017cy stosowa\u0107 ostro\u017cnie. Ze wzgl\u0119du na si\u0142\u0119 dzia\u0142ania, wa\u017cne jest, aby zacz\u0105\u0107 od niewielkiej ilo\u015bci i oceni\u0107 reakcj\u0119 organizmu. Nie przekraczaj zalecanej dawki i skonsultuj si\u0119 z lekarzem, je\u015bli jeste\u015b w ci\u0105\u017cy, karmisz piersi\u0105 lub masz jakiekolwiek schorzenia. Zawsze pami\u0119taj, aby u\u017cywa\u0107 Damiana Extract z umiarem dla bezpiecznych i przyjemnych do\u015bwiadcze\u0144.<\/p>","protected":false},"excerpt":{"rendered":"<p>Damiana to zio\u0142o mi\u0142o\u015bci! Damiana 10x Extract to kolejny z naszych obowi\u0105zkowych i najpopularniejszych produkt\u00f3w i doskonale wiemy dlaczego. Ma mn\u00f3stwo magicznych w\u0142a\u015bciwo\u015bci: uczy organizm zwi\u0119ksza\u0107 wytrzyma\u0142o\u015b\u0107 seksualn\u0105, wywo\u0142uje intensywne uczucie przyjemno\u015bci podczas stosunku i zwi\u0119ksza doznania orgazmu zar\u00f3wno u m\u0119\u017cczyzn, jak i kobiet. Ju\u017c dzi\u015b si\u0119gnij po ten afrodyzjak, kt\u00f3ry w mgnieniu oka sprawi, \u017ce poczujesz si\u0119 jak w domu!<\/p>","protected":false},"featured_media":81929,"template":"","meta":[],"product_brand":[],"product_cat":[391,297,395,389,457,818,396,405,705,384],"product_tag":[],"class_list":{"0":"post-37189","1":"product","2":"type-product","3":"status-publish","4":"has-post-thumbnail","6":"product_cat-extracts","7":"product_cat-all-products","8":"product_cat-aphrodisiacs","9":"product_cat-herbs","10":"product_cat-herbs-healthshop","11":"product_cat-mcmystic","12":"product_cat-relax","13":"product_cat-relax-herbs","14":"product_cat-sex-shop","15":"product_cat-smartshop","17":"first","18":"instock","19":"taxable","20":"shipping-taxable","21":"purchasable","22":"product-type-variable","23":"has-default-attributes"},"_links":{"self":[{"href":"https:\/\/www.headshop.nl\/pl\/wp-json\/wp\/v2\/product\/37189","targetHints":{"allow":["GET"]}}],"collection":[{"href":"https:\/\/www.headshop.nl\/pl\/wp-json\/wp\/v2\/product"}],"about":[{"href":"https:\/\/www.headshop.nl\/pl\/wp-json\/wp\/v2\/types\/product"}],"wp:featuredmedia":[{"embeddable":true,"href":"https:\/\/www.headshop.nl\/pl\/wp-json\/wp\/v2\/media\/81929"}],"wp:attachment":[{"href":"https:\/\/www.headshop.nl\/pl\/wp-json\/wp\/v2\/media?parent=37189"}],"wp:term":[{"taxonomy":"product_brand","embeddable":true,"href":"https:\/\/www.headshop.nl\/pl\/wp-json\/wp\/v2\/product_brand?post=37189"},{"taxonomy":"product_cat","embeddable":true,"href":"https:\/\/www.headshop.nl\/pl\/wp-json\/wp\/v2\/product_cat?post=37189"},{"taxonomy":"product_tag","embeddable":true,"href":"https:\/\/www.headshop.nl\/pl\/wp-json\/wp\/v2\/product_tag?post=37189"}],"curies":[{"name":"wp","href":"https:\/\/api.w.org\/{rel}","templated":true}]}}