{"id":37186,"date":"2021-09-28T10:53:02","date_gmt":"2021-09-28T10:53:02","guid":{"rendered":"https:\/\/www.headshop.nl\/?post_type=product&#038;p=37186"},"modified":"2022-06-27T08:06:35","modified_gmt":"2022-06-27T08:06:35","slug":"venicon-for-men","status":"publish","type":"product","link":"https:\/\/www.headshop.nl\/pl\/venicon-for-men\/","title":{"rendered":"Venicon dla Men"},"content":{"rendered":"<h2 class=\"product_title entry-title\">Venicon Sex Pills dla Men<\/h2>\n<p>Szukasz bezreceptowego sposobu na utrzymanie erekcji, kt\u00f3ra trwa d\u0142u\u017cej? Czy potrzeba wi\u0119cej ni\u017c jednego poci\u0105gni\u0119cia ulubionym lubrykantem, zanim b\u0119dziesz gotowy do kolejnego pchni\u0119cia? Potrzebujesz delikatnej pomocy w zakresie poprawy libido? Ta nowa formu\u0142a mo\u017ce by\u0107 dok\u0142adnie tym, czego potrzebujesz. Ta pot\u0119\u017cna mieszanka zwi\u0119kszy twoje podniecenie, zapewniaj\u0105c jednocze\u015bnie zdolno\u015b\u0107 do utrzymania erekcji podczas ka\u017cdego spotkania seksualnego.<\/p>\n<p>Dzi\u0119ki zaawansowanej mieszance sk\u0142adnik\u00f3w, Venicon for Men jest jedynym \u0142atwo dost\u0119pnym sposobem na radykalne zwi\u0119kszenie apetytu seksualnego i wydajno\u015bci. Jest to ca\u0142kowicie naturalna i bezpieczna formu\u0142a, kt\u00f3ra stymuluje przep\u0142yw krwi, pomaga g\u0142\u0119biej si\u0119 zrelaksowa\u0107, rozszerza naczynia obwodowe, aby zapobiec przedwczesnemu wytryskowi, jednocze\u015bnie zwi\u0119kszaj\u0105c przyjemno\u015b\u0107 podczas seksu.<\/p>","protected":false},"excerpt":{"rendered":"<p>Je\u015bli szukasz bezreceptowego lekarstwa na problemy z erekcj\u0105 i libido, nie szukaj dalej ni\u017c Venicon. Ta unikalna opatentowana formu\u0142a stymuluje przep\u0142yw krwi i pozwala u\u017cytkownikom d\u0142u\u017cej wytrzyma\u0107 podczas seksu. Niech dzika noc zacznie si\u0119 ju\u017c teraz!<\/p>","protected":false},"featured_media":37167,"template":"","meta":[],"product_brand":[],"product_cat":[395,297,705,384],"product_tag":[],"class_list":{"0":"post-37186","1":"product","2":"type-product","3":"status-publish","4":"has-post-thumbnail","6":"product_cat-aphrodisiacs","7":"product_cat-all-products","8":"product_cat-sex-shop","9":"product_cat-smartshop","11":"first","12":"instock","13":"taxable","14":"shipping-taxable","15":"purchasable","16":"product-type-simple"},"_links":{"self":[{"href":"https:\/\/www.headshop.nl\/pl\/wp-json\/wp\/v2\/product\/37186","targetHints":{"allow":["GET"]}}],"collection":[{"href":"https:\/\/www.headshop.nl\/pl\/wp-json\/wp\/v2\/product"}],"about":[{"href":"https:\/\/www.headshop.nl\/pl\/wp-json\/wp\/v2\/types\/product"}],"wp:featuredmedia":[{"embeddable":true,"href":"https:\/\/www.headshop.nl\/pl\/wp-json\/wp\/v2\/media\/37167"}],"wp:attachment":[{"href":"https:\/\/www.headshop.nl\/pl\/wp-json\/wp\/v2\/media?parent=37186"}],"wp:term":[{"taxonomy":"product_brand","embeddable":true,"href":"https:\/\/www.headshop.nl\/pl\/wp-json\/wp\/v2\/product_brand?post=37186"},{"taxonomy":"product_cat","embeddable":true,"href":"https:\/\/www.headshop.nl\/pl\/wp-json\/wp\/v2\/product_cat?post=37186"},{"taxonomy":"product_tag","embeddable":true,"href":"https:\/\/www.headshop.nl\/pl\/wp-json\/wp\/v2\/product_tag?post=37186"}],"curies":[{"name":"wp","href":"https:\/\/api.w.org\/{rel}","templated":true}]}}